{"id":1836,"date":"2020-02-10T13:04:31","date_gmt":"2020-02-10T12:04:31","guid":{"rendered":"https:\/\/chronoinstitut.org\/?page_id=1836"},"modified":"2025-11-03T20:41:44","modified_gmt":"2025-11-03T19:41:44","slug":"course-in-the-practice-of-regulatory-analysis-hrv","status":"publish","type":"page","link":"http:\/\/salutologie.org\/en\/academy\/course-in-the-practice-of-regulatory-analysis-hrv\/?lang=en","title":{"rendered":"Course in the Practice of Regulatory Analysis (HRV)"},"content":{"rendered":"<section class=\"wpb-content-wrapper\"><div class=\"block-area stripe wpb_row default vc_row-fluid\" style=\"padding-top: 40px;padding-bottom: 0px;background-color: #ffffff;\"><div class=\"container clearfix\">\n\t<div class=\"vc_col-sm-12 wpb_column column_container\" style=\"\">\n\t\t<div class=\"wpb_wrapper\">\n\t\t\t\n\t<div class=\"wpb_text_column wpb_content_element\">\n\t\t<div class=\"wpb_wrapper\">\n\t\t\t<h1 style=\"text-align: left;\">Course in the Practice of Regulatory Analysis (HRV)<\/h1>\n\n\t\t<\/div> \n\t<\/div> <div class=\"gap\" style=\"line-height: 20px; height: 20px;\"><\/div>\n\t<div class=\"wpb_single_image_wrapper center\"><div class=\"wpb_single_image wpb_content_element\">\n\t\t<div class=\"wpb_wrapper\">\n\t\t\t\n\t\t\t<div class=\"single_image_wrapper box-item\"><img class=\"\" src=\"https:\/\/salutologie.org\/wp-content\/uploads\/2022\/04\/Screenshot-2022-04-03-at-07.24.16.png\" width=\"717.5\" height=\"306\" alt=\"Screenshot-2022-04-03-at-07.24.16\" \/><\/div>\n\t\t<\/div> \n\t<\/div><\/div> \n\t\t<\/div> \n\t<\/div> \n<\/div><\/div><div class=\"block-area stripe wpb_row default vc_row-fluid\" style=\"padding-top: 50px;\"><div class=\"container clearfix\">\n\t<div class=\"vc_col-sm-6 wpb_column column_container\" style=\"\">\n\t\t<div class=\"wpb_wrapper\">\n\t\t\t\n\t<div class=\"wpb_text_column wpb_content_element\">\n\t\t<div class=\"wpb_wrapper\">\n\t\t\t<table width=\"574\">\n<tbody>\n<tr>\n<td width=\"209\">Institution<\/td>\n<td width=\"365\"><strong>University for Salutology i. f.<\/strong><\/td>\n<\/tr>\n<tr>\n<td width=\"209\">Department<\/td>\n<td width=\"365\"><strong>Academy for Continuing Education<\/strong><\/td>\n<\/tr>\n<tr>\n<td width=\"209\">Dates<\/td>\n<td width=\"365\"><strong>Course A: TBD, Course B: TBD, Course C: TBD<\/strong><\/td>\n<\/tr>\n<tr>\n<td width=\"209\">Online information evening<\/td>\n<td width=\"365\"><strong>Dates to be announced<\/strong><\/td>\n<\/tr>\n<tr>\n<td width=\"209\">Qualification<\/td>\n<td width=\"365\"><strong>Teilnahmebest\u00e4tigung<\/strong><\/td>\n<\/tr>\n<tr>\n<td width=\"209\">Scope<\/td>\n<td width=\"365\"><strong>\u00a06 teaching units<\/strong><\/td>\n<\/tr>\n<\/tbody>\n<\/table>\n\n\t\t<\/div> \n\t<\/div> \n\t\t<\/div> \n\t<\/div> \n\n\t<div class=\"vc_col-sm-6 wpb_column column_container\" style=\"\">\n\t\t<div class=\"wpb_wrapper\">\n\t\t\t\n\t<div class=\"wpb_text_column wpb_content_element\">\n\t\t<div class=\"wpb_wrapper\">\n\t\t\t<table width=\"574\">\n<tbody>\n<tr>\n<td width=\"209\">Program Director<\/td>\n<td width=\"365\"><strong>Dr. Peter Hauschild<\/strong><\/td>\n<\/tr>\n<tr>\n<td width=\"209\">Type of Program<\/td>\n<td width=\"365\"><strong>Online sessions<\/strong><\/td>\n<\/tr>\n<tr>\n<td width=\"209\">Program Fee<\/td>\n<td width=\"365\"><strong>\u20ac 690,- <\/strong><\/td>\n<\/tr>\n<tr>\n<td width=\"209\">Language of Instruction<\/td>\n<td width=\"365\"><strong>Deutsch<\/strong><\/td>\n<\/tr>\n<tr>\n<td width=\"209\">Registration deadline<\/td>\n<td width=\"365\"><strong>06.12.2025<\/strong><\/td>\n<\/tr>\n<\/tbody>\n<\/table>\n\n\t\t<\/div> \n\t<\/div> \n\t\t<\/div> \n\t<\/div> \n<\/div><\/div><div class=\"block-area stripe wpb_row default with-border vc_row-fluid\"><div class=\"container clearfix\">\n\t<div class=\"vc_col-sm-12 wpb_column column_container\" style=\"\">\n\t\t<div class=\"wpb_wrapper\">\n\t\t\t<div class=\"vc_tta-container\" data-vc-action=\"collapseAll\"><div class=\"vc_general vc_tta vc_tta-accordion vc_tta-color-white vc_tta-style-modern vc_tta-shape-rounded vc_tta-o-shape-group vc_tta-controls-align-left vc_tta-o-no-fill vc_tta-o-all-clickable\"><div class=\"vc_tta-panels-container\"><div class=\"vc_tta-panels\"><div class=\"vc_tta-panel vc_active\" id=\"1754493143023-ca55d04e-b0f3\" data-vc-content=\".vc_tta-panel-body\"><div class=\"vc_tta-panel-heading\"><h4 class=\"vc_tta-panel-title vc_tta-controls-icon-position-left\"><a href=\"#1754493143023-ca55d04e-b0f3\" data-vc-accordion data-vc-container=\".vc_tta-container\"><span class=\"vc_tta-title-text\">Progeram Contents<\/span><i class=\"vc_tta-controls-icon vc_tta-controls-icon-plus\"><\/i><\/a><\/h4><\/div><div class=\"vc_tta-panel-body\">\n\t<div class=\"wpb_text_column wpb_content_element\">\n\t\t<div class=\"wpb_wrapper\">\n\t\t\t<p data-start=\"0\" data-end=\"218\">The Regulatory Analysis is an analytical method within the field of Salutology.<br data-start=\"87\" data-end=\"90\" \/>In this three-part course, you will learn the fundamentals, practical application, and therapeutic use of Regulatory Analysis.<\/p>\n<p data-start=\"220\" data-end=\"462\">Based on the measurement of heart rate variability (HRV) and the analysis of the autonomic nervous system, this method provides profound insights into a person\u2019s state of health. Learn how to apply Regulatory Analysis in practice.<\/p>\n<p data-start=\"464\" data-end=\"722\" data-is-last-node=\"\" data-is-only-node=\"\">By analyzing the autonomic nervous system, physical and psychological imbalances such as burnout, depression, or sleep disorders can be detected at an early stage, treated with appropriate methods, or successfully prevented through targeted intervention.<\/p>\n\n\t\t<\/div> \n\t<\/div> <\/div><\/div><div class=\"vc_tta-panel\" id=\"1754493143033-f837a0f4-a93a\" data-vc-content=\".vc_tta-panel-body\"><div class=\"vc_tta-panel-heading\"><h4 class=\"vc_tta-panel-title vc_tta-controls-icon-position-left\"><a href=\"#1754493143033-f837a0f4-a93a\" data-vc-accordion data-vc-container=\".vc_tta-container\"><span class=\"vc_tta-title-text\">Key Topics<\/span><i class=\"vc_tta-controls-icon vc_tta-controls-icon-plus\"><\/i><\/a><\/h4><\/div><div class=\"vc_tta-panel-body\">\n\t<div class=\"wpb_text_column wpb_content_element\">\n\t\t<div class=\"wpb_wrapper\">\n\t\t\t<ul>\n<li>The Autonomic Nervous System<\/li>\n<li>The Polyvagal Theory<\/li>\n<li>Heart Rate Variability Analysis<\/li>\n<li>Regulatory Analysis as an Early Warning System<\/li>\n<li>Exercises and Evaluations<\/li>\n<\/ul>\n\n\t\t<\/div> \n\t<\/div> <\/div><\/div><div class=\"vc_tta-panel\" id=\"1754506253429-d593de69-a11b\" data-vc-content=\".vc_tta-panel-body\"><div class=\"vc_tta-panel-heading\"><h4 class=\"vc_tta-panel-title vc_tta-controls-icon-position-left\"><a href=\"#1754506253429-d593de69-a11b\" data-vc-accordion data-vc-container=\".vc_tta-container\"><span class=\"vc_tta-title-text\">Learning Outcomes<\/span><i class=\"vc_tta-controls-icon vc_tta-controls-icon-plus\"><\/i><\/a><\/h4><\/div><div class=\"vc_tta-panel-body\">\n\t<div class=\"wpb_text_column wpb_content_element\">\n\t\t<div class=\"wpb_wrapper\">\n\t\t\t<p>The seminar explains the specific features of Regulatory Analysis and highlights its benefits for maintaining health. Participants will learn to understand and apply the HRV method in practice.<\/p>\n\n\t\t<\/div> \n\t<\/div> <\/div><\/div><div class=\"vc_tta-panel\" id=\"1754506282243-3d7d0ce8-e1b2\" data-vc-content=\".vc_tta-panel-body\"><div class=\"vc_tta-panel-heading\"><h4 class=\"vc_tta-panel-title vc_tta-controls-icon-position-left\"><a href=\"#1754506282243-3d7d0ce8-e1b2\" data-vc-accordion data-vc-container=\".vc_tta-container\"><span class=\"vc_tta-title-text\">Teaching Method<\/span><i class=\"vc_tta-controls-icon vc_tta-controls-icon-plus\"><\/i><\/a><\/h4><\/div><div class=\"vc_tta-panel-body\">\n\t<div class=\"wpb_text_column wpb_content_element\">\n\t\t<div class=\"wpb_wrapper\">\n\t\t\t<p>Online sessions<\/p>\n\n\t\t<\/div> \n\t<\/div> <\/div><\/div><div class=\"vc_tta-panel\" id=\"1754506317490-ccdc4199-cb57\" data-vc-content=\".vc_tta-panel-body\"><div class=\"vc_tta-panel-heading\"><h4 class=\"vc_tta-panel-title vc_tta-controls-icon-position-left\"><a href=\"#1754506317490-ccdc4199-cb57\" data-vc-accordion data-vc-container=\".vc_tta-container\"><span class=\"vc_tta-title-text\">Final Certification<\/span><i class=\"vc_tta-controls-icon vc_tta-controls-icon-plus\"><\/i><\/a><\/h4><\/div><div class=\"vc_tta-panel-body\">\n\t<div class=\"wpb_text_column wpb_content_element\">\n\t\t<div class=\"wpb_wrapper\">\n\t\t\t<p>Certificate of Attendance issued after each module.<br \/>\nCertificate awarded upon completion of the entire course.<\/p>\n\n\t\t<\/div> \n\t<\/div> <\/div><\/div><div class=\"vc_tta-panel\" id=\"1754506345787-dc043de6-447a\" data-vc-content=\".vc_tta-panel-body\"><div class=\"vc_tta-panel-heading\"><h4 class=\"vc_tta-panel-title vc_tta-controls-icon-position-left\"><a href=\"#1754506345787-dc043de6-447a\" data-vc-accordion data-vc-container=\".vc_tta-container\"><span class=\"vc_tta-title-text\">Target Group<\/span><i class=\"vc_tta-controls-icon vc_tta-controls-icon-plus\"><\/i><\/a><\/h4><\/div><div class=\"vc_tta-panel-body\">\n\t<div class=\"wpb_text_column wpb_content_element\">\n\t\t<div class=\"wpb_wrapper\">\n\t\t\t<p>This seminar is designed for psychologists, psychotherapists, medical doctors, educators, social workers, nursing staff, physicians, and students of related disciplines.<\/p>\n\n\t\t<\/div> \n\t<\/div> <\/div><\/div><div class=\"vc_tta-panel\" id=\"1754506378069-41543be0-e699\" data-vc-content=\".vc_tta-panel-body\"><div class=\"vc_tta-panel-heading\"><h4 class=\"vc_tta-panel-title vc_tta-controls-icon-position-left\"><a href=\"#1754506378069-41543be0-e699\" data-vc-accordion data-vc-container=\".vc_tta-container\"><span class=\"vc_tta-title-text\">Lecturer<\/span><i class=\"vc_tta-controls-icon vc_tta-controls-icon-plus\"><\/i><\/a><\/h4><\/div><div class=\"vc_tta-panel-body\">\n\t<div class=\"wpb_text_column wpb_content_element\">\n\t\t<div class=\"wpb_wrapper\">\n\t\t\t<p><strong>MMag. Dr. Peter Hauschild<\/strong><\/p>\n<ul>\n<li>Doctor of Psychotherapy Sciences<\/li>\n<li>Economist, Psychologist,<\/li>\n<li>Salutologist<\/li>\n<\/ul>\n<p><strong>Areas of Focus:<\/strong><\/p>\n<ul>\n<li>Salutology, Psychology, Regulation Analysis, developer of the <em data-start=\"193\" data-end=\"209\" data-is-only-node=\"\">Health Account<\/em> and the <em data-start=\"218\" data-end=\"255\">HeartBalance HRV measurement device<\/em><\/li>\n<li>Founder and Director of the <em data-start=\"286\" data-end=\"312\">Institute for Salutology<\/em>, Vienna<\/li>\n<li>Developer and founder of <em data-start=\"348\" data-end=\"360\">Salutology<\/em><\/li>\n<li>Initiator of the <em data-start=\"380\" data-end=\"415\" data-is-last-node=\"\">Private University for Salutology<\/em><\/li>\n<\/ul>\n\n\t\t<\/div> \n\t<\/div> <\/div><\/div><\/div><\/div><\/div><\/div>\n\t\t<\/div> \n\t<\/div> \n<\/div><\/div><div class=\"block-area stripe wpb_row default vc_row-fluid\"><div class=\"container clearfix\">\n\t<div class=\"vc_col-sm-12 wpb_column column_container\" style=\"\">\n\t\t<div class=\"wpb_wrapper\">\n\t\t\t\n\t<div class=\"wpb_text_column wpb_content_element\">\n\t\t<div class=\"wpb_wrapper\">\n\t\t\t<h1>Registration for Further Information<\/h1>\n<p>Here you can register without obligation for the online information evening and to receive further details. We will contact you personally by email and send you all additional information.<\/p>\n\n<div class=\"wpcf7 no-js\" id=\"wpcf7-f5264-o1\" lang=\"de-DE\" dir=\"ltr\">\n<div class=\"screen-reader-response\"><p role=\"status\" aria-live=\"polite\" aria-atomic=\"true\"><\/p> <ul><\/ul><\/div>\n<form action=\"\/en\/wp-json\/wp\/v2\/pages\/1836#wpcf7-f5264-o1\" method=\"post\" class=\"wpcf7-form init\" aria-label=\"Kontaktformular\" novalidate=\"novalidate\" data-status=\"init\" data-trp-original-action=\"\/en\/wp-json\/wp\/v2\/pages\/1836#wpcf7-f5264-o1\">\n<div style=\"display: none;\">\n<input type=\"hidden\" name=\"_wpcf7\" value=\"5264\" \/>\n<input type=\"hidden\" name=\"_wpcf7_version\" value=\"5.9.8\" \/>\n<input type=\"hidden\" name=\"_wpcf7_locale\" value=\"de_DE\" \/>\n<input type=\"hidden\" name=\"_wpcf7_unit_tag\" value=\"wpcf7-f5264-o1\" \/>\n<input type=\"hidden\" name=\"_wpcf7_container_post\" value=\"0\" \/>\n<input type=\"hidden\" name=\"_wpcf7_posted_data_hash\" value=\"\" \/>\n<\/div>\n<p><label> Anrede<br \/>\n<span class=\"wpcf7-form-control-wrap\" data-name=\"anrede\"><input size=\"40\" maxlength=\"400\" class=\"wpcf7-form-control wpcf7-text\" aria-invalid=\"false\" value=\"\" type=\"text\" name=\"anrede\" \/><\/span> <\/label>\n<\/p>\n<p><label> Titel<br \/>\n<span class=\"wpcf7-form-control-wrap\" data-name=\"titel\"><input size=\"40\" maxlength=\"400\" class=\"wpcf7-form-control wpcf7-text\" aria-invalid=\"false\" value=\"\" type=\"text\" name=\"titel\" \/><\/span> <\/label>\n<\/p>\n<p><label> Vorname*<br \/>\n<span class=\"wpcf7-form-control-wrap\" data-name=\"first-name\"><input size=\"40\" maxlength=\"400\" class=\"wpcf7-form-control wpcf7-text wpcf7-validates-as-required\" aria-required=\"true\" aria-invalid=\"false\" value=\"\" type=\"text\" name=\"first-name\" \/><\/span> <\/label>\n<\/p>\n<p><label> Nachname*<br \/>\n<span class=\"wpcf7-form-control-wrap\" data-name=\"last-name\"><input size=\"40\" maxlength=\"400\" class=\"wpcf7-form-control wpcf7-text wpcf7-validates-as-required\" aria-required=\"true\" aria-invalid=\"false\" value=\"\" type=\"text\" name=\"last-name\" \/><\/span> <\/label>\n<\/p>\n<p><label> E-Mail-Adresse*<br \/>\n<span class=\"wpcf7-form-control-wrap\" data-name=\"your-email\"><input size=\"40\" maxlength=\"400\" class=\"wpcf7-form-control wpcf7-email wpcf7-validates-as-required wpcf7-text wpcf7-validates-as-email\" aria-required=\"true\" aria-invalid=\"false\" value=\"\" type=\"email\" name=\"your-email\" \/><\/span> <\/label>\n<\/p>\n<p><label> Telefonnummer<br \/>\n<span class=\"wpcf7-form-control-wrap\" data-name=\"telefon\"><input size=\"40\" maxlength=\"400\" class=\"wpcf7-form-control wpcf7-text\" aria-invalid=\"false\" value=\"\" type=\"text\" name=\"telefon\" \/><\/span> <\/label>\n<\/p>\n<p><label> Beruf<br \/>\n<span class=\"wpcf7-form-control-wrap\" data-name=\"beruf\"><input size=\"40\" maxlength=\"400\" class=\"wpcf7-form-control wpcf7-text\" aria-invalid=\"false\" value=\"\" type=\"text\" name=\"beruf\" \/><\/span> <\/label>\n<\/p>\n<p><label> Anmerkung<br \/>\n<span class=\"wpcf7-form-control-wrap\" data-name=\"your-message\"><textarea cols=\"40\" rows=\"10\" maxlength=\"2000\" class=\"wpcf7-form-control wpcf7-textarea\" aria-invalid=\"false\" name=\"your-message\"><\/textarea><\/span> <\/label>\n<\/p>\n<p><span class=\"wpcf7-form-control-wrap\" data-name=\"quiz-798\"><label><span class=\"wpcf7-quiz-label\">Bitte gib zur Best\u00e4tigung das Wort Salutologie ein?<\/span> <input size=\"40\" class=\"wpcf7-form-control wpcf7-quiz\" autocomplete=\"off\" aria-required=\"true\" aria-invalid=\"false\" type=\"text\" name=\"quiz-798\" \/><\/label><input type=\"hidden\" name=\"_wpcf7_quiz_answer_quiz-798\" value=\"b9b2fc3b03393d7eb36bb9d4444fc9fb\" \/><\/span>\n<\/p>\n<p><span class=\"wpcf7-form-control-wrap\" data-name=\"acceptance-335\"><span class=\"wpcf7-form-control wpcf7-acceptance\"><span class=\"wpcf7-list-item\"><label><input type=\"checkbox\" name=\"acceptance-335\" value=\"1\" aria-invalid=\"false\" \/><span class=\"wpcf7-list-item-label\">Ich habe die <a href=\"\/en\/datenschutzrichtlinie\/\"> Datenschutzbestimmung<\/a> gelesen und gebe mein Einverst\u00e4ndnis, dass ich per E-Mail von der Universit\u00e4t f\u00fcr Salutologie kontaktiert werde.<\/span><\/label><\/span><\/span><\/span>\n<\/p>\n<p><input class=\"wpcf7-form-control wpcf7-submit has-spinner\" type=\"submit\" value=\"Senden\" \/>\n<\/p><div class=\"wpcf7-response-output\" aria-hidden=\"true\"><\/div>\n<input type=\"hidden\" name=\"trp-form-language\" value=\"en\"\/><\/form>\n<\/div>\n\n\n\t\t<\/div> \n\t<\/div> \n\t\t<\/div> \n\t<\/div> \n<\/div><\/div>\n<\/section>","protected":false},"excerpt":{"rendered":"Course in the Practice of Regulatory Analysis (HRV) Institution University for Salutology i. f. Department Academy for Continuing Education Dates...","protected":false},"author":1,"featured_media":0,"parent":1806,"menu_order":0,"comment_status":"closed","ping_status":"closed","template":"","meta":{"footnotes":""},"yoast_head":"<!-- This site is optimized with the Yoast SEO plugin v22.6 - https:\/\/yoast.com\/wordpress\/plugins\/seo\/ -->\n<title>Course in the Practice of Regulatory Analysis (HRV) | Universit\u00e4t f\u00fcr Salutologie\u00ae<\/title>\n<meta name=\"description\" content=\"Die Regulationsanalyse zeigt, wie das Nervensystem die Gesundheit pr\u00e4gt \u2013 und hilft, Stress fr\u00fch zu erkennen.\" \/>\n<meta name=\"robots\" content=\"index, follow, max-snippet:-1, max-image-preview:large, max-video-preview:-1\" \/>\n<link rel=\"canonical\" href=\"https:\/\/salutologie.org\/en\/academy\/course-in-the-practice-of-regulatory-analysis-hrv\/?lang=en\" \/>\n<meta property=\"og:locale\" content=\"en_GB\" \/>\n<meta property=\"og:type\" content=\"article\" \/>\n<meta property=\"og:title\" content=\"Akademie f\u00fcr Salutologie \u2013 Praxis der Regulationsanalyse Ausbildung | Zertifikat f\u00fcr Beratung &amp; Gesundheit\" \/>\n<meta property=\"og:description\" content=\"Die Regulationsanalyse zeigt, wie das Nervensystem die Gesundheit pr\u00e4gt \u2013 und hilft, Stress fr\u00fch zu erkennen.\" \/>\n<meta property=\"og:url\" content=\"https:\/\/salutologie.org\/en\/academy\/course-in-the-practice-of-regulatory-analysis-hrv\/?lang=en\" \/>\n<meta property=\"og:site_name\" content=\"Universit\u00e4t f\u00fcr Salutologie\u00ae\" \/>\n<meta property=\"article:modified_time\" content=\"2025-11-03T19:41:44+00:00\" \/>\n<meta property=\"og:image\" content=\"https:\/\/salutologie.org\/wp-content\/uploads\/2023\/01\/1.png\" \/>\n\t<meta property=\"og:image:width\" content=\"500\" \/>\n\t<meta property=\"og:image:height\" content=\"500\" \/>\n\t<meta property=\"og:image:type\" content=\"image\/png\" \/>\n<meta name=\"twitter:card\" content=\"summary_large_image\" \/>\n<meta name=\"twitter:label1\" content=\"Estimated reading time\" \/>\n\t<meta name=\"twitter:data1\" content=\"3 minutes\" \/>\n<script type=\"application\/ld+json\" class=\"yoast-schema-graph\">{\"@context\":\"https:\/\/schema.org\",\"@graph\":[{\"@type\":\"WebPage\",\"@id\":\"https:\/\/salutologie.org\/academy\/course-in-the-practice-of-regulatory-analysis-hrv\/?lang=en\",\"url\":\"https:\/\/salutologie.org\/academy\/course-in-the-practice-of-regulatory-analysis-hrv\/?lang=en\",\"name\":\"Course in the Practice of Regulatory Analysis (HRV) | Universit\u00e4t f\u00fcr Salutologie\u00ae\",\"isPartOf\":{\"@id\":\"https:\/\/salutologie.org\/#website\"},\"datePublished\":\"2020-02-10T12:04:31+00:00\",\"dateModified\":\"2025-11-03T19:41:44+00:00\",\"description\":\"Die Regulationsanalyse zeigt, wie das Nervensystem die Gesundheit pr\u00e4gt \u2013 und hilft, Stress fr\u00fch zu erkennen.\",\"breadcrumb\":{\"@id\":\"https:\/\/salutologie.org\/academy\/course-in-the-practice-of-regulatory-analysis-hrv\/?lang=en#breadcrumb\"},\"inLanguage\":\"en-GB\",\"potentialAction\":[{\"@type\":\"ReadAction\",\"target\":[\"https:\/\/salutologie.org\/academy\/course-in-the-practice-of-regulatory-analysis-hrv\/?lang=en\"]}]},{\"@type\":\"BreadcrumbList\",\"@id\":\"https:\/\/salutologie.org\/academy\/course-in-the-practice-of-regulatory-analysis-hrv\/?lang=en#breadcrumb\",\"itemListElement\":[{\"@type\":\"ListItem\",\"position\":1,\"name\":\"Startseite\",\"item\":\"https:\/\/salutologie.org\/\"},{\"@type\":\"ListItem\",\"position\":2,\"name\":\"Academy\",\"item\":\"https:\/\/salutologie.org\/academy\/?lang=en\"},{\"@type\":\"ListItem\",\"position\":3,\"name\":\"Course in the Practice of Regulatory Analysis (HRV)\"}]},{\"@type\":\"WebSite\",\"@id\":\"https:\/\/salutologie.org\/#website\",\"url\":\"https:\/\/salutologie.org\/\",\"name\":\"Universit\u00e4t f\u00fcr Salutologie\u00ae\",\"description\":\"Universit\u00e4t f\u00fcr Salutologie\u00ae\",\"potentialAction\":[{\"@type\":\"SearchAction\",\"target\":{\"@type\":\"EntryPoint\",\"urlTemplate\":\"https:\/\/salutologie.org\/?s={search_term_string}\"},\"query-input\":\"required name=search_term_string\"}],\"inLanguage\":\"en-GB\"}]}<\/script>\n<!-- \/ Yoast SEO plugin. -->","yoast_head_json":{"title":"Course in the Practice of Regulatory Analysis (HRV) | Universit\u00e4t f\u00fcr Salutologie\u00ae","description":"Die Regulationsanalyse zeigt, wie das Nervensystem die Gesundheit pr\u00e4gt \u2013 und hilft, Stress fr\u00fch zu erkennen.","robots":{"index":"index","follow":"follow","max-snippet":"max-snippet:-1","max-image-preview":"max-image-preview:large","max-video-preview":"max-video-preview:-1"},"canonical":"https:\/\/salutologie.org\/en\/academy\/course-in-the-practice-of-regulatory-analysis-hrv\/?lang=en","og_locale":"en_GB","og_type":"article","og_title":"Akademie f\u00fcr Salutologie \u2013 Praxis der Regulationsanalyse Ausbildung | Zertifikat f\u00fcr Beratung & Gesundheit","og_description":"Die Regulationsanalyse zeigt, wie das Nervensystem die Gesundheit pr\u00e4gt \u2013 und hilft, Stress fr\u00fch zu erkennen.","og_url":"https:\/\/salutologie.org\/en\/academy\/course-in-the-practice-of-regulatory-analysis-hrv\/?lang=en","og_site_name":"Universit\u00e4t f\u00fcr Salutologie\u00ae","article_modified_time":"2025-11-03T19:41:44+00:00","og_image":[{"width":500,"height":500,"url":"https:\/\/salutologie.org\/wp-content\/uploads\/2023\/01\/1.png","type":"image\/png"}],"twitter_card":"summary_large_image","twitter_misc":{"Estimated reading time":"3 minutes"},"schema":{"@context":"https:\/\/schema.org","@graph":[{"@type":"WebPage","@id":"https:\/\/salutologie.org\/academy\/course-in-the-practice-of-regulatory-analysis-hrv\/?lang=en","url":"https:\/\/salutologie.org\/academy\/course-in-the-practice-of-regulatory-analysis-hrv\/?lang=en","name":"Course in the Practice of Regulatory Analysis (HRV) | Universit\u00e4t f\u00fcr Salutologie\u00ae","isPartOf":{"@id":"https:\/\/salutologie.org\/#website"},"datePublished":"2020-02-10T12:04:31+00:00","dateModified":"2025-11-03T19:41:44+00:00","description":"Die Regulationsanalyse zeigt, wie das Nervensystem die Gesundheit pr\u00e4gt \u2013 und hilft, Stress fr\u00fch zu erkennen.","breadcrumb":{"@id":"https:\/\/salutologie.org\/academy\/course-in-the-practice-of-regulatory-analysis-hrv\/?lang=en#breadcrumb"},"inLanguage":"en-GB","potentialAction":[{"@type":"ReadAction","target":["https:\/\/salutologie.org\/academy\/course-in-the-practice-of-regulatory-analysis-hrv\/?lang=en"]}]},{"@type":"BreadcrumbList","@id":"https:\/\/salutologie.org\/academy\/course-in-the-practice-of-regulatory-analysis-hrv\/?lang=en#breadcrumb","itemListElement":[{"@type":"ListItem","position":1,"name":"Startseite","item":"https:\/\/salutologie.org\/"},{"@type":"ListItem","position":2,"name":"Academy","item":"https:\/\/salutologie.org\/academy\/?lang=en"},{"@type":"ListItem","position":3,"name":"Course in the Practice of Regulatory Analysis (HRV)"}]},{"@type":"WebSite","@id":"https:\/\/salutologie.org\/#website","url":"https:\/\/salutologie.org\/","name":"Universit\u00e4t f\u00fcr Salutologie\u00ae","description":"Universit\u00e4t f\u00fcr Salutologie\u00ae","potentialAction":[{"@type":"SearchAction","target":{"@type":"EntryPoint","urlTemplate":"https:\/\/salutologie.org\/?s={search_term_string}"},"query-input":"required name=search_term_string"}],"inLanguage":"en-GB"}]}},"_links":{"self":[{"href":"http:\/\/salutologie.org\/en\/wp-json\/wp\/v2\/pages\/1836"}],"collection":[{"href":"http:\/\/salutologie.org\/en\/wp-json\/wp\/v2\/pages"}],"about":[{"href":"http:\/\/salutologie.org\/en\/wp-json\/wp\/v2\/types\/page"}],"author":[{"embeddable":true,"href":"http:\/\/salutologie.org\/en\/wp-json\/wp\/v2\/users\/1"}],"replies":[{"embeddable":true,"href":"http:\/\/salutologie.org\/en\/wp-json\/wp\/v2\/comments?post=1836"}],"version-history":[{"count":17,"href":"http:\/\/salutologie.org\/en\/wp-json\/wp\/v2\/pages\/1836\/revisions"}],"predecessor-version":[{"id":5631,"href":"http:\/\/salutologie.org\/en\/wp-json\/wp\/v2\/pages\/1836\/revisions\/5631"}],"up":[{"embeddable":true,"href":"http:\/\/salutologie.org\/en\/wp-json\/wp\/v2\/pages\/1806"}],"wp:attachment":[{"href":"http:\/\/salutologie.org\/en\/wp-json\/wp\/v2\/media?parent=1836"}],"curies":[{"name":"wp","href":"https:\/\/api.w.org\/{rel}","templated":true}]}}