{"id":1856,"date":"2020-05-22T20:29:36","date_gmt":"2020-05-22T18:29:36","guid":{"rendered":"https:\/\/chronoinstitut.org\/?page_id=1856"},"modified":"2025-08-06T20:41:22","modified_gmt":"2025-08-06T18:41:22","slug":"partners","status":"publish","type":"page","link":"http:\/\/salutologie.org\/en\/partners\/?lang=en","title":{"rendered":"Partners"},"content":{"rendered":"<section class=\"wpb-content-wrapper\"><div class=\"block-area stripe wpb_row default with-border vc_row-fluid\" style=\"padding-top: 0px;padding-bottom: 0px;\"><div class=\"container clearfix\">\n\t<div class=\"vc_col-sm-12 wpb_column column_container\" style=\"\">\n\t\t<div class=\"wpb_wrapper\">\n\t\t\t\n\t\t<\/div> \n\t<\/div> \n<\/div><\/div><div class=\"block-area stripe wpb_row default with-border vc_row-fluid\"><div class=\"container clearfix\">\n\t<div class=\"vc_col-sm-6 wpb_column column_container\" style=\"\">\n\t\t<div class=\"wpb_wrapper\">\n\t\t\t\n\t<div class=\"wpb_text_column wpb_content_element\">\n\t\t<div class=\"wpb_wrapper\">\n\t\t\t<h4 style=\"text-align: left;\">Research Partners<\/h4>\n<p>&nbsp;<\/p>\n<p><a href=\"https:\/\/www.kfh.de\/\" target=\"_blank\" rel=\"noopener noreferrer\"><strong>Department of Nephrology at the St. Georg Hospital<\/strong> <\/a><\/p>\n<p>The Department of Nephrology with the Interdisciplinary Renal Center and the cooperating Board of Trustees for Dialysis (KfH) at the St. Georg Clinic in Leipzig is a specialized institution for the cross-sectoral care (inpatient and outpatient) of patients with kidney and hypertension diseases.<\/p>\n<p>&nbsp;<\/p>\n<p><a href=\"https:\/\/nutrition.univie.ac.at\/forschung\/arbeitsgruppe-haslberger-doz-dr-alexander-haslberger\/\" target=\"_blank\" rel=\"noopener noreferrer\"><strong>Department of Nutritional Sciences Vienna<\/strong><\/a><\/p>\n<p>The working group around Doz. Dr. Haslberger at the University of Vienna deals with a variety of topics related to nutritional science.<\/p>\n<p>&nbsp;<\/p>\n<p><a href=\"https:\/\/www.jku.at\/forschungsinstitut-fuer-bankwesen\/\" target=\"_blank\" rel=\"noopener noreferrer\"><strong>Research Institute for Banking<\/strong><\/a><\/p>\n<p>The Research Institute for Banking at the Johannes Kepler University in Linz primarily stands for research activities in the fields of economics and business administration in the entire banking sector. A very important pillar of this is an applied research orientation.<\/p>\n<p>&nbsp;<\/p>\n<p><a href=\"http:\/\/www.iswf.at\/de\/aktuelles\/\" target=\"_blank\" rel=\"noopener noreferrer\"><strong>Institute for Sleep &amp; Waking Research<\/strong><\/a><\/p>\n<p>The Institute for Sleep &amp; Waking Research in Vienna around Ass.-Prof. Priv.-Doz. Dr. Stefan Seidel, Univ.-Prof. DDr. Josef Zeitlhofer, Dr. Doris Moser and Gerhard Kl\u00f6sch, MPH deals with phenomena like sleep, vigilance, wakefulness and dreams.<\/p>\n<p>&nbsp;<\/p>\n<p><a href=\"https:\/\/www.fxmayr.com\/de\/home.aspx\" target=\"_blank\" rel=\"noopener noreferrer\"><strong>International Society of Mayr<\/strong> <\/a><\/p>\n<p>The International Society of Mayr Doctors represents, disseminates and teaches worldwide the diagnosis and therapy according to Dr. med. Mayr.<\/p>\n<p>&nbsp;<\/p>\n<p><a href=\"https:\/\/www.karl-landsteiner.at\/institute-traditionelle-medizin.html\" target=\"_blank\" rel=\"noopener noreferrer\"><strong>Karl Landsteiner Institute for Traditional Medicine and Salutogenesis<\/strong><\/a><\/p>\n<p>The Institute for TM works on an interactive dialogue and scientific bridge building between Traditional European and Chinese Medicine to bring knowledge together and to conduct joint research with the aim to intensify scientific work. <a href=\"https:\/\/chronopsychologie.org\/wp-content\/uploads\/2020\/02\/Landsteiner_Marktl.pdf\" target=\"_blank\" rel=\"noopener noreferrer\">Learn more (DE).<\/a><\/p>\n\n\t\t<\/div> \n\t<\/div> \n\t\t<\/div> \n\t<\/div> \n\n\t<div class=\"vc_col-sm-6 wpb_column column_container\" style=\"\">\n\t\t<div class=\"wpb_wrapper\">\n\t\t\t<div class=\"gap\" style=\"line-height: 90px; height: 90px;\"><\/div>\n\t<div class=\"wpb_text_column wpb_content_element\">\n\t\t<div class=\"wpb_wrapper\">\n\t\t\t<p><a href=\"https:\/\/www.radsportverband.at\/\" target=\"_blank\" rel=\"noopener noreferrer\"><strong>Austrian Cycling Federation<\/strong><\/a><\/p>\n<p>The \u00d6RV was founded in 1973. The federation holds national championships in road and track cycling as well as championships in mountain biking, BMX, cross country racing and paracycling.<\/p>\n<p>&nbsp;<\/p>\n<p><a href=\"https:\/\/www.golf.at\/sport\/\" target=\"_blank\" rel=\"noopener noreferrer\"><strong>\u00d6sterreichischer Golfverband<\/strong><\/a><\/p>\n<p>Zu den Aufgaben des \u00d6GV z\u00e4hlt, den Golfsport in seinen unterschiedlichen Facetten bestm\u00f6glich zu f\u00f6rdern. Sowohl f\u00fcr den Breitensport als auch f\u00fcr den Spitzensport werden eine Vielzahl an Ma\u00dfnahmen gesetzt.<\/p>\n<p>&nbsp;<\/p>\n<p><a href=\"https:\/\/www.golf.at\/sport\/\" target=\"_blank\" rel=\"noopener noreferrer\"><strong>Austrian Golf Association<\/strong><\/a><\/p>\n<p>One of the tasks of the \u00d6GV is to promote golf in its various facets in the best possible way. A wide range of measures are taken for both popular and professional sports.<\/p>\n<p>&nbsp;<\/p>\n<p><a href=\"http:\/\/www.preventatwork.at\" target=\"_blank\" rel=\"noopener noreferrer\"><strong>prevent AT work GmbH<\/strong><\/a><\/p>\n<p>The aim of prevent AT work is to maintain the ability to work through high quality services. The focus is interdisciplinary and holistic due to the expertise of all disciplines from occupational medicine, psychology, safety engineering to sports and nutrition science.<\/p>\n<p>&nbsp;<\/p>\n<p><a href=\"https:\/\/www.sfu-berlin.de\/de\/\" target=\"_blank\" rel=\"noopener noreferrer\"><strong>Sigmund Freud PrivateUniversity<\/strong><\/a><\/p>\n<p>Sigmund Freud Private University (SFU) is a private university accredited under Austrian law since 2005 and has branches in Vienna, Linz, Paris, Berlin, Milan and Ljubljana. The range of courses includes psychotherapy science, psychology, media and digital journalism as well as university courses.<\/p>\n<p>&nbsp;<\/p>\n<p><a href=\"https:\/\/www.meduniwien.ac.at\/web\/ueber-uns\/organisation\/medizinisch-theoretische-einrichtungen\/zentrum-fuer-medizinische-statistik-informatik-und-intelligente-systeme\/\" target=\"_blank\" rel=\"noopener noreferrer\"><strong>Center for Medical Statistics Vienna<\/strong><\/a><\/p>\n<p>CeMSIIS, the Center for Medical Statistics, Informatics and Intelligent Systems, opens up quantitative and methodological research areas in medicine and life sciences at the Medical University of Vienna.<\/p>\n\n\t\t<\/div> \n\t<\/div> \n\t\t<\/div> \n\t<\/div> \n<\/div><\/div><div class=\"block-area stripe wpb_row default with-border vc_row-fluid\"><div class=\"container clearfix\">\n\t<div class=\"vc_col-sm-6 wpb_column column_container\" style=\"\">\n\t\t<div class=\"wpb_wrapper\">\n\t\t\t\n\t<div class=\"wpb_text_column wpb_content_element\">\n\t\t<div class=\"wpb_wrapper\">\n\t\t\t<h4 style=\"text-align: left;\">Organisations<\/h4>\n<h4 style=\"text-align: left;\"><\/h4>\n<p id=\"title-text\" class=\"sc-eLExRp eHiKAk\" style=\"text-align: left;\" data-test-id=\"title-text\"><a href=\"https:\/\/www.cdge.org\/?lang=en\" target=\"_blank\" rel=\"noopener noreferrer\"><strong>The Diplomatic Circle of Geneva<\/strong><\/a><\/p>\n<p style=\"text-align: left;\" data-test-id=\"title-text\">The Diplomatic Cercle of Geneva is an international association whose purpose is to establish and promote privileged links between representatives of the diplomatic world and those of civil society.<\/p>\n\n\t\t<\/div> \n\t<\/div> \n\t\t<\/div> \n\t<\/div> \n\n\t<div class=\"vc_col-sm-6 wpb_column column_container\" style=\"\">\n\t\t<div class=\"wpb_wrapper\">\n\t\t\t<div class=\"gap\" style=\"line-height: 70px; height: 70px;\"><\/div>\n\t<div class=\"wpb_text_column wpb_content_element\">\n\t\t<div class=\"wpb_wrapper\">\n\t\t\t<p id=\"title-text\" class=\"sc-bHwgHz YeZMZ\" data-test-id=\"title-text\"><a href=\"https:\/\/bringhopefoundation.org\/\" target=\"_blank\" rel=\"noopener noreferrer\"><strong>Bring Hope Humanitarian Foundation<\/strong> <\/a><\/p>\n<p data-pm-slice=\"1 1 &#091;&#093;\">Bring Hope Humanitarian Foundation works to alleviate the suffering of those affected by war and poverty by providing medicine, hygiene products, and projects to bring hope back to their lives.<\/p>\n\n\t\t<\/div> \n\t<\/div> \n\t\t<\/div> \n\t<\/div> \n<\/div><\/div><div class=\"block-area stripe wpb_row default with-border vc_row-fluid\"><div class=\"container clearfix\">\n\t<div class=\"vc_col-sm-6 wpb_column column_container\" style=\"\">\n\t\t<div class=\"wpb_wrapper\">\n\t\t\t\n\t<div class=\"wpb_text_column wpb_content_element\">\n\t\t<div class=\"wpb_wrapper\">\n\t\t\t<h4 style=\"text-align: left;\">Technology Partners<\/h4>\n<p>&nbsp;<\/p>\n<p><strong><a href=\"http:\/\/www.biovis-diagnostik.eu\/de\/\" target=\"_blank\" rel=\"noopener noreferrer\">BIOVIS GmbH<\/a><\/strong><\/p>\n<p>Biovis is a laboratory for diagnostics, therapy and individual findings. The focus is on stool diagnostics, clarification of food intolerances, oxidative stress or immune deficiencies.<\/p>\n<p>&nbsp;<\/p>\n<p><a href=\"https:\/\/genogyn.de\/\" target=\"_blank\" rel=\"noopener noreferrer\"><strong>GenoGyn &#8211; preventive medicine<\/strong><\/a><\/p>\n<p>GenoGyn is a joint venture of gynaecologists. The aim is to strengthen the economic efficiency and quality through medical training, training in practice and personnel management, etc.<\/p>\n<p>&nbsp;<\/p>\n<p><strong><a href=\"https:\/\/www.golfhouse.at\/\" target=\"_blank\" rel=\"noopener noreferrer\">GolfHouse GmbH &#8211; Wiener Neustadt<\/a><\/strong><\/p>\n<p>The Golf House Wiener Neudorf is a shop for golf equipment and is in close contact with the Austrian Golf Association.<\/p>\n<p>&nbsp;<\/p>\n<p><a href=\"https:\/\/growmetry.com\/App_v3\/index.asp#\" target=\"_blank\" rel=\"noopener noreferrer\"><strong>Growthmetry<\/strong><\/a><\/p>\n<p>For children and adolescents, the biological age may differ from the chronological age by up to two years. Growthmetry has developed a web-based method for estimating the biological age of juniors.<\/p>\n<p style=\"text-align: left;\"><a href=\"http:\/\/www.heartbalance.org\" target=\"_blank\" rel=\"noopener noreferrer\"><strong>HeartBalance Innovations GmbH<\/strong><\/a><\/p>\n<p>With the Konto der Gesundheit and the WAVE 6.0, HeartBalance has developed a digital health measurement and early warning system for physical and mental illnesses.<\/p>\n<p>&nbsp;<\/p>\n<p><a href=\"https:\/\/www.healthbiocare.com\/\" target=\"_blank\" rel=\"noopener noreferrer\"><strong>HealthBioCare GmbH<\/strong><\/a><\/p>\n<p>HealthBioCare deals with the processing of gene interactions. To this end, it has developed Geneometrics\u00ae tools and biohacking concepts for programming top athletes at the cellular level.<\/p>\n\n\t\t<\/div> \n\t<\/div> \n\t\t<\/div> \n\t<\/div> \n\n\t<div class=\"vc_col-sm-6 wpb_column column_container\" style=\"\">\n\t\t<div class=\"wpb_wrapper\">\n\t\t\t<div class=\"gap\" style=\"line-height: 90px; height: 90px;\"><\/div>\n\t<div class=\"wpb_text_column wpb_content_element\">\n\t\t<div class=\"wpb_wrapper\">\n\t\t\t<p><a href=\"https:\/\/maschek.de\/de\/\" target=\"_blank\" rel=\"noopener noreferrer\"><strong>Maschek Elektronik<\/strong><\/a><\/p>\n<p>Maschek Elektronik is a manufacturer of user-friendly measurement technology for control and recording electric and magnetic fields.<\/p>\n<p>&nbsp;<\/p>\n<p><a href=\"https:\/\/www.samina.com\/\" target=\"_blank\" rel=\"noopener noreferrer\"><strong>SAMINA GmbH<\/strong><\/a><\/p>\n<p>Based on the findings of sleep research and sleep medicine, Samina supports the regenerative sleep experience with orthopaedic sleeping systems and bedding made of natural materials.<\/p>\n<p>&nbsp;<\/p>\n<p><a href=\"https:\/\/www.sba-research.org\/\" target=\"_blank\" rel=\"noopener noreferrer\"><strong>SBA Research GmbH<\/strong><\/a><\/p>\n<p>SBA Research is the largest research center in Austria for cyber security from the Vienna University of Technology, the Graz University of Technology, the University of Vienna, the Vienna University of Economics and Business Administration, the AIT Austrian Institute of Technology and the University of Applied Sciences St. P\u00f6lten. The centre is part of the Austrian COMET excellence programme (COMET &#8211; Competence Centres for Excellent Technologies).<\/p>\n<p>&nbsp;<\/p>\n<p><a href=\"http:\/\/www.heartbalance.org\"><strong>SportBalance Innovations GmbH<\/strong><\/a><\/p>\n<p>With the Health Account and the WAVE 6.0, HeartBalance has developed a digital health measurement system for performance diagnostics in fitness, sports and competitive sports.<\/p>\n<p>&nbsp;<\/p>\n<p><a href=\"http:\/\/www.vivisol.at\" target=\"_blank\" rel=\"noopener noreferrer\"><strong>Somnomedics GmbH<\/strong><\/a><\/p>\n<p>VIVISOL is active in home care, health care and medical and nursing treatment of patients at their place of residence.<\/p>\n\n\t\t<\/div> \n\t<\/div> \n\t\t<\/div> \n\t<\/div> \n<\/div><\/div><div class=\"block-area stripe wpb_row default with-border vc_row-fluid\"><div class=\"container clearfix\">\n\t<div class=\"vc_col-sm-6 wpb_column column_container\" style=\"\">\n\t\t<div class=\"wpb_wrapper\">\n\t\t\t\n\t<div class=\"wpb_text_column wpb_content_element\">\n\t\t<div class=\"wpb_wrapper\">\n\t\t\t<h4 style=\"text-align: left;\">Hotels &amp; Clinics<\/h4>\n<p>&nbsp;<\/p>\n<p style=\"text-align: left;\"><a href=\"http:\/\/www.daskurhaus.at\/\" target=\"_blank\" rel=\"noopener noreferrer\"><strong>Das Kurhaus | Bad Gleichenberg<\/strong><\/a><\/p>\n<p style=\"text-align: left;\">The Kurhaus Bad Gleichenberg offers centres that promote well-being and health. Together, they work on health, relaxation and well-being as well as on an active lifestyle.<\/p>\n<p>&nbsp;<\/p>\n<p id=\"title-text\" class=\"sc-bHwgHz YeZMZ\" style=\"text-align: left;\" data-test-id=\"title-text\"><a href=\"https:\/\/www.gezeitenhaus.de\/\" target=\"_blank\" rel=\"noopener noreferrer\"><strong>Gezeiten Haus Gruppe GmbH<\/strong><\/a><\/p>\n<p style=\"text-align: left;\">The Gezeiten Haus paves new paths to health in private specialist hospitals for Psychosomatic Medicine and Traditional Chinese Medicine (TCM).<\/p>\n<p>&nbsp;<\/p>\n<p id=\"title-text\" class=\"sc-bHwgHz YeZMZ\" style=\"text-align: left;\" data-test-id=\"title-text\"><a href=\"https:\/\/www.kurhotel-leonardo.at\/page.asp\/-\/welcome\" target=\"_blank\" rel=\"noopener noreferrer\"><strong>Kurhotel Leonardo GmbH<\/strong><\/a><\/p>\n<p style=\"text-align: left;\">The Kurhotel Leonardo in the Waldviertler Nondorf offers cure, therapy and wellness. For this purpose, there are tailor-made programmes on the subject of preventive health care with medical care, nutritional advice and therapies.<\/p>\n\n\t\t<\/div> \n\t<\/div> \n\t\t<\/div> \n\t<\/div> \n\n\t<div class=\"vc_col-sm-6 wpb_column column_container\" style=\"\">\n\t\t<div class=\"wpb_wrapper\">\n\t\t\t<div class=\"gap\" style=\"line-height: 90px; height: 90px;\"><\/div>\n\t<div class=\"wpb_text_column wpb_content_element\">\n\t\t<div class=\"wpb_wrapper\">\n\t\t\t<p id=\"title-text\" class=\"sc-bHwgHz YeZMZ\" data-test-id=\"title-text\"><a href=\"https:\/\/www.larimarhotel.at\/\" target=\"_blank\" rel=\"noopener noreferrer\"><strong>Larimar | Hotel &#8211; Therme &#8211; Spa<\/strong><\/a><\/p>\n<p>With its thermal baths, wellness and spa facilities, the Hotel Larimar opens up new paths to health. Therapy and treatment methods from all over the world show possibilities to release blockades, to get and stay healthy.<\/p>\n<p>&nbsp;<\/p>\n<p data-test-id=\"title-text\"><strong><a href=\"http:\/\/www.goesing.at\/alpenhotel\/\" target=\"_blank\" rel=\"noopener noreferrer\">Alpenhotel G\u00f6sing<\/a><\/strong><\/p>\n<p data-test-id=\"title-text\">The Alpenhotel G\u00f6sing in the Austrian \u00d6tscher region offers its guests a range of wellness and sports activities as well as theme weeks such as base fasting.<\/p>\n\n\t\t<\/div> \n\t<\/div> \n\t\t<\/div> \n\t<\/div> \n<\/div><\/div>\n<\/section>","protected":false},"excerpt":{"rendered":"Research Partners &nbsp; Department of Nephrology at the St. Georg Hospital The Department of Nephrology with the Interdisciplinary Renal Center...","protected":false},"author":1,"featured_media":0,"parent":0,"menu_order":0,"comment_status":"closed","ping_status":"closed","template":"","meta":{"footnotes":""},"yoast_head":"<!-- This site is optimized with the Yoast SEO plugin v22.6 - https:\/\/yoast.com\/wordpress\/plugins\/seo\/ -->\n<title>Partners - Universit\u00e4t f\u00fcr Salutologie\u00ae<\/title>\n<meta name=\"robots\" content=\"index, follow, max-snippet:-1, max-image-preview:large, max-video-preview:-1\" \/>\n<link rel=\"canonical\" href=\"https:\/\/salutologie.org\/en\/partners\/?lang=en\" \/>\n<meta property=\"og:locale\" content=\"en_GB\" \/>\n<meta property=\"og:type\" content=\"article\" \/>\n<meta property=\"og:title\" content=\"Partners - Universit\u00e4t f\u00fcr Salutologie\u00ae\" \/>\n<meta property=\"og:url\" content=\"https:\/\/salutologie.org\/en\/partners\/?lang=en\" \/>\n<meta property=\"og:site_name\" content=\"Universit\u00e4t f\u00fcr Salutologie\u00ae\" \/>\n<meta property=\"article:modified_time\" content=\"2025-08-06T18:41:22+00:00\" \/>\n<meta name=\"twitter:card\" content=\"summary_large_image\" \/>\n<meta name=\"twitter:label1\" content=\"Estimated reading time\" \/>\n\t<meta name=\"twitter:data1\" content=\"7 minutes\" \/>\n<script type=\"application\/ld+json\" class=\"yoast-schema-graph\">{\"@context\":\"https:\/\/schema.org\",\"@graph\":[{\"@type\":\"WebPage\",\"@id\":\"https:\/\/salutologie.org\/partners\/?lang=en\",\"url\":\"https:\/\/salutologie.org\/partners\/?lang=en\",\"name\":\"Partners - Universit\u00e4t f\u00fcr Salutologie\u00ae\",\"isPartOf\":{\"@id\":\"https:\/\/salutologie.org\/#website\"},\"datePublished\":\"2020-05-22T18:29:36+00:00\",\"dateModified\":\"2025-08-06T18:41:22+00:00\",\"breadcrumb\":{\"@id\":\"https:\/\/salutologie.org\/partners\/?lang=en#breadcrumb\"},\"inLanguage\":\"en-GB\",\"potentialAction\":[{\"@type\":\"ReadAction\",\"target\":[\"https:\/\/salutologie.org\/partners\/?lang=en\"]}]},{\"@type\":\"BreadcrumbList\",\"@id\":\"https:\/\/salutologie.org\/partners\/?lang=en#breadcrumb\",\"itemListElement\":[{\"@type\":\"ListItem\",\"position\":1,\"name\":\"Startseite\",\"item\":\"https:\/\/salutologie.org\/\"},{\"@type\":\"ListItem\",\"position\":2,\"name\":\"Partners\"}]},{\"@type\":\"WebSite\",\"@id\":\"https:\/\/salutologie.org\/#website\",\"url\":\"https:\/\/salutologie.org\/\",\"name\":\"Universit\u00e4t f\u00fcr Salutologie\u00ae\",\"description\":\"Universit\u00e4t f\u00fcr Salutologie\u00ae\",\"potentialAction\":[{\"@type\":\"SearchAction\",\"target\":{\"@type\":\"EntryPoint\",\"urlTemplate\":\"https:\/\/salutologie.org\/?s={search_term_string}\"},\"query-input\":\"required name=search_term_string\"}],\"inLanguage\":\"en-GB\"}]}<\/script>\n<!-- \/ Yoast SEO plugin. -->","yoast_head_json":{"title":"Partners - Universit\u00e4t f\u00fcr Salutologie\u00ae","robots":{"index":"index","follow":"follow","max-snippet":"max-snippet:-1","max-image-preview":"max-image-preview:large","max-video-preview":"max-video-preview:-1"},"canonical":"https:\/\/salutologie.org\/en\/partners\/?lang=en","og_locale":"en_GB","og_type":"article","og_title":"Partners - Universit\u00e4t f\u00fcr Salutologie\u00ae","og_url":"https:\/\/salutologie.org\/en\/partners\/?lang=en","og_site_name":"Universit\u00e4t f\u00fcr Salutologie\u00ae","article_modified_time":"2025-08-06T18:41:22+00:00","twitter_card":"summary_large_image","twitter_misc":{"Estimated reading time":"7 minutes"},"schema":{"@context":"https:\/\/schema.org","@graph":[{"@type":"WebPage","@id":"https:\/\/salutologie.org\/partners\/?lang=en","url":"https:\/\/salutologie.org\/partners\/?lang=en","name":"Partners - Universit\u00e4t f\u00fcr Salutologie\u00ae","isPartOf":{"@id":"https:\/\/salutologie.org\/#website"},"datePublished":"2020-05-22T18:29:36+00:00","dateModified":"2025-08-06T18:41:22+00:00","breadcrumb":{"@id":"https:\/\/salutologie.org\/partners\/?lang=en#breadcrumb"},"inLanguage":"en-GB","potentialAction":[{"@type":"ReadAction","target":["https:\/\/salutologie.org\/partners\/?lang=en"]}]},{"@type":"BreadcrumbList","@id":"https:\/\/salutologie.org\/partners\/?lang=en#breadcrumb","itemListElement":[{"@type":"ListItem","position":1,"name":"Startseite","item":"https:\/\/salutologie.org\/"},{"@type":"ListItem","position":2,"name":"Partners"}]},{"@type":"WebSite","@id":"https:\/\/salutologie.org\/#website","url":"https:\/\/salutologie.org\/","name":"Universit\u00e4t f\u00fcr Salutologie\u00ae","description":"Universit\u00e4t f\u00fcr Salutologie\u00ae","potentialAction":[{"@type":"SearchAction","target":{"@type":"EntryPoint","urlTemplate":"https:\/\/salutologie.org\/?s={search_term_string}"},"query-input":"required name=search_term_string"}],"inLanguage":"en-GB"}]}},"_links":{"self":[{"href":"http:\/\/salutologie.org\/en\/wp-json\/wp\/v2\/pages\/1856"}],"collection":[{"href":"http:\/\/salutologie.org\/en\/wp-json\/wp\/v2\/pages"}],"about":[{"href":"http:\/\/salutologie.org\/en\/wp-json\/wp\/v2\/types\/page"}],"author":[{"embeddable":true,"href":"http:\/\/salutologie.org\/en\/wp-json\/wp\/v2\/users\/1"}],"replies":[{"embeddable":true,"href":"http:\/\/salutologie.org\/en\/wp-json\/wp\/v2\/comments?post=1856"}],"version-history":[{"count":18,"href":"http:\/\/salutologie.org\/en\/wp-json\/wp\/v2\/pages\/1856\/revisions"}],"predecessor-version":[{"id":4507,"href":"http:\/\/salutologie.org\/en\/wp-json\/wp\/v2\/pages\/1856\/revisions\/4507"}],"wp:attachment":[{"href":"http:\/\/salutologie.org\/en\/wp-json\/wp\/v2\/media?parent=1856"}],"curies":[{"name":"wp","href":"https:\/\/api.w.org\/{rel}","templated":true}]}}