{"id":1997,"date":"2020-05-25T14:33:08","date_gmt":"2020-05-25T12:33:08","guid":{"rendered":"https:\/\/chronoinstitut.org\/?page_id=1997"},"modified":"2024-05-16T18:12:02","modified_gmt":"2024-05-16T16:12:02","slug":"impressum","status":"publish","type":"page","link":"http:\/\/salutologie.org\/en\/impressum\/?lang=en","title":{"rendered":"Imprint"},"content":{"rendered":"<section class=\"wpb-content-wrapper\"><div class=\"block-area stripe wpb_row default with-border vc_row-fluid\"><div class=\"container clearfix\">\n\t<div class=\"vc_col-sm-8 wpb_column column_container\" style=\"\">\n\t\t<div class=\"wpb_wrapper\">\n\t\t\t\n\t<div class=\"wpb_text_column wpb_content_element\">\n\t\t<div class=\"wpb_wrapper\">\n\t\t\t<h1>Imprint<\/h1>\n<h2><\/h2>\n<p><strong>Salutologie Betriebs- und Verwaltungs GmbH<\/strong><\/p>\n<p>Nonnenwerth 88<br \/>\n53424 Remagen<br \/>\nDeutschland<\/p>\n<p>&nbsp;<\/p>\n<p><b>Leitung:<\/b><\/p>\n<p>MMag. Dr. Peter Hauschild<\/p>\n<p>&nbsp;<\/p>\n<p><b>Haftung:<\/b><\/p>\n<p>S\u00e4mtliche Texte auf der Homepage des Instituts f\u00fcr Salutologie\u00ae wurden sorgf\u00e4ltig gepr\u00fcft. Dessen ungeachtet kann keine Garantie f\u00fcr die Richtigkeit, Vollst\u00e4ndigkeit und Aktualit\u00e4t der Angaben \u00fcbernommen werden. Eine Haftung des Instituts f\u00fcr Salutologie\u00ae wird daher ausgeschlossen. Die Links zu anderen Webseiten wurden sorgf\u00e4ltig ausgew\u00e4hlt. Da das Institut f\u00fcr Salutologie\u00ae auf deren Inhalt keinen Einfluss hat, \u00fcbernimmt sie daf\u00fcr keine Verantwortung.<\/p>\n<p><b>Copyright:<\/b><\/p>\n<p>Die Urheber- und Nutzungsrechte (Copyright) f\u00fcr Texte, Grafiken, Bilder, Design und Quellcode liegen beim Institut f\u00fcr Salutologie\u00ae. Die Erstellung, Verwendung und Weitergabe von Kopien in elektronischer oder ausgedruckter Form bedarf der Genehmigung.<\/p>\n<p>Das Copyright liegt beim Institut f\u00fcr Salutologie\u00ae bzw. den jeweiligen Autor\/inn\/en der Subseiten.<\/p>\n<p>\u00a9 Universit\u00e4t f\u00fcr Salutologie\u00ae i. Gr. 2024<\/p>\n\n\t\t<\/div> \n\t<\/div> \n\t\t<\/div> \n\t<\/div> \n\n\t<div class=\"vc_col-sm-4 wpb_column column_container\" style=\"\">\n\t\t<div class=\"wpb_wrapper\">\n\t\t\t\n\t\t<\/div> \n\t<\/div> \n<\/div><\/div>\n<\/section>","protected":false},"excerpt":{"rendered":"Imprint Salutologie Betriebs- und Verwaltungs GmbH Nonnenwerth 88 53424 Remagen Deutschland &nbsp; Leitung: MMag. Dr. Peter Hauschild &nbsp; Haftung: S\u00e4mtliche...","protected":false},"author":1,"featured_media":0,"parent":0,"menu_order":0,"comment_status":"closed","ping_status":"closed","template":"","meta":{"footnotes":""},"yoast_head":"<!-- This site is optimized with the Yoast SEO plugin v22.6 - https:\/\/yoast.com\/wordpress\/plugins\/seo\/ -->\n<title>Imprint - Universit\u00e4t f\u00fcr Salutologie\u00ae<\/title>\n<meta name=\"robots\" content=\"index, follow, max-snippet:-1, max-image-preview:large, max-video-preview:-1\" \/>\n<link rel=\"canonical\" href=\"https:\/\/salutologie.org\/en\/impressum\/?lang=en\" \/>\n<meta property=\"og:locale\" content=\"en_GB\" \/>\n<meta property=\"og:type\" content=\"article\" \/>\n<meta property=\"og:title\" content=\"Imprint - Universit\u00e4t f\u00fcr Salutologie\u00ae\" \/>\n<meta property=\"og:url\" content=\"https:\/\/salutologie.org\/en\/impressum\/?lang=en\" \/>\n<meta property=\"og:site_name\" content=\"Universit\u00e4t f\u00fcr Salutologie\u00ae\" \/>\n<meta property=\"article:modified_time\" content=\"2024-05-16T16:12:02+00:00\" \/>\n<meta name=\"twitter:card\" content=\"summary_large_image\" \/>\n<meta name=\"twitter:label1\" content=\"Estimated reading time\" \/>\n\t<meta name=\"twitter:data1\" content=\"1 minute\" \/>\n<script type=\"application\/ld+json\" class=\"yoast-schema-graph\">{\"@context\":\"https:\/\/schema.org\",\"@graph\":[{\"@type\":\"WebPage\",\"@id\":\"https:\/\/salutologie.org\/impressum\/?lang=en\",\"url\":\"https:\/\/salutologie.org\/impressum\/?lang=en\",\"name\":\"Imprint - Universit\u00e4t f\u00fcr Salutologie\u00ae\",\"isPartOf\":{\"@id\":\"https:\/\/salutologie.org\/#website\"},\"datePublished\":\"2020-05-25T12:33:08+00:00\",\"dateModified\":\"2024-05-16T16:12:02+00:00\",\"breadcrumb\":{\"@id\":\"https:\/\/salutologie.org\/impressum\/?lang=en#breadcrumb\"},\"inLanguage\":\"en-GB\",\"potentialAction\":[{\"@type\":\"ReadAction\",\"target\":[\"https:\/\/salutologie.org\/impressum\/?lang=en\"]}]},{\"@type\":\"BreadcrumbList\",\"@id\":\"https:\/\/salutologie.org\/impressum\/?lang=en#breadcrumb\",\"itemListElement\":[{\"@type\":\"ListItem\",\"position\":1,\"name\":\"Startseite\",\"item\":\"https:\/\/salutologie.org\/\"},{\"@type\":\"ListItem\",\"position\":2,\"name\":\"Imprint\"}]},{\"@type\":\"WebSite\",\"@id\":\"https:\/\/salutologie.org\/#website\",\"url\":\"https:\/\/salutologie.org\/\",\"name\":\"Universit\u00e4t f\u00fcr Salutologie\u00ae\",\"description\":\"Universit\u00e4t f\u00fcr Salutologie\u00ae\",\"potentialAction\":[{\"@type\":\"SearchAction\",\"target\":{\"@type\":\"EntryPoint\",\"urlTemplate\":\"https:\/\/salutologie.org\/?s={search_term_string}\"},\"query-input\":\"required name=search_term_string\"}],\"inLanguage\":\"en-GB\"}]}<\/script>\n<!-- \/ Yoast SEO plugin. -->","yoast_head_json":{"title":"Imprint - Universit\u00e4t f\u00fcr Salutologie\u00ae","robots":{"index":"index","follow":"follow","max-snippet":"max-snippet:-1","max-image-preview":"max-image-preview:large","max-video-preview":"max-video-preview:-1"},"canonical":"https:\/\/salutologie.org\/en\/impressum\/?lang=en","og_locale":"en_GB","og_type":"article","og_title":"Imprint - Universit\u00e4t f\u00fcr Salutologie\u00ae","og_url":"https:\/\/salutologie.org\/en\/impressum\/?lang=en","og_site_name":"Universit\u00e4t f\u00fcr Salutologie\u00ae","article_modified_time":"2024-05-16T16:12:02+00:00","twitter_card":"summary_large_image","twitter_misc":{"Estimated reading time":"1 minute"},"schema":{"@context":"https:\/\/schema.org","@graph":[{"@type":"WebPage","@id":"https:\/\/salutologie.org\/impressum\/?lang=en","url":"https:\/\/salutologie.org\/impressum\/?lang=en","name":"Imprint - Universit\u00e4t f\u00fcr Salutologie\u00ae","isPartOf":{"@id":"https:\/\/salutologie.org\/#website"},"datePublished":"2020-05-25T12:33:08+00:00","dateModified":"2024-05-16T16:12:02+00:00","breadcrumb":{"@id":"https:\/\/salutologie.org\/impressum\/?lang=en#breadcrumb"},"inLanguage":"en-GB","potentialAction":[{"@type":"ReadAction","target":["https:\/\/salutologie.org\/impressum\/?lang=en"]}]},{"@type":"BreadcrumbList","@id":"https:\/\/salutologie.org\/impressum\/?lang=en#breadcrumb","itemListElement":[{"@type":"ListItem","position":1,"name":"Startseite","item":"https:\/\/salutologie.org\/"},{"@type":"ListItem","position":2,"name":"Imprint"}]},{"@type":"WebSite","@id":"https:\/\/salutologie.org\/#website","url":"https:\/\/salutologie.org\/","name":"Universit\u00e4t f\u00fcr Salutologie\u00ae","description":"Universit\u00e4t f\u00fcr Salutologie\u00ae","potentialAction":[{"@type":"SearchAction","target":{"@type":"EntryPoint","urlTemplate":"https:\/\/salutologie.org\/?s={search_term_string}"},"query-input":"required name=search_term_string"}],"inLanguage":"en-GB"}]}},"_links":{"self":[{"href":"http:\/\/salutologie.org\/en\/wp-json\/wp\/v2\/pages\/1997"}],"collection":[{"href":"http:\/\/salutologie.org\/en\/wp-json\/wp\/v2\/pages"}],"about":[{"href":"http:\/\/salutologie.org\/en\/wp-json\/wp\/v2\/types\/page"}],"author":[{"embeddable":true,"href":"http:\/\/salutologie.org\/en\/wp-json\/wp\/v2\/users\/1"}],"replies":[{"embeddable":true,"href":"http:\/\/salutologie.org\/en\/wp-json\/wp\/v2\/comments?post=1997"}],"version-history":[{"count":8,"href":"http:\/\/salutologie.org\/en\/wp-json\/wp\/v2\/pages\/1997\/revisions"}],"predecessor-version":[{"id":5120,"href":"http:\/\/salutologie.org\/en\/wp-json\/wp\/v2\/pages\/1997\/revisions\/5120"}],"wp:attachment":[{"href":"http:\/\/salutologie.org\/en\/wp-json\/wp\/v2\/media?parent=1997"}],"curies":[{"name":"wp","href":"https:\/\/api.w.org\/{rel}","templated":true}]}}