{"id":2722,"date":"2020-06-19T13:18:25","date_gmt":"2020-06-19T11:18:25","guid":{"rendered":"https:\/\/chronoinstitut.org\/?page_id=2722"},"modified":"2025-07-30T18:38:54","modified_gmt":"2025-07-30T16:38:54","slug":"gesundheit","status":"publish","type":"page","link":"http:\/\/salutologie.org\/en\/bereiche\/gesundheit\/","title":{"rendered":"Gesundheit"},"content":{"rendered":"<section class=\"wpb-content-wrapper\"><div class=\"block-area stripe wpb_row default with-border vc_row-fluid\" style=\"padding-top: 0px;padding-bottom: 0px;\"><div class=\"container clearfix\">\n\t<div class=\"vc_col-sm-12 wpb_column column_container\" style=\"\">\n\t\t<div class=\"wpb_wrapper\">\n\t\t\t\n\t\t<\/div> \n\t<\/div> \n<\/div><\/div><div class=\"block-area stripe wpb_row default with-border vc_row-fluid\"><div class=\"container clearfix\">\n\t<div class=\"vc_col-sm-6 wpb_column column_container\" style=\"\">\n\t\t<div class=\"wpb_wrapper\">\n\t\t\t\n\t<div class=\"wpb_text_column wpb_content_element\">\n\t\t<div class=\"wpb_wrapper\">\n\t\t\t<h1>Salutologie\u00ae ist die Lehre von der Gesundheit<\/h1>\n<p>&nbsp;<\/p>\n<p>Salutologie\u00ae ist der zentrale Fokus der Arbeiten des Institut f\u00fcr Salutologie\u00ae. Dazu werden die Methoden und Interventionen adressiert, um die Gesundheitsspanne nachhaltig abzusichern und so lange wie m\u00f6glich zu erhalten. Um dies zu gew\u00e4hrleisten, wird ein Fr\u00fchwarnsystem f\u00fcr Abweichungen vom individuellen Gesundheitszustand genutzt, um bereits fr\u00fchzeitig \u2013 ohne dass der Betroffene es bereits selbst erkennt \u2013 Informationen aufzuzeigen, die es erlauben, rechtzeitig und pr\u00e4ventiv Ma\u00dfnahmen zu setzen, um einen optimalen Gesundheitszustand langfristig zu erhalten.<\/p>\n\n\t\t<\/div> \n\t<\/div> \n\t\t<\/div> \n\t<\/div> \n\n\t<div class=\"vc_col-sm-6 wpb_column column_container\" style=\"\">\n\t\t<div class=\"wpb_wrapper\">\n\t\t\t\n\t\t<\/div> \n\t<\/div> \n<\/div><\/div><div class=\"block-area stripe wpb_row default with-border vc_row-fluid\"><div class=\"container clearfix\">\n\t<div class=\"vc_col-sm-6 wpb_column column_container\" style=\"\">\n\t\t<div class=\"wpb_wrapper\">\n\t\t\t\n\t\t<\/div> \n\t<\/div> \n\n\t<div class=\"vc_col-sm-6 wpb_column column_container\" style=\"\">\n\t\t<div class=\"wpb_wrapper\">\n\t\t\t\n\t<div class=\"wpb_text_column wpb_content_element\">\n\t\t<div class=\"wpb_wrapper\">\n\t\t\t<h1>Gesundheit als wichtigster Wert<\/h1>\n<p>&nbsp;<\/p>\n<p>Um individuelle Gesundheitsentwicklung in Theorie und Lehre zu verankern, wird der Begriff der Salutologie \u2013 als Lehre von der Gesundheit \u2013 dem aktuell gebr\u00e4uchlichen Konzept der Pathogenese \u2013 als Lehre von den Krankheiten \u2013 erg\u00e4nzend gegen\u00fcbergestellt. Salutologie und salutogene Medizin soll im gesundheitswissenschaftlichen Sinne die Aufgabe haben, Gesundheitsentwicklung (Salutogenese) und damit salutogene Theorien, Methoden und Interventionen zu entwickeln, aufzuzeigen, aber auch in eine praxisorientierte Lehre von der Gesundheit \u00fcberzuleiten.<\/p>\n\n\t\t<\/div> \n\t<\/div> \n\t\t<\/div> \n\t<\/div> \n<\/div><\/div><div class=\"block-area stripe wpb_row default with-border vc_row-fluid\" style=\"background-color: #ffffff;\"><div class=\"container clearfix\">\n\t<div class=\"vc_col-sm-6 wpb_column column_container\" style=\"background-color: #ffffff;\">\n\t\t<div class=\"wpb_wrapper\">\n\t\t\t\n\t<div class=\"wpb_text_column wpb_content_element\">\n\t\t<div class=\"wpb_wrapper\">\n\t\t\t<h1>Fr\u00fchzeitige Erkennung von Regulationsst\u00f6rungen<\/h1>\n<p>&nbsp;<\/p>\n<p>Um bereits fr\u00fchzeitig Gesundheitsentwicklung individuell und aktiv umsetzen zu k\u00f6nnen, verwenden wir ein valides Messsystem als mobile und desktop App dazu, bereits fr\u00fchzeitig Regulationsst\u00f6rungen, Ersch\u00f6pfung und psychosomatische Erkrankungen erfassbar zu machen. Mit entsprechenden Algorithmen hinsichtlich Basic Rest and Activity Cycle (BRAC), circadianer Rhythmen und Schlafstruktur soll die chronobiologische Regulation synchronisiert werden. Damit wird kann die Erholungsf\u00e4higkeit des Menschen verbessert werden, um Ersch\u00f6pfung und Burnout vorzubeugen.<\/p>\n\n\t\t<\/div> \n\t<\/div> \n\t\t<\/div> \n\t<\/div> \n<\/div><\/div><div class=\"block-area stripe wpb_row default with-border vc_row-fluid\" style=\"background-color: #f8f8f8;\"><div class=\"container clearfix\">\n\t<div class=\"vc_col-sm-12 wpb_column column_container\" style=\"\">\n\t\t<div class=\"wpb_wrapper\">\n\t\t\t\n\t<div class=\"wpb_text_column wpb_content_element\">\n\t\t<div class=\"wpb_wrapper\">\n\t\t\t<h1 style=\"text-align: center;\">Forschungsthemen<\/h1>\n<ul>\n<li style=\"text-align: center;\">Messmethoden f\u00fcr salutogene Prozesse<\/li>\n<li style=\"text-align: center;\">Messmethode zur objektiven Erfassung des autonomen Nervensystems<\/li>\n<li style=\"text-align: center;\">Entwicklung des Kontos der Gesundheit als Fr\u00fchwarnsystem<\/li>\n<li style=\"text-align: center;\">Entwicklung und Aufbau einer personenbezogenen Gesundheitsdatenbank<\/li>\n<li style=\"text-align: center;\">Chronowissenschaftliche Methoden f\u00fcr Salutologie und Salutogenese<\/li>\n<\/ul>\n\n\t\t<\/div> \n\t<\/div> \n\t\t<\/div> \n\t<\/div> \n<\/div><\/div><div class=\"block-area stripe wpb_row default vc_row-fluid\" style=\"padding-bottom: 0px;background-color: #ffffff;\"><div class=\"container clearfix\">\n\t<div class=\"vc_col-sm-12 wpb_column column_container\" style=\"\">\n\t\t<div class=\"wpb_wrapper\">\n\t\t\t\n\t<div class=\"wpb_text_column wpb_content_element\">\n\t\t<div class=\"wpb_wrapper\">\n\t\t\t<h1 style=\"text-align: center;\">Experten<\/h1>\n\n\t\t<\/div> \n\t<\/div> \n\t\t<\/div> \n\t<\/div> \n<\/div><\/div><div class=\"block-area stripe wpb_row default with-border vc_row-fluid\" style=\"padding-top: 0px;background-color: #ffffff;\"><div class=\"container clearfix\">\n\t<div class=\"vc_col-sm-6 wpb_column column_container\" style=\"\">\n\t\t<div class=\"wpb_wrapper\">\n\t\t\t\n\t<div class=\"wpb_text_column wpb_content_element\">\n\t\t<div class=\"wpb_wrapper\">\n\t\t\t<p style=\"text-align: right;\"><a href=\"https:\/\/chronoinstitut.org\/team-member\/sepp-fegerl\/\" target=\"_blank\" rel=\"noopener noreferrer\">Sepp Fegerl<\/a><\/p>\n<p style=\"text-align: right;\"><a href=\"https:\/\/chronoinstitut.org\/team-member\/alexander-haslberger\/\" target=\"_blank\" rel=\"noopener noreferrer\">Alexander Haslberger<\/a><\/p>\n<p style=\"text-align: right;\"><a href=\"https:\/\/chronoinstitut.org\/team-member\/peter-hauschild\/\" target=\"_blank\" rel=\"noopener noreferrer\">Peter Hauschild<\/a><\/p>\n<p style=\"text-align: right;\"><a href=\"https:\/\/chronoinstitut.org\/team-member\/berit-hippe\/\" target=\"_blank\" rel=\"noopener noreferrer\">Berit Hippe<\/a><\/p>\n<p style=\"text-align: right;\"><a href=\"https:\/\/chronoinstitut.org\/team-member\/juergen-kasper\/\" target=\"_blank\" rel=\"noopener noreferrer\">J\u00fcrgen Kasper<\/a><\/p>\n<p style=\"text-align: right;\"><a href=\"https:\/\/chronoinstitut.org\/team-member\/juergen-klinghammer\/\" target=\"_blank\" rel=\"noopener noreferrer\">J\u00fcrgen Klinghammer<\/a><\/p>\n<p style=\"text-align: right;\"><a href=\"https:\/\/chronoinstitut.org\/team-member\/985\/\" target=\"_blank\" rel=\"noopener noreferrer\">Robert Kocher<\/a><\/p>\n\n\t\t<\/div> \n\t<\/div> \n\t\t<\/div> \n\t<\/div> \n\n\t<div class=\"vc_col-sm-6 wpb_column column_container\" style=\"\">\n\t\t<div class=\"wpb_wrapper\">\n\t\t\t\n\t<div class=\"wpb_text_column wpb_content_element\">\n\t\t<div class=\"wpb_wrapper\">\n\t\t\t<p><a href=\"https:\/\/chronoinstitut.org\/team-member\/kurt-mosetter\/\" target=\"_blank\" rel=\"noopener noreferrer\">Kurt Mosetter<\/a><\/p>\n<p><a href=\"https:\/\/chronoinstitut.org\/team-member\/henning-sartor\/\" target=\"_blank\" rel=\"noopener noreferrer\">Henning Sartor<\/a><\/p>\n<p><a href=\"https:\/\/chronoinstitut.org\/team-member\/hannes-schoberwalter\/\" target=\"_blank\" rel=\"noopener noreferrer\">Hannes Schoberwalter<\/a><\/p>\n<p><a href=\"https:\/\/chronoinstitut.org\/team-member\/nadine-wimmer\/\" target=\"_blank\" rel=\"noopener noreferrer\">Nadine Wimmer<\/a><\/p>\n<p><a href=\"https:\/\/chronoinstitut.org\/team-member\/alex-witasek\/\" target=\"_blank\" rel=\"noopener noreferrer\">Alex Witasek<\/a><\/p>\n<p><a href=\"https:\/\/chronoinstitut.org\/team-member\/ernst-zwick\/\" target=\"_blank\" rel=\"noopener noreferrer\">Ernst Zwick<\/a><\/p>\n\n\t\t<\/div> \n\t<\/div> \n\t\t<\/div> \n\t<\/div> \n<\/div><\/div>\n<\/section>","protected":false},"excerpt":{"rendered":"Salutologie\u00ae ist die Lehre von der Gesundheit &nbsp; Salutologie\u00ae ist der zentrale Fokus der Arbeiten des Institut f\u00fcr Salutologie\u00ae. Dazu...","protected":false},"author":1,"featured_media":0,"parent":159,"menu_order":0,"comment_status":"closed","ping_status":"closed","template":"","meta":{"footnotes":""},"yoast_head":"<!-- This site is optimized with the Yoast SEO plugin v22.6 - https:\/\/yoast.com\/wordpress\/plugins\/seo\/ -->\n<title>Gesundheit - Universit\u00e4t f\u00fcr Salutologie\u00ae<\/title>\n<meta name=\"robots\" content=\"index, follow, max-snippet:-1, max-image-preview:large, max-video-preview:-1\" \/>\n<link rel=\"canonical\" href=\"https:\/\/salutologie.org\/en\/bereiche\/gesundheit\/\" \/>\n<meta property=\"og:locale\" content=\"en_GB\" \/>\n<meta property=\"og:type\" content=\"article\" \/>\n<meta property=\"og:title\" content=\"Gesundheit - Universit\u00e4t f\u00fcr Salutologie\u00ae\" \/>\n<meta property=\"og:url\" content=\"https:\/\/salutologie.org\/en\/bereiche\/gesundheit\/\" \/>\n<meta property=\"og:site_name\" content=\"Universit\u00e4t f\u00fcr Salutologie\u00ae\" \/>\n<meta property=\"article:modified_time\" content=\"2025-07-30T16:38:54+00:00\" \/>\n<meta name=\"twitter:card\" content=\"summary_large_image\" \/>\n<meta name=\"twitter:label1\" content=\"Estimated reading time\" \/>\n\t<meta name=\"twitter:data1\" content=\"3 minutes\" \/>\n<script type=\"application\/ld+json\" class=\"yoast-schema-graph\">{\"@context\":\"https:\/\/schema.org\",\"@graph\":[{\"@type\":\"WebPage\",\"@id\":\"https:\/\/salutologie.org\/bereiche\/gesundheit\/\",\"url\":\"https:\/\/salutologie.org\/bereiche\/gesundheit\/\",\"name\":\"Gesundheit - Universit\u00e4t f\u00fcr Salutologie\u00ae\",\"isPartOf\":{\"@id\":\"https:\/\/salutologie.org\/#website\"},\"datePublished\":\"2020-06-19T11:18:25+00:00\",\"dateModified\":\"2025-07-30T16:38:54+00:00\",\"breadcrumb\":{\"@id\":\"https:\/\/salutologie.org\/bereiche\/gesundheit\/#breadcrumb\"},\"inLanguage\":\"en-GB\",\"potentialAction\":[{\"@type\":\"ReadAction\",\"target\":[\"https:\/\/salutologie.org\/bereiche\/gesundheit\/\"]}]},{\"@type\":\"BreadcrumbList\",\"@id\":\"https:\/\/salutologie.org\/bereiche\/gesundheit\/#breadcrumb\",\"itemListElement\":[{\"@type\":\"ListItem\",\"position\":1,\"name\":\"Startseite\",\"item\":\"https:\/\/salutologie.org\/\"},{\"@type\":\"ListItem\",\"position\":2,\"name\":\"Bereiche\",\"item\":\"https:\/\/salutologie.org\/bereiche\/\"},{\"@type\":\"ListItem\",\"position\":3,\"name\":\"Gesundheit\"}]},{\"@type\":\"WebSite\",\"@id\":\"https:\/\/salutologie.org\/#website\",\"url\":\"https:\/\/salutologie.org\/\",\"name\":\"Universit\u00e4t f\u00fcr Salutologie\u00ae\",\"description\":\"Universit\u00e4t f\u00fcr Salutologie\u00ae\",\"potentialAction\":[{\"@type\":\"SearchAction\",\"target\":{\"@type\":\"EntryPoint\",\"urlTemplate\":\"https:\/\/salutologie.org\/?s={search_term_string}\"},\"query-input\":\"required name=search_term_string\"}],\"inLanguage\":\"en-GB\"}]}<\/script>\n<!-- \/ Yoast SEO plugin. -->","yoast_head_json":{"title":"Gesundheit - Universit\u00e4t f\u00fcr Salutologie\u00ae","robots":{"index":"index","follow":"follow","max-snippet":"max-snippet:-1","max-image-preview":"max-image-preview:large","max-video-preview":"max-video-preview:-1"},"canonical":"https:\/\/salutologie.org\/en\/bereiche\/gesundheit\/","og_locale":"en_GB","og_type":"article","og_title":"Gesundheit - Universit\u00e4t f\u00fcr Salutologie\u00ae","og_url":"https:\/\/salutologie.org\/en\/bereiche\/gesundheit\/","og_site_name":"Universit\u00e4t f\u00fcr Salutologie\u00ae","article_modified_time":"2025-07-30T16:38:54+00:00","twitter_card":"summary_large_image","twitter_misc":{"Estimated reading time":"3 minutes"},"schema":{"@context":"https:\/\/schema.org","@graph":[{"@type":"WebPage","@id":"https:\/\/salutologie.org\/bereiche\/gesundheit\/","url":"https:\/\/salutologie.org\/bereiche\/gesundheit\/","name":"Gesundheit - Universit\u00e4t f\u00fcr Salutologie\u00ae","isPartOf":{"@id":"https:\/\/salutologie.org\/#website"},"datePublished":"2020-06-19T11:18:25+00:00","dateModified":"2025-07-30T16:38:54+00:00","breadcrumb":{"@id":"https:\/\/salutologie.org\/bereiche\/gesundheit\/#breadcrumb"},"inLanguage":"en-GB","potentialAction":[{"@type":"ReadAction","target":["https:\/\/salutologie.org\/bereiche\/gesundheit\/"]}]},{"@type":"BreadcrumbList","@id":"https:\/\/salutologie.org\/bereiche\/gesundheit\/#breadcrumb","itemListElement":[{"@type":"ListItem","position":1,"name":"Startseite","item":"https:\/\/salutologie.org\/"},{"@type":"ListItem","position":2,"name":"Bereiche","item":"https:\/\/salutologie.org\/bereiche\/"},{"@type":"ListItem","position":3,"name":"Gesundheit"}]},{"@type":"WebSite","@id":"https:\/\/salutologie.org\/#website","url":"https:\/\/salutologie.org\/","name":"Universit\u00e4t f\u00fcr Salutologie\u00ae","description":"Universit\u00e4t f\u00fcr Salutologie\u00ae","potentialAction":[{"@type":"SearchAction","target":{"@type":"EntryPoint","urlTemplate":"https:\/\/salutologie.org\/?s={search_term_string}"},"query-input":"required name=search_term_string"}],"inLanguage":"en-GB"}]}},"_links":{"self":[{"href":"http:\/\/salutologie.org\/en\/wp-json\/wp\/v2\/pages\/2722"}],"collection":[{"href":"http:\/\/salutologie.org\/en\/wp-json\/wp\/v2\/pages"}],"about":[{"href":"http:\/\/salutologie.org\/en\/wp-json\/wp\/v2\/types\/page"}],"author":[{"embeddable":true,"href":"http:\/\/salutologie.org\/en\/wp-json\/wp\/v2\/users\/1"}],"replies":[{"embeddable":true,"href":"http:\/\/salutologie.org\/en\/wp-json\/wp\/v2\/comments?post=2722"}],"version-history":[{"count":54,"href":"http:\/\/salutologie.org\/en\/wp-json\/wp\/v2\/pages\/2722\/revisions"}],"predecessor-version":[{"id":4803,"href":"http:\/\/salutologie.org\/en\/wp-json\/wp\/v2\/pages\/2722\/revisions\/4803"}],"up":[{"embeddable":true,"href":"http:\/\/salutologie.org\/en\/wp-json\/wp\/v2\/pages\/159"}],"wp:attachment":[{"href":"http:\/\/salutologie.org\/en\/wp-json\/wp\/v2\/media?parent=2722"}],"curies":[{"name":"wp","href":"https:\/\/api.w.org\/{rel}","templated":true}]}}