{"id":2730,"date":"2020-06-19T14:08:16","date_gmt":"2020-06-19T12:08:16","guid":{"rendered":"https:\/\/chronoinstitut.org\/?page_id=2730"},"modified":"2025-07-30T18:38:48","modified_gmt":"2025-07-30T16:38:48","slug":"sport","status":"publish","type":"page","link":"http:\/\/salutologie.org\/en\/bereiche\/sport\/","title":{"rendered":"Sport"},"content":{"rendered":"<section class=\"wpb-content-wrapper\"><div class=\"block-area stripe wpb_row default with-border vc_row-fluid\"><div class=\"container clearfix\">\n\t<div class=\"vc_col-sm-6 wpb_column column_container\" style=\"\">\n\t\t<div class=\"wpb_wrapper\">\n\t\t\t\n\t<div class=\"wpb_text_column wpb_content_element\">\n\t\t<div class=\"wpb_wrapper\">\n\t\t\t<h1>Wir vereinen Sport und Salutologie<\/h1>\n<p>&nbsp;<\/p>\n<p>Performance und Spitzenleistung als ultimatives Ziel leistungsorientierter Sportlichkeit, sind oft ein Gegensatz zu Gesundheit und Wohlbefinden. Es ist immer eine Gratwanderung zwischen Erfolg, Verletzung, Erkrankung und nachhaltiger St\u00f6rungen auf physischer und psychischer Ebene. Das Institut f\u00fcr Salutologie\u00ae hat sich zum Ziel gesetzt, den Begriff der Gesundheit im Sport neu zu verankern. Das Konzept der SportSalutologie soll die Gesundheitsorientierung im Sport mit nachhaltiger und optimaler Leistungsf\u00e4higkeit verbinden. Dazu m\u00fcssen salutogene Konzepte, Theorien und Methoden entwickelt, erforscht und praxisorientiert in die Lehre \u00fcbersetzt werden.<\/p>\n\n\t\t<\/div> \n\t<\/div> \n\t\t<\/div> \n\t<\/div> \n<\/div><\/div><div class=\"block-area stripe wpb_row default with-border vc_row-fluid\"><div class=\"container clearfix\">\n\t<div class=\"vc_col-sm-6 wpb_column column_container\" style=\"\">\n\t\t<div class=\"wpb_wrapper\">\n\t\t\t\n\t\t<\/div> \n\t<\/div> \n\n\t<div class=\"vc_col-sm-6 wpb_column column_container\" style=\"\">\n\t\t<div class=\"wpb_wrapper\">\n\t\t\t\n\t<div class=\"wpb_text_column wpb_content_element\">\n\t\t<div class=\"wpb_wrapper\">\n\t\t\t<h1>Nachhaltige Leistung durch Regulationsf\u00e4higkeit<\/h1>\n<p>&nbsp;<\/p>\n<p>Ein Weg der salutogenen Sportmedizin und Sportpsychologie kann auf dem Fundament der Salutologie\u00ae aufsetzen. Dabei werden die f\u00fcr nachhaltige Leistungsf\u00e4higkeit unabdingbaren Prozesse von Regeneration und Erholung aus dem Blickwinkel der ChronoBiologie in Verbindung mit der Regulationsf\u00e4higkeit des autonomen Nervensystems zu einem innovativen Fenster in den Organismus des Sportlers.<\/p>\n\n\t\t<\/div> \n\t<\/div> \n\t\t<\/div> \n\t<\/div> \n<\/div><\/div><div class=\"block-area stripe wpb_row default with-border vc_row-fluid\"><div class=\"container clearfix\">\n\t<div class=\"vc_col-sm-6 wpb_column column_container\" style=\"\">\n\t\t<div class=\"wpb_wrapper\">\n\t\t\t\n\t<div class=\"wpb_text_column wpb_content_element\">\n\t\t<div class=\"wpb_wrapper\">\n\t\t\t<h1>Trainingssteuerung durch Regulationsdiagnostik<\/h1>\n<p>&nbsp;<\/p>\n<p>Generell gilt es auch \u2013 wie im Bereich der Gesundheit \u2013 ein valides Fr\u00fchwarnsystem zu entwickeln und aufzubauen, um bereits fr\u00fchzeitig Fehlregulation, Overreaching und Overtraining erfassbar zu machen. Mit dem entsprechenden chronobiologischen Handwerkszeug hinsichtlich Basic Rest and Activity Cycle (BRAC), circadianer Rhythmen und Schlafstruktur lassen sich neue Zug\u00e4nge f\u00fcr Trainingsbelastung und Trainingssteuerung aufzeigen und praxisorientiert umsetzen.<\/p>\n\n\t\t<\/div> \n\t<\/div> \n\t\t<\/div> \n\t<\/div> \n<\/div><\/div><div class=\"block-area stripe wpb_row default with-border vc_row-fluid\"><div class=\"container clearfix\">\n\t<div class=\"vc_col-sm-6 wpb_column column_container\" style=\"\">\n\t\t<div class=\"wpb_wrapper\">\n\t\t\t\n\t\t<\/div> \n\t<\/div> \n\n\t<div class=\"vc_col-sm-6 wpb_column column_container\" style=\"\">\n\t\t<div class=\"wpb_wrapper\">\n\t\t\t\n\t<div class=\"wpb_text_column wpb_content_element\">\n\t\t<div class=\"wpb_wrapper\">\n\t\t\t<h1>Ein neues Tool zur Trainingssteuerung<\/h1>\n<p>&nbsp;<\/p>\n<p>Mit dem Konto der Gesundheit entsteht ein individuelles Steuerungstool f\u00fcr den Sportler hinsichtlich seiner individuellen chronobiologischen Entwicklung. Damit l\u00e4sst sich nicht nur der aktuelle Belastungsgrad des Sportlers steuern, sondern gleichzeitig Fehlbeanspruchung, \u00dcbertraining und Ersch\u00f6pfung fr\u00fchzeitig erfassen und vorbeugend vermeiden. Die dadurch entstehende Objektivierung des Gesundheits- und Leistungszustandes des Sportlers wird durch die SportSalutologie unterlegt. Die Ausbildung in salutogenen Methoden f\u00fcr den Sportbereich bildet den Fokus der Lernplattform des Instituts f\u00fcr Salutologie\u00ae.<\/p>\n\n\t\t<\/div> \n\t<\/div> \n\t\t<\/div> \n\t<\/div> \n<\/div><\/div><div class=\"block-area stripe wpb_row default with-border vc_row-fluid\"><div class=\"container clearfix\">\n\t<div class=\"vc_col-sm-12 wpb_column column_container\" style=\"\">\n\t\t<div class=\"wpb_wrapper\">\n\t\t\t\n\t<div class=\"wpb_text_column wpb_content_element\">\n\t\t<div class=\"wpb_wrapper\">\n\t\t\t<h1 style=\"text-align: center;\">Forschungsthemen<\/h1>\n<ul>\n<li style=\"text-align: center;\">Messmethoden f\u00fcr leistungsorientierte individuelle Prozesse im Sport<\/li>\n<li style=\"text-align: center;\">Messmethode zur objektiven Erfassung des autonomen Nervensystems<\/li>\n<li style=\"text-align: center;\">Entwicklung des Kontos der Gesundheit als Fr\u00fchwarnsystem f\u00fcr Sportler<\/li>\n<li style=\"text-align: center;\">Entwicklung eines MessSystems zur Bestimmung der optimalen Performance<\/li>\n<li style=\"text-align: center;\">Chronowissenschaftliche Methoden zur Trainingssteuerung und Wettkampfplanung<\/li>\n<\/ul>\n\n\t\t<\/div> \n\t<\/div> \n\t\t<\/div> \n\t<\/div> \n<\/div><\/div><div class=\"block-area stripe wpb_row default vc_row-fluid\" style=\"padding-bottom: 0px;\"><div class=\"container clearfix\">\n\t<div class=\"vc_col-sm-12 wpb_column column_container\" style=\"\">\n\t\t<div class=\"wpb_wrapper\">\n\t\t\t\n\t<div class=\"wpb_text_column wpb_content_element\">\n\t\t<div class=\"wpb_wrapper\">\n\t\t\t<h1 style=\"text-align: center;\">Experten<\/h1>\n\n\t\t<\/div> \n\t<\/div> \n\t\t<\/div> \n\t<\/div> \n<\/div><\/div><div class=\"block-area stripe wpb_row default with-border vc_row-fluid\" style=\"padding-top: 0px;background-color: #f8f8f8;\"><div class=\"container clearfix\">\n\t<div class=\"vc_col-sm-6 wpb_column column_container\" style=\"\">\n\t\t<div class=\"wpb_wrapper\">\n\t\t\t\n\t<div class=\"wpb_text_column wpb_content_element\">\n\t\t<div class=\"wpb_wrapper\">\n\t\t\t<p style=\"text-align: right;\"><a href=\"https:\/\/chronoinstitut.org\/team-member\/peter-hauschild\/\" target=\"_blank\" rel=\"noopener noreferrer\">Peter Hauschild<\/a><\/p>\n<p style=\"text-align: right;\"><a href=\"https:\/\/chronoinstitut.org\/team-member\/985\/\" target=\"_blank\" rel=\"noopener noreferrer\">Robert Kocher<\/a><\/p>\n<p style=\"text-align: right;\"><a href=\"https:\/\/chronoinstitut.org\/team-member\/kurt-mosetter\/\" target=\"_blank\" rel=\"noopener noreferrer\">Kurt Mosetter<\/a><\/p>\n<p style=\"text-align: right;\"><a href=\"https:\/\/chronoinstitut.org\/team-member\/985\/\" target=\"_blank\" rel=\"noopener noreferrer\">Christoph Peprnicek<\/a><\/p>\n<p style=\"text-align: right;\"><a href=\"https:\/\/chronoinstitut.org\/team-member\/henning-sartor\/\" target=\"_blank\" rel=\"noopener noreferrer\">Henning Sartor<\/a><\/p>\n\n\t\t<\/div> \n\t<\/div> \n\t\t<\/div> \n\t<\/div> \n\n\t<div class=\"vc_col-sm-6 wpb_column column_container\" style=\"\">\n\t\t<div class=\"wpb_wrapper\">\n\t\t\t\n\t<div class=\"wpb_text_column wpb_content_element\">\n\t\t<div class=\"wpb_wrapper\">\n\t\t\t<p><a href=\"https:\/\/chronoinstitut.org\/team-member\/tobias-schmied\/\" target=\"_blank\" rel=\"noopener noreferrer\">Tobias Schmied<\/a><\/p>\n<p>Vincent Vermeulen<\/p>\n<p><a href=\"https:\/\/chronoinstitut.org\/team-member\/philipp-wessely\/\" target=\"_blank\" rel=\"noopener noreferrer\">Philipp Wessely<\/a><\/p>\n<p><a href=\"https:\/\/chronoinstitut.org\/team-member\/ernst-zwick\/\" target=\"_blank\" rel=\"noopener noreferrer\">Ernst Zwick<\/a><\/p>\n\n\t\t<\/div> \n\t<\/div> \n\t\t<\/div> \n\t<\/div> \n<\/div><\/div><div class=\"block-area stripe wpb_row default with-border vc_row-fluid\"><div class=\"container clearfix\">\n\t<div class=\"vc_col-sm-6 wpb_column column_container\" style=\"\">\n\t\t<div class=\"wpb_wrapper\">\n\t\t\t\n\t<div class=\"wpb_text_column wpb_content_element\">\n\t\t<div class=\"wpb_wrapper\">\n\t\t\t<h1>Ausbildung<\/h1>\n<p>&nbsp;<\/p>\n<p>Wir veranstalten Ausbildungen zur Regulationsanalyse und Regulationsdiagnostik zur Trainingsplanung und Trainingssteuerung.<\/p>\n\n\t\t<\/div> \n\t<\/div> \n\t\t<\/div> \n\t<\/div> \n<\/div><\/div><div class=\"block-area stripe wpb_row default with-border vc_row-fluid\"><div class=\"container clearfix\">\n\t<div class=\"vc_col-sm-6 wpb_column column_container\" style=\"\">\n\t\t<div class=\"wpb_wrapper\">\n\t\t\t\n\t\t<\/div> \n\t<\/div> \n\n\t<div class=\"vc_col-sm-6 wpb_column column_container\" style=\"\">\n\t\t<div class=\"wpb_wrapper\">\n\t\t\t\n\t<div class=\"wpb_text_column wpb_content_element\">\n\t\t<div class=\"wpb_wrapper\">\n\t\t\t<h1>Forschung<\/h1>\n<p>&nbsp;<\/p>\n<p><a href=\"https:\/\/www.radsportverband.at\/\" target=\"_blank\" rel=\"noopener noreferrer\">\u00d6sterreichischer Radsportverband<\/a><\/p>\n<p><a href=\"https:\/\/www.golf.at\" target=\"_blank\" rel=\"noopener noreferrer\">\u00d6sterreichischer Golfverband<\/a><\/p>\n\n\t\t<\/div> \n\t<\/div> \n\t\t<\/div> \n\t<\/div> \n<\/div><\/div>\n<\/section>","protected":false},"excerpt":{"rendered":"Wir vereinen Sport und Salutologie &nbsp; Performance und Spitzenleistung als ultimatives Ziel leistungsorientierter Sportlichkeit, sind oft ein Gegensatz zu Gesundheit...","protected":false},"author":1,"featured_media":0,"parent":159,"menu_order":0,"comment_status":"closed","ping_status":"closed","template":"","meta":{"footnotes":""},"yoast_head":"<!-- This site is optimized with the Yoast SEO plugin v22.6 - https:\/\/yoast.com\/wordpress\/plugins\/seo\/ -->\n<title>Sport - Universit\u00e4t f\u00fcr Salutologie\u00ae<\/title>\n<meta name=\"robots\" content=\"index, follow, max-snippet:-1, max-image-preview:large, max-video-preview:-1\" \/>\n<link rel=\"canonical\" href=\"https:\/\/salutologie.org\/en\/bereiche\/sport\/\" \/>\n<meta property=\"og:locale\" content=\"en_GB\" \/>\n<meta property=\"og:type\" content=\"article\" \/>\n<meta property=\"og:title\" content=\"Sport - Universit\u00e4t f\u00fcr Salutologie\u00ae\" \/>\n<meta property=\"og:url\" content=\"https:\/\/salutologie.org\/en\/bereiche\/sport\/\" \/>\n<meta property=\"og:site_name\" content=\"Universit\u00e4t f\u00fcr Salutologie\u00ae\" \/>\n<meta property=\"article:modified_time\" content=\"2025-07-30T16:38:48+00:00\" \/>\n<meta name=\"twitter:card\" content=\"summary_large_image\" \/>\n<meta name=\"twitter:label1\" content=\"Estimated reading time\" \/>\n\t<meta name=\"twitter:data1\" content=\"4 minutes\" \/>\n<script type=\"application\/ld+json\" class=\"yoast-schema-graph\">{\"@context\":\"https:\/\/schema.org\",\"@graph\":[{\"@type\":\"WebPage\",\"@id\":\"https:\/\/salutologie.org\/bereiche\/sport\/\",\"url\":\"https:\/\/salutologie.org\/bereiche\/sport\/\",\"name\":\"Sport - Universit\u00e4t f\u00fcr Salutologie\u00ae\",\"isPartOf\":{\"@id\":\"https:\/\/salutologie.org\/#website\"},\"datePublished\":\"2020-06-19T12:08:16+00:00\",\"dateModified\":\"2025-07-30T16:38:48+00:00\",\"breadcrumb\":{\"@id\":\"https:\/\/salutologie.org\/bereiche\/sport\/#breadcrumb\"},\"inLanguage\":\"en-GB\",\"potentialAction\":[{\"@type\":\"ReadAction\",\"target\":[\"https:\/\/salutologie.org\/bereiche\/sport\/\"]}]},{\"@type\":\"BreadcrumbList\",\"@id\":\"https:\/\/salutologie.org\/bereiche\/sport\/#breadcrumb\",\"itemListElement\":[{\"@type\":\"ListItem\",\"position\":1,\"name\":\"Startseite\",\"item\":\"https:\/\/salutologie.org\/\"},{\"@type\":\"ListItem\",\"position\":2,\"name\":\"Bereiche\",\"item\":\"https:\/\/salutologie.org\/bereiche\/\"},{\"@type\":\"ListItem\",\"position\":3,\"name\":\"Sport\"}]},{\"@type\":\"WebSite\",\"@id\":\"https:\/\/salutologie.org\/#website\",\"url\":\"https:\/\/salutologie.org\/\",\"name\":\"Universit\u00e4t f\u00fcr Salutologie\u00ae\",\"description\":\"Universit\u00e4t f\u00fcr Salutologie\u00ae\",\"potentialAction\":[{\"@type\":\"SearchAction\",\"target\":{\"@type\":\"EntryPoint\",\"urlTemplate\":\"https:\/\/salutologie.org\/?s={search_term_string}\"},\"query-input\":\"required name=search_term_string\"}],\"inLanguage\":\"en-GB\"}]}<\/script>\n<!-- \/ Yoast SEO plugin. -->","yoast_head_json":{"title":"Sport - Universit\u00e4t f\u00fcr Salutologie\u00ae","robots":{"index":"index","follow":"follow","max-snippet":"max-snippet:-1","max-image-preview":"max-image-preview:large","max-video-preview":"max-video-preview:-1"},"canonical":"https:\/\/salutologie.org\/en\/bereiche\/sport\/","og_locale":"en_GB","og_type":"article","og_title":"Sport - Universit\u00e4t f\u00fcr Salutologie\u00ae","og_url":"https:\/\/salutologie.org\/en\/bereiche\/sport\/","og_site_name":"Universit\u00e4t f\u00fcr Salutologie\u00ae","article_modified_time":"2025-07-30T16:38:48+00:00","twitter_card":"summary_large_image","twitter_misc":{"Estimated reading time":"4 minutes"},"schema":{"@context":"https:\/\/schema.org","@graph":[{"@type":"WebPage","@id":"https:\/\/salutologie.org\/bereiche\/sport\/","url":"https:\/\/salutologie.org\/bereiche\/sport\/","name":"Sport - Universit\u00e4t f\u00fcr Salutologie\u00ae","isPartOf":{"@id":"https:\/\/salutologie.org\/#website"},"datePublished":"2020-06-19T12:08:16+00:00","dateModified":"2025-07-30T16:38:48+00:00","breadcrumb":{"@id":"https:\/\/salutologie.org\/bereiche\/sport\/#breadcrumb"},"inLanguage":"en-GB","potentialAction":[{"@type":"ReadAction","target":["https:\/\/salutologie.org\/bereiche\/sport\/"]}]},{"@type":"BreadcrumbList","@id":"https:\/\/salutologie.org\/bereiche\/sport\/#breadcrumb","itemListElement":[{"@type":"ListItem","position":1,"name":"Startseite","item":"https:\/\/salutologie.org\/"},{"@type":"ListItem","position":2,"name":"Bereiche","item":"https:\/\/salutologie.org\/bereiche\/"},{"@type":"ListItem","position":3,"name":"Sport"}]},{"@type":"WebSite","@id":"https:\/\/salutologie.org\/#website","url":"https:\/\/salutologie.org\/","name":"Universit\u00e4t f\u00fcr Salutologie\u00ae","description":"Universit\u00e4t f\u00fcr Salutologie\u00ae","potentialAction":[{"@type":"SearchAction","target":{"@type":"EntryPoint","urlTemplate":"https:\/\/salutologie.org\/?s={search_term_string}"},"query-input":"required name=search_term_string"}],"inLanguage":"en-GB"}]}},"_links":{"self":[{"href":"http:\/\/salutologie.org\/en\/wp-json\/wp\/v2\/pages\/2730"}],"collection":[{"href":"http:\/\/salutologie.org\/en\/wp-json\/wp\/v2\/pages"}],"about":[{"href":"http:\/\/salutologie.org\/en\/wp-json\/wp\/v2\/types\/page"}],"author":[{"embeddable":true,"href":"http:\/\/salutologie.org\/en\/wp-json\/wp\/v2\/users\/1"}],"replies":[{"embeddable":true,"href":"http:\/\/salutologie.org\/en\/wp-json\/wp\/v2\/comments?post=2730"}],"version-history":[{"count":28,"href":"http:\/\/salutologie.org\/en\/wp-json\/wp\/v2\/pages\/2730\/revisions"}],"predecessor-version":[{"id":4804,"href":"http:\/\/salutologie.org\/en\/wp-json\/wp\/v2\/pages\/2730\/revisions\/4804"}],"up":[{"embeddable":true,"href":"http:\/\/salutologie.org\/en\/wp-json\/wp\/v2\/pages\/159"}],"wp:attachment":[{"href":"http:\/\/salutologie.org\/en\/wp-json\/wp\/v2\/media?parent=2730"}],"curies":[{"name":"wp","href":"https:\/\/api.w.org\/{rel}","templated":true}]}}