{"id":2736,"date":"2020-06-19T14:24:47","date_gmt":"2020-06-19T12:24:47","guid":{"rendered":"https:\/\/chronoinstitut.org\/?page_id=2736"},"modified":"2025-08-06T21:27:06","modified_gmt":"2025-08-06T19:27:06","slug":"wirtschaft","status":"publish","type":"page","link":"http:\/\/salutologie.org\/en\/bereiche\/wirtschaft\/","title":{"rendered":"Wirtschaft"},"content":{"rendered":"<section class=\"wpb-content-wrapper\"><div class=\"block-area stripe wpb_row default with-border vc_row-fluid\"><div class=\"container clearfix\">\n\t<div class=\"vc_col-sm-6 wpb_column column_container\" style=\"\">\n\t\t<div class=\"wpb_wrapper\">\n\t\t\t\n\t<div class=\"wpb_text_column wpb_content_element\">\n\t\t<div class=\"wpb_wrapper\">\n\t\t\t<h1>Psychische Erkrankungen schw\u00e4chen die Wirtschaft<\/h1>\n<p>&nbsp;<\/p>\n<p>Der rasante Anstieg der psychischen Erkrankungen wirkt sich speziell im Bereich der Wirtschaft als sozialer und \u00f6konomischer Faktor immer st\u00e4rker aus. Sind psychische Erkrankungen wie Depression, Ersch\u00f6pfung und Schlafst\u00f6rungen bereits die Nummer 2 an Arbeitsunf\u00e4higkeitstagen (Krankenstand), so zeichnen sich diese speziell durch langandauernde Absenzen aus, die wiederum als volkswirtschaftlicher Kostenfaktor des Gesundheitssystems zu verbuchen sind. Speziell die Covid-19 Krise hat gezeigt, wie vulnerabel das Wirtschaftssystem ist hinsichtlich gesundheitlicher Risiken ist.<\/p>\n\n\t\t<\/div> \n\t<\/div> \n\t\t<\/div> \n\t<\/div> \n\n\t<div class=\"vc_col-sm-6 wpb_column column_container\" style=\"\">\n\t\t<div class=\"wpb_wrapper\">\n\t\t\t\n\t\t<\/div> \n\t<\/div> \n<\/div><\/div><div class=\"block-area stripe wpb_row default with-border vc_row-fluid\"><div class=\"container clearfix\">\n\t<div class=\"vc_col-sm-6 wpb_column column_container\" style=\"\">\n\t\t<div class=\"wpb_wrapper\">\n\t\t\t\n\t\t<\/div> \n\t<\/div> \n\n\t<div class=\"vc_col-sm-6 wpb_column column_container\" style=\"\">\n\t\t<div class=\"wpb_wrapper\">\n\t\t\t\n\t<div class=\"wpb_text_column wpb_content_element\">\n\t\t<div class=\"wpb_wrapper\">\n\t\t\t<h1>Gesundheit steigert die Performance von Unternehmen<\/h1>\n<p>&nbsp;<\/p>\n<p>Das Institut f\u00fcr Salutologie\u00ae hat sich zum Ziel gesetzt im Bereich Wirtschaft Methoden und Instrumente zu entwickeln, um die Leistungsf\u00e4higkeit und Performance der menschlichen Arbeitsleistung im Sinne von Gesundheit und Wohlbefinden zu verbessern. Sinn der Ma\u00dfnahmen sind qualitative Effekte wie Kreativit\u00e4t, Entscheidungs- und Konzentrationsf\u00e4higkeit, sowohl auch die F\u00e4higkeit zu sozialen Prozessen im Sinne von Empathie, F\u00fchrungsqualit\u00e4t und Leadership erfassbar zu machen. Im Sinne der logotherapeutischen Sichtweise soll die Pers\u00f6nlichkeit in der Wirtschaft durch Sinn, Phantasie und Vision gest\u00e4rkt werden.<\/p>\n\n\t\t<\/div> \n\t<\/div> \n\t\t<\/div> \n\t<\/div> \n<\/div><\/div><div class=\"block-area stripe wpb_row default with-border vc_row-fluid\"><div class=\"container clearfix\">\n\t<div class=\"vc_col-sm-6 wpb_column column_container\" style=\"\">\n\t\t<div class=\"wpb_wrapper\">\n\t\t\t\n\t<div class=\"wpb_text_column wpb_content_element\">\n\t\t<div class=\"wpb_wrapper\">\n\t\t\t<h1>Wir erfassen das humane Potential von Mitarbeitern<\/h1>\n<p>&nbsp;<\/p>\n<p>Instrumente zur Erfassung des humanen Potenzials der Mitarbeiter eines Unternehmens oder einer Organisation in der Wirtschaft werden als Basis der Arbeiten des Instituts in diesem Bereich gesehen. Durch eine valide Erfassung und objektivierbare Analyse von Soft- wie auch Hardfacts betrieblicher Prozesse lassen sich mittels des <a href=\"http:\/\/www.heartbalance.org\" target=\"_blank\" rel=\"noopener noreferrer\">HeartBalance App <\/a>f\u00fcr Wirtschaftsbetriebe neue Einblicke in das humane Potenzial der Mitarbeiter aufzeigen.<\/p>\n\n\t\t<\/div> \n\t<\/div> \n\t\t<\/div> \n\t<\/div> \n\n\t<div class=\"vc_col-sm-6 wpb_column column_container\" style=\"\">\n\t\t<div class=\"wpb_wrapper\">\n\t\t\t\n\t\t<\/div> \n\t<\/div> \n<\/div><\/div><div class=\"block-area stripe wpb_row default with-border vc_row-fluid\"><div class=\"container clearfix\">\n\t<div class=\"vc_col-sm-6 wpb_column column_container\" style=\"\">\n\t\t<div class=\"wpb_wrapper\">\n\t\t\t\n\t\t<\/div> \n\t<\/div> \n\n\t<div class=\"vc_col-sm-6 wpb_column column_container\" style=\"\">\n\t\t<div class=\"wpb_wrapper\">\n\t\t\t\n\t<div class=\"wpb_text_column wpb_content_element\">\n\t\t<div class=\"wpb_wrapper\">\n\t\t\t<h1>Und erstellen eine Leistungsbilanz von Unternehmen<\/h1>\n<p>&nbsp;<\/p>\n<p>Ziel ist es eine gesamtwirtschaftliche Leistungsbilanz eines Unternehmens (Humanbilanz) darzustellen, in der nicht nur die \u00fcblichen handelsrechtlichen Kennzahlen, sondern auch die wesentlich f\u00fcr die Unternehmensleistung verantwortlichen Bereiche wie physische und psychische Ressourcen der Mitarbeiter, Organisation,und Unternehmenskultur zu einer bewertbaren Einheit zu verkn\u00fcpfen.<\/p>\n\n\t\t<\/div> \n\t<\/div> \n\t\t<\/div> \n\t<\/div> \n<\/div><\/div><div class=\"block-area stripe wpb_row default with-border vc_row-fluid\"><div class=\"container clearfix\">\n\t<div class=\"vc_col-sm-12 wpb_column column_container\" style=\"\">\n\t\t<div class=\"wpb_wrapper\">\n\t\t\t\n\t<div class=\"wpb_text_column wpb_content_element\">\n\t\t<div class=\"wpb_wrapper\">\n\t\t\t<h1 style=\"text-align: center;\">Forschungsthemen<\/h1>\n<ul>\n<li style=\"text-align: center;\">Messmethoden f\u00fcr leistungsorientierte Prozesse in Unternehmen<\/li>\n<li style=\"text-align: center;\">Messmethode zur objektiven Erfassung der physischen und psychischen Ressourcen der Mitarbeiter<\/li>\n<li style=\"text-align: center;\">Entwicklung des Kontos der Gesundheit als Fr\u00fchwarnsystem f\u00fcr Unternehmen<\/li>\n<li style=\"text-align: center;\">Entwicklung einer gesamtwirtschaftlichen Leistungsbilanz eines Unternehmens (Humanbilanz)<\/li>\n<li style=\"text-align: center;\">Messverfahren zur Analyse, Beurteilung und Steuerung von Schichtarbeit<\/li>\n<\/ul>\n\n\t\t<\/div> \n\t<\/div> \n\t\t<\/div> \n\t<\/div> \n<\/div><\/div><div class=\"block-area stripe wpb_row default with-border vc_row-fluid\"><div class=\"container clearfix\">\n\t<div class=\"vc_col-sm-12 wpb_column column_container\" style=\"\">\n\t\t<div class=\"wpb_wrapper\">\n\t\t\t\n\t<div class=\"wpb_text_column wpb_content_element\">\n\t\t<div class=\"wpb_wrapper\">\n\t\t\t<h1 style=\"text-align: center;\">Experten<\/h1>\n<p style=\"text-align: center;\"><a href=\"https:\/\/chronoinstitut.org\/team-member\/ingrid-pirker-binder\/\" target=\"_blank\" rel=\"noopener noreferrer\">Ingrid Pirker-Binder<\/a><\/p>\n<p style=\"text-align: center;\"><a href=\"https:\/\/chronoinstitut.org\/team-member\/andreas-chabicovsky\/\" target=\"_blank\" rel=\"noopener noreferrer\">Andreas Chabicovsky<\/a><\/p>\n<p style=\"text-align: center;\">Friedrich Ring<\/p>\n\n\t\t<\/div> \n\t<\/div> \n\t\t<\/div> \n\t<\/div> \n<\/div><\/div>\n<\/section>","protected":false},"excerpt":{"rendered":"Psychische Erkrankungen schw\u00e4chen die Wirtschaft &nbsp; Der rasante Anstieg der psychischen Erkrankungen wirkt sich speziell im Bereich der Wirtschaft als...","protected":false},"author":1,"featured_media":0,"parent":159,"menu_order":0,"comment_status":"closed","ping_status":"closed","template":"","meta":{"footnotes":""},"yoast_head":"<!-- This site is optimized with the Yoast SEO plugin v22.6 - https:\/\/yoast.com\/wordpress\/plugins\/seo\/ -->\n<title>Wirtschaft - Universit\u00e4t f\u00fcr Salutologie\u00ae<\/title>\n<meta name=\"robots\" content=\"index, follow, max-snippet:-1, max-image-preview:large, max-video-preview:-1\" \/>\n<link rel=\"canonical\" href=\"https:\/\/salutologie.org\/en\/bereiche\/wirtschaft\/\" \/>\n<meta property=\"og:locale\" content=\"en_GB\" \/>\n<meta property=\"og:type\" content=\"article\" \/>\n<meta property=\"og:title\" content=\"Wirtschaft - Universit\u00e4t f\u00fcr Salutologie\u00ae\" \/>\n<meta property=\"og:url\" content=\"https:\/\/salutologie.org\/en\/bereiche\/wirtschaft\/\" \/>\n<meta property=\"og:site_name\" content=\"Universit\u00e4t f\u00fcr Salutologie\u00ae\" \/>\n<meta property=\"article:modified_time\" content=\"2025-08-06T19:27:06+00:00\" \/>\n<meta name=\"twitter:card\" content=\"summary_large_image\" \/>\n<meta name=\"twitter:label1\" content=\"Estimated reading time\" \/>\n\t<meta name=\"twitter:data1\" content=\"3 minutes\" \/>\n<script type=\"application\/ld+json\" class=\"yoast-schema-graph\">{\"@context\":\"https:\/\/schema.org\",\"@graph\":[{\"@type\":\"WebPage\",\"@id\":\"https:\/\/salutologie.org\/bereiche\/wirtschaft\/\",\"url\":\"https:\/\/salutologie.org\/bereiche\/wirtschaft\/\",\"name\":\"Wirtschaft - Universit\u00e4t f\u00fcr Salutologie\u00ae\",\"isPartOf\":{\"@id\":\"https:\/\/salutologie.org\/#website\"},\"datePublished\":\"2020-06-19T12:24:47+00:00\",\"dateModified\":\"2025-08-06T19:27:06+00:00\",\"breadcrumb\":{\"@id\":\"https:\/\/salutologie.org\/bereiche\/wirtschaft\/#breadcrumb\"},\"inLanguage\":\"en-GB\",\"potentialAction\":[{\"@type\":\"ReadAction\",\"target\":[\"https:\/\/salutologie.org\/bereiche\/wirtschaft\/\"]}]},{\"@type\":\"BreadcrumbList\",\"@id\":\"https:\/\/salutologie.org\/bereiche\/wirtschaft\/#breadcrumb\",\"itemListElement\":[{\"@type\":\"ListItem\",\"position\":1,\"name\":\"Startseite\",\"item\":\"https:\/\/salutologie.org\/\"},{\"@type\":\"ListItem\",\"position\":2,\"name\":\"Bereiche\",\"item\":\"https:\/\/salutologie.org\/bereiche\/\"},{\"@type\":\"ListItem\",\"position\":3,\"name\":\"Wirtschaft\"}]},{\"@type\":\"WebSite\",\"@id\":\"https:\/\/salutologie.org\/#website\",\"url\":\"https:\/\/salutologie.org\/\",\"name\":\"Universit\u00e4t f\u00fcr Salutologie\u00ae\",\"description\":\"Universit\u00e4t f\u00fcr Salutologie\u00ae\",\"potentialAction\":[{\"@type\":\"SearchAction\",\"target\":{\"@type\":\"EntryPoint\",\"urlTemplate\":\"https:\/\/salutologie.org\/?s={search_term_string}\"},\"query-input\":\"required name=search_term_string\"}],\"inLanguage\":\"en-GB\"}]}<\/script>\n<!-- \/ Yoast SEO plugin. -->","yoast_head_json":{"title":"Wirtschaft - Universit\u00e4t f\u00fcr Salutologie\u00ae","robots":{"index":"index","follow":"follow","max-snippet":"max-snippet:-1","max-image-preview":"max-image-preview:large","max-video-preview":"max-video-preview:-1"},"canonical":"https:\/\/salutologie.org\/en\/bereiche\/wirtschaft\/","og_locale":"en_GB","og_type":"article","og_title":"Wirtschaft - Universit\u00e4t f\u00fcr Salutologie\u00ae","og_url":"https:\/\/salutologie.org\/en\/bereiche\/wirtschaft\/","og_site_name":"Universit\u00e4t f\u00fcr Salutologie\u00ae","article_modified_time":"2025-08-06T19:27:06+00:00","twitter_card":"summary_large_image","twitter_misc":{"Estimated reading time":"3 minutes"},"schema":{"@context":"https:\/\/schema.org","@graph":[{"@type":"WebPage","@id":"https:\/\/salutologie.org\/bereiche\/wirtschaft\/","url":"https:\/\/salutologie.org\/bereiche\/wirtschaft\/","name":"Wirtschaft - Universit\u00e4t f\u00fcr Salutologie\u00ae","isPartOf":{"@id":"https:\/\/salutologie.org\/#website"},"datePublished":"2020-06-19T12:24:47+00:00","dateModified":"2025-08-06T19:27:06+00:00","breadcrumb":{"@id":"https:\/\/salutologie.org\/bereiche\/wirtschaft\/#breadcrumb"},"inLanguage":"en-GB","potentialAction":[{"@type":"ReadAction","target":["https:\/\/salutologie.org\/bereiche\/wirtschaft\/"]}]},{"@type":"BreadcrumbList","@id":"https:\/\/salutologie.org\/bereiche\/wirtschaft\/#breadcrumb","itemListElement":[{"@type":"ListItem","position":1,"name":"Startseite","item":"https:\/\/salutologie.org\/"},{"@type":"ListItem","position":2,"name":"Bereiche","item":"https:\/\/salutologie.org\/bereiche\/"},{"@type":"ListItem","position":3,"name":"Wirtschaft"}]},{"@type":"WebSite","@id":"https:\/\/salutologie.org\/#website","url":"https:\/\/salutologie.org\/","name":"Universit\u00e4t f\u00fcr Salutologie\u00ae","description":"Universit\u00e4t f\u00fcr Salutologie\u00ae","potentialAction":[{"@type":"SearchAction","target":{"@type":"EntryPoint","urlTemplate":"https:\/\/salutologie.org\/?s={search_term_string}"},"query-input":"required name=search_term_string"}],"inLanguage":"en-GB"}]}},"_links":{"self":[{"href":"http:\/\/salutologie.org\/en\/wp-json\/wp\/v2\/pages\/2736"}],"collection":[{"href":"http:\/\/salutologie.org\/en\/wp-json\/wp\/v2\/pages"}],"about":[{"href":"http:\/\/salutologie.org\/en\/wp-json\/wp\/v2\/types\/page"}],"author":[{"embeddable":true,"href":"http:\/\/salutologie.org\/en\/wp-json\/wp\/v2\/users\/1"}],"replies":[{"embeddable":true,"href":"http:\/\/salutologie.org\/en\/wp-json\/wp\/v2\/comments?post=2736"}],"version-history":[{"count":20,"href":"http:\/\/salutologie.org\/en\/wp-json\/wp\/v2\/pages\/2736\/revisions"}],"predecessor-version":[{"id":4537,"href":"http:\/\/salutologie.org\/en\/wp-json\/wp\/v2\/pages\/2736\/revisions\/4537"}],"up":[{"embeddable":true,"href":"http:\/\/salutologie.org\/en\/wp-json\/wp\/v2\/pages\/159"}],"wp:attachment":[{"href":"http:\/\/salutologie.org\/en\/wp-json\/wp\/v2\/media?parent=2736"}],"curies":[{"name":"wp","href":"https:\/\/api.w.org\/{rel}","templated":true}]}}