{"id":3227,"date":"2020-07-12T14:48:12","date_gmt":"2020-07-12T12:48:12","guid":{"rendered":"https:\/\/chronoinstitut.org\/?page_id=3227"},"modified":"2025-08-06T21:26:13","modified_gmt":"2025-08-06T19:26:13","slug":"musik-und-kunst","status":"publish","type":"page","link":"http:\/\/salutologie.org\/en\/bereiche\/musik-und-kunst\/","title":{"rendered":"Musik und Kunst"},"content":{"rendered":"<section class=\"wpb-content-wrapper\"><div class=\"block-area stripe wpb_row default with-border vc_row-fluid\"><div class=\"container clearfix\">\n\t<div class=\"vc_col-sm-6 wpb_column column_container\" style=\"\">\n\t\t<div class=\"wpb_wrapper\">\n\t\t\t\n\t<div class=\"wpb_text_column wpb_content_element\">\n\t\t<div class=\"wpb_wrapper\">\n\t\t\t<h1>Musik beeinflusst den menschlichen Organismus<\/h1>\n<p>&nbsp;<\/p>\n<p>Musik ist ein basales Grundbed\u00fcrfnis des Menschen. Wie kaum eine andere Kunstform ist sie in der Lage, den menschlichen Organismus zu beeinflussen, mit ihm in \u201eResonanz\u201c zu treten. Wir erforschen, welche M\u00f6glichkeiten Musik f\u00fcr die Salutogenese er\u00f6ffnet. Diese Fragestellung verweist in die Antike, kn\u00fcpft an die Philosophie (Vorsokratiker, Platon, etc.), und gleichzeitig an die Gegenwart wie Zukunft, die sie unermesslich zu bereichern vermag.<\/p>\n\n\t\t<\/div> \n\t<\/div> \n\t\t<\/div> \n\t<\/div> \n\n\t<div class=\"vc_col-sm-6 wpb_column column_container\" style=\"\">\n\t\t<div class=\"wpb_wrapper\">\n\t\t\t\n\t\t<\/div> \n\t<\/div> \n<\/div><\/div><div class=\"block-area stripe wpb_row default with-border vc_row-fluid\"><div class=\"container clearfix\">\n\t<div class=\"vc_col-sm-6 wpb_column column_container\" style=\"\">\n\t\t<div class=\"wpb_wrapper\">\n\t\t\t\n\t\t<\/div> \n\t<\/div> \n\n\t<div class=\"vc_col-sm-6 wpb_column column_container\" style=\"\">\n\t\t<div class=\"wpb_wrapper\">\n\t\t\t\n\t<div class=\"wpb_text_column wpb_content_element\">\n\t\t<div class=\"wpb_wrapper\">\n\t\t\t<h1>No business like show-business<\/h1>\n<p>&nbsp;<\/p>\n<p>Musik ist \u201eZeitkunst\u201c \u2013 wir widmen uns der Aufarbeitung theoretischer und philosophischer Fragen zur Natur der Zeit sowie ihrer Bedeutung f\u00fcr die k\u00fcnstlerische Gestaltung. Gleichzeitig gilt unser Interesse der harten Realit\u00e4t von K\u00fcnstlerInnen, f\u00fcr die auf und hinter der B\u00fchne die Devise gilt: \u201eThere is no business like show-business\u201c.<\/p>\n\n\t\t<\/div> \n\t<\/div> \n\t\t<\/div> \n\t<\/div> \n<\/div><\/div><div class=\"block-area stripe wpb_row default with-border vc_row-fluid\" style=\"background-color: #ffffff;\"><div class=\"container clearfix\">\n\t<div class=\"vc_col-sm-6 wpb_column column_container\" style=\"background-color: #ffffff;\">\n\t\t<div class=\"wpb_wrapper\">\n\t\t\t\n\t<div class=\"wpb_text_column wpb_content_element\">\n\t\t<div class=\"wpb_wrapper\">\n\t\t\t<h1>K\u00fcnstlerInnen stehen unter hoher Belastung<\/h1>\n<p>&nbsp;<\/p>\n<p>\u201eLampenfieber\u201c, zudem hoher Zeitdruck und in der Folge Burnout bilden einen Teufelskreis, den viele K\u00fcnstlerInnen durchleben.\u00a0 Hinsichtlich der rein k\u00f6rperlichen Beanspruchung reicht das klassische Ballett in den Spitzensport, aber auch ein Klavierabend ist \u201eSchwerarbeit\u201c. Wir geben der gesamten, auf der B\u00fchne und am Podium t\u00e4tigen Berufsgruppe durch salutogene Ma\u00dfnahmen die M\u00f6glichkeit, dem Entstehen von gesundheitlichen Problemen pr\u00e4ventiv und nachhaltig vorzubeugen.<\/p>\n\n\t\t<\/div> \n\t<\/div> \n\t\t<\/div> \n\t<\/div> \n\n\t<div class=\"vc_col-sm-6 wpb_column column_container\" style=\"\">\n\t\t<div class=\"wpb_wrapper\">\n\t\t\t\n\t\t<\/div> \n\t<\/div> \n<\/div><\/div><div class=\"block-area stripe wpb_row default with-border vc_row-fluid\" style=\"background-color: #f8f8f8;\"><div class=\"container clearfix\">\n\t<div class=\"vc_col-sm-12 wpb_column column_container\" style=\"\">\n\t\t<div class=\"wpb_wrapper\">\n\t\t\t\n\t<div class=\"wpb_text_column wpb_content_element\">\n\t\t<div class=\"wpb_wrapper\">\n\t\t\t<h1 style=\"text-align: center;\">Forschungsthemen<\/h1>\n<ul>\n<li style=\"text-align: center;\">Theorien und Philosophie der Zeit \u2013 gestern, heute, morgen<\/li>\n<li style=\"text-align: center;\">Musik als \u201eZeitkunst\u201c<\/li>\n<li style=\"text-align: center;\">Dramaturgie als \u201eZeitkunst\u201c<\/li>\n<li style=\"text-align: center;\">Musik in der performance-spezifischen Salutogenese<\/li>\n<li style=\"text-align: center;\">Transdisziplin\u00e4re Kulturbetrachtung<\/li>\n<\/ul>\n\n\t\t<\/div> \n\t<\/div> \n\t\t<\/div> \n\t<\/div> \n<\/div><\/div><div class=\"block-area stripe wpb_row default with-border vc_row-fluid\"><div class=\"container clearfix\">\n\t<div class=\"vc_col-sm-12 wpb_column column_container\" style=\"\">\n\t\t<div class=\"wpb_wrapper\">\n\t\t\t\n\t<div class=\"wpb_text_column wpb_content_element\">\n\t\t<div class=\"wpb_wrapper\">\n\t\t\t<h1 style=\"text-align: center;\">Experten<\/h1>\n<p style=\"text-align: center;\">Oliver Peter Graber<\/p>\n<p style=\"text-align: center;\"><a href=\"https:\/\/chronoinstitut.org\/team-member\/peter-hauschild\/\" target=\"_blank\" rel=\"noopener noreferrer\">Peter Hauschild<\/a><\/p>\n\n\t\t<\/div> \n\t<\/div> \n\t\t<\/div> \n\t<\/div> \n<\/div><\/div><div class=\"block-area stripe wpb_row default with-border vc_row-fluid\"><div class=\"container clearfix\">\n\t<div class=\"vc_col-sm-6 wpb_column column_container\" style=\"\">\n\t\t<div class=\"wpb_wrapper\">\n\t\t\t\n\t<div class=\"wpb_text_column wpb_content_element\">\n\t\t<div class=\"wpb_wrapper\">\n\t\t\t<h1>Ausbildung<\/h1>\n<p>&nbsp;<\/p>\n<p>Online-Seminare zur transdisziplin\u00e4ren Kulturbetrachtung, dem Thema \u201eZeit\u201c, Musik und Dramaturgie; Online-Seminare zum Thema \u201eSalutogenese und Musik\u201c<\/p>\n\n\t\t<\/div> \n\t<\/div> \n\t\t<\/div> \n\t<\/div> \n\n\t<div class=\"vc_col-sm-6 wpb_column column_container\" style=\"\">\n\t\t<div class=\"wpb_wrapper\">\n\t\t\t\n\t\t<\/div> \n\t<\/div> \n<\/div><\/div>\n<\/section>","protected":false},"excerpt":{"rendered":"Musik beeinflusst den menschlichen Organismus &nbsp; Musik ist ein basales Grundbed\u00fcrfnis des Menschen. Wie kaum eine andere Kunstform ist sie...","protected":false},"author":1,"featured_media":0,"parent":159,"menu_order":0,"comment_status":"closed","ping_status":"closed","template":"","meta":{"footnotes":""},"yoast_head":"<!-- This site is optimized with the Yoast SEO plugin v22.6 - https:\/\/yoast.com\/wordpress\/plugins\/seo\/ -->\n<title>Musik und Kunst - Universit\u00e4t f\u00fcr Salutologie\u00ae<\/title>\n<meta name=\"robots\" content=\"index, follow, max-snippet:-1, max-image-preview:large, max-video-preview:-1\" \/>\n<link rel=\"canonical\" href=\"https:\/\/salutologie.org\/en\/bereiche\/musik-und-kunst\/\" \/>\n<meta property=\"og:locale\" content=\"en_GB\" \/>\n<meta property=\"og:type\" content=\"article\" \/>\n<meta property=\"og:title\" content=\"Musik und Kunst - Universit\u00e4t f\u00fcr Salutologie\u00ae\" \/>\n<meta property=\"og:url\" content=\"https:\/\/salutologie.org\/en\/bereiche\/musik-und-kunst\/\" \/>\n<meta property=\"og:site_name\" content=\"Universit\u00e4t f\u00fcr Salutologie\u00ae\" \/>\n<meta property=\"article:modified_time\" content=\"2025-08-06T19:26:13+00:00\" \/>\n<meta name=\"twitter:card\" content=\"summary_large_image\" \/>\n<meta name=\"twitter:label1\" content=\"Estimated reading time\" \/>\n\t<meta name=\"twitter:data1\" content=\"3 minutes\" \/>\n<script type=\"application\/ld+json\" class=\"yoast-schema-graph\">{\"@context\":\"https:\/\/schema.org\",\"@graph\":[{\"@type\":\"WebPage\",\"@id\":\"https:\/\/salutologie.org\/bereiche\/musik-und-kunst\/\",\"url\":\"https:\/\/salutologie.org\/bereiche\/musik-und-kunst\/\",\"name\":\"Musik und Kunst - Universit\u00e4t f\u00fcr Salutologie\u00ae\",\"isPartOf\":{\"@id\":\"https:\/\/salutologie.org\/#website\"},\"datePublished\":\"2020-07-12T12:48:12+00:00\",\"dateModified\":\"2025-08-06T19:26:13+00:00\",\"breadcrumb\":{\"@id\":\"https:\/\/salutologie.org\/bereiche\/musik-und-kunst\/#breadcrumb\"},\"inLanguage\":\"en-GB\",\"potentialAction\":[{\"@type\":\"ReadAction\",\"target\":[\"https:\/\/salutologie.org\/bereiche\/musik-und-kunst\/\"]}]},{\"@type\":\"BreadcrumbList\",\"@id\":\"https:\/\/salutologie.org\/bereiche\/musik-und-kunst\/#breadcrumb\",\"itemListElement\":[{\"@type\":\"ListItem\",\"position\":1,\"name\":\"Startseite\",\"item\":\"https:\/\/salutologie.org\/\"},{\"@type\":\"ListItem\",\"position\":2,\"name\":\"Bereiche\",\"item\":\"https:\/\/salutologie.org\/bereiche\/\"},{\"@type\":\"ListItem\",\"position\":3,\"name\":\"Musik und Kunst\"}]},{\"@type\":\"WebSite\",\"@id\":\"https:\/\/salutologie.org\/#website\",\"url\":\"https:\/\/salutologie.org\/\",\"name\":\"Universit\u00e4t f\u00fcr Salutologie\u00ae\",\"description\":\"Universit\u00e4t f\u00fcr Salutologie\u00ae\",\"potentialAction\":[{\"@type\":\"SearchAction\",\"target\":{\"@type\":\"EntryPoint\",\"urlTemplate\":\"https:\/\/salutologie.org\/?s={search_term_string}\"},\"query-input\":\"required name=search_term_string\"}],\"inLanguage\":\"en-GB\"}]}<\/script>\n<!-- \/ Yoast SEO plugin. -->","yoast_head_json":{"title":"Musik und Kunst - Universit\u00e4t f\u00fcr Salutologie\u00ae","robots":{"index":"index","follow":"follow","max-snippet":"max-snippet:-1","max-image-preview":"max-image-preview:large","max-video-preview":"max-video-preview:-1"},"canonical":"https:\/\/salutologie.org\/en\/bereiche\/musik-und-kunst\/","og_locale":"en_GB","og_type":"article","og_title":"Musik und Kunst - Universit\u00e4t f\u00fcr Salutologie\u00ae","og_url":"https:\/\/salutologie.org\/en\/bereiche\/musik-und-kunst\/","og_site_name":"Universit\u00e4t f\u00fcr Salutologie\u00ae","article_modified_time":"2025-08-06T19:26:13+00:00","twitter_card":"summary_large_image","twitter_misc":{"Estimated reading time":"3 minutes"},"schema":{"@context":"https:\/\/schema.org","@graph":[{"@type":"WebPage","@id":"https:\/\/salutologie.org\/bereiche\/musik-und-kunst\/","url":"https:\/\/salutologie.org\/bereiche\/musik-und-kunst\/","name":"Musik und Kunst - Universit\u00e4t f\u00fcr Salutologie\u00ae","isPartOf":{"@id":"https:\/\/salutologie.org\/#website"},"datePublished":"2020-07-12T12:48:12+00:00","dateModified":"2025-08-06T19:26:13+00:00","breadcrumb":{"@id":"https:\/\/salutologie.org\/bereiche\/musik-und-kunst\/#breadcrumb"},"inLanguage":"en-GB","potentialAction":[{"@type":"ReadAction","target":["https:\/\/salutologie.org\/bereiche\/musik-und-kunst\/"]}]},{"@type":"BreadcrumbList","@id":"https:\/\/salutologie.org\/bereiche\/musik-und-kunst\/#breadcrumb","itemListElement":[{"@type":"ListItem","position":1,"name":"Startseite","item":"https:\/\/salutologie.org\/"},{"@type":"ListItem","position":2,"name":"Bereiche","item":"https:\/\/salutologie.org\/bereiche\/"},{"@type":"ListItem","position":3,"name":"Musik und Kunst"}]},{"@type":"WebSite","@id":"https:\/\/salutologie.org\/#website","url":"https:\/\/salutologie.org\/","name":"Universit\u00e4t f\u00fcr Salutologie\u00ae","description":"Universit\u00e4t f\u00fcr Salutologie\u00ae","potentialAction":[{"@type":"SearchAction","target":{"@type":"EntryPoint","urlTemplate":"https:\/\/salutologie.org\/?s={search_term_string}"},"query-input":"required name=search_term_string"}],"inLanguage":"en-GB"}]}},"_links":{"self":[{"href":"http:\/\/salutologie.org\/en\/wp-json\/wp\/v2\/pages\/3227"}],"collection":[{"href":"http:\/\/salutologie.org\/en\/wp-json\/wp\/v2\/pages"}],"about":[{"href":"http:\/\/salutologie.org\/en\/wp-json\/wp\/v2\/types\/page"}],"author":[{"embeddable":true,"href":"http:\/\/salutologie.org\/en\/wp-json\/wp\/v2\/users\/1"}],"replies":[{"embeddable":true,"href":"http:\/\/salutologie.org\/en\/wp-json\/wp\/v2\/comments?post=3227"}],"version-history":[{"count":11,"href":"http:\/\/salutologie.org\/en\/wp-json\/wp\/v2\/pages\/3227\/revisions"}],"predecessor-version":[{"id":4540,"href":"http:\/\/salutologie.org\/en\/wp-json\/wp\/v2\/pages\/3227\/revisions\/4540"}],"up":[{"embeddable":true,"href":"http:\/\/salutologie.org\/en\/wp-json\/wp\/v2\/pages\/159"}],"wp:attachment":[{"href":"http:\/\/salutologie.org\/en\/wp-json\/wp\/v2\/media?parent=3227"}],"curies":[{"name":"wp","href":"https:\/\/api.w.org\/{rel}","templated":true}]}}