{"id":4833,"date":"2023-01-20T16:53:29","date_gmt":"2023-01-20T15:53:29","guid":{"rendered":"https:\/\/salutologie.org\/?page_id=4833"},"modified":"2023-01-20T16:55:04","modified_gmt":"2023-01-20T15:55:04","slug":"abgs","status":"publish","type":"page","link":"http:\/\/salutologie.org\/en\/abgs\/","title":{"rendered":"ABGs"},"content":{"rendered":"<p><strong>1. Teil Allgemeine Vertragsbedingungen<\/strong><\/p>\n<p><strong>I. Geltungsbereich<\/strong><\/p>\n<p>Die nachstehenden allgemeinen Gesch\u00e4ftsbedingungen (nachfolgend \u201eAGB\u201c) enthalten die zwischen der Kundin oder dem Kunden (nachfolgend \u201eKunde\u201c) und dem Institut f\u00fcr Salutologie sowie der Akademie f\u00fcr Salutologie (nachfolgend \u201eAnbieterin\u201c) ausschlie\u00dflich geltenden Bedingungen, soweit diese nicht durch schriftliche Vereinbarungen zwischen den Parteien abge\u00e4ndert oder durch konkrete Individualabreden ersetzt werden. Die AGB gelten f\u00fcr alle \u00fcber die Internetseite www.salutologie.org abgeschlossenen Vertr\u00e4ge zwischen Kunde und Anbieterin hinsichtlich der dort von der Anbieterin angebotenen Dienstleistungen (insbesondere Seminare).<\/p>\n<p>Kunden im Sinne dieser AGB sind sowohl Verbraucher als auch Unternehmer. Verbraucher ist jede nat\u00fcrliche Person, die ein Rechtsgesch\u00e4ft zu Zwecken abschlie\u00dft, die \u00fcberwiegend weder ihrer gewerblichen noch ihrer selbst\u00e4ndigen beruflichen T\u00e4tigkeit zugerechnet werden k\u00f6nnen. Unternehmer ist jede nat\u00fcrliche oder juristische Person oder rechtsf\u00e4hige Personengesellschaft, die bei Abschluss eines Rechtsgesch\u00e4fts in Aus\u00fcbung ihrer selbst\u00e4ndigen beruflichen oder gewerblichen T\u00e4tigkeit handelt.<\/p>\n<p><strong>II. Vertragsschluss<\/strong><\/p>\n<p>Die auf der Website der Anbieterin aufgef\u00fchrten und beschriebenen Seminare dienen der Abgabe eines verbindlichen Angebots durch den Kunden und stellen keine verbindlichen Angebote der Anbieterin dar. Der Kunde kann aus den aufgef\u00fchrten Seminaren ausw\u00e4hlen und gleichzeitig entscheiden, ob mit der Buchungsanfrage in Bezug auf das Seminar auch eine Buchungsanfrage in Bezug auf eine Beherbergung in dem Seminarhotel der Anbieterin verbunden werden soll. Nach Angabe seiner Kontaktdaten und Aktivierung des H\u00e4kchens in dem Kasten \u201eIch habe die AGB gelesen und erkl\u00e4re mich mit ihnen einverstanden. Ich nehme zur Kenntnis, dass ich den Vertrag nur gem\u00e4\u00df den AGB stornieren nicht aber widerrufen kann.\u201c kann der Kunde durch einen Klick auf den Button \u201eKostenpflichtig buchen\u201c ein rechtsverbindliches Vertragsangebot abgegeben.<\/p>\n<p>Nach Eingang der verbindlichen Buchungsanfrage des Kunden versendet die Anbieterin zun\u00e4chst an die vom Kunden angegebene E-Mail-Adresse eine automatische Best\u00e4tigungsnachricht, dass die Buchungsanfrage eingegangen ist. Die automatische Best\u00e4tigungsnachricht dokumentiert lediglich, dass die Buchung des Kunden bei der Anbieterin eingegangen ist und stellt keine Annahme des Angebots des Kunden dar. Die Anbieterin kann das Angebot des Kunden innerhalb von drei Werktagen annehmen. Die Annahme erfolgt<\/p>\n<p>a) durch die Zusendung einer schriftlichen Buchungsbest\u00e4tigung (per E-Mail, Post, Fax), wobei insoweit der Zugang der Auftragsbest\u00e4tigung beim Kunden ma\u00dfgeblich ist oder<\/p>\n<p>b) durch Zahlungsaufforderung an den Kunden nach dessen verbindlicher Buchungsanfrage.<\/p>\n<p>In der Regel wird das Angebot des Kunden mittels E-Mail angenommen, in der die Buchung fest best\u00e4tigt wird. In dieser E-Mail sind neben der Rechnung auch die wesentlichen Merkmale der Buchung nebst diesen allgemeinen Gesch\u00e4ftsbedingungen und anderen Pflichtinformationen beigef\u00fcgt.<\/p>\n<p><strong>III. Preise und Versandkosten<\/strong><\/p>\n<p>S\u00e4mtliche Preise, die bei den buchbaren Seminaren und den Beherbergungsoptionen angegeben werden, beinhalten gem\u00e4\u00df \u00a7 4 Nr. 21 a) bb) UStG keine Umsatzsteuer.<\/p>\n<p><strong> \u00a0Zahlungsbedingungen<\/strong><\/p>\n<p>Die Zahlung des vereinbarten Preises f\u00fcr ein gebuchtes Seminar erfolgt nach Erhalt der Rechnung mittels \u00dcberweisung. Der entsprechende Betrag muss sp\u00e4testens zehn Tage vor Beginn des betreffenden Seminars auf dem Bankkonto der Anbieterin eingehen.<\/p>\n<p><strong> Stornierung\/\u00c4nderung der Buchung<\/strong><\/p>\n<p>Kunden k\u00f6nnen verbindlich gebuchte Seminartermine (per E-Mail, Post) stornieren oder \u00e4ndern. Die Stornierung oder \u00c4nderung ist kostenpflichtig, wobei die Kosten wie folgt aufsteigend erhoben werden, je n\u00e4her die Stornierung an den Starttermin des gebuchten Seminars vorgenommen wird:<\/p>\n<p>Bis zum 28. Tag vor dem Beginn des gebuchten Seminartermins ist eine kostenfreie Stornierung m\u00f6glich<\/p>\n<p>Vom 27. bis zum 14. Tag vor dem Beginn des gebuchten Seminartermins erhebt die Anbieterin eine Geb\u00fchr von 25 % des in Rechnung gestellten Seminarpreises f\u00fcr eine Stornierung oder \u00c4nderung der Buchung.<\/p>\n<p>Vom 13. bis zum 7. Tag vor dem Beginn des gebuchten Seminartermins erhebt die Anbieterin eine Geb\u00fchr von 50 % des in Rechnung gestellten Seminarpreises f\u00fcr eine Stornierung oder \u00c4nderung der Buchung.<\/p>\n<p>Ab dem sechsten Tag vor dem Beginn des gebuchten Seminartermins ist f\u00fcr eine Stornierung bzw. \u00c4nderung der Buchung der volle Betrag des in Rechnung gestellten Gesamtpreises (Seminarpreis, Verpflegung) zu zahlen.<\/p>\n<p>Falls der eine Stornierung oder \u00c4nderung einer Buchung w\u00fcnschende Seminarteilnehmer einen\/eine Ersatzteilnehmer(in) f\u00fcr den gebuchten Seminartermin und die Beherbergung benennen kann, der die Buchung an seiner\/ihrer statt \u00fcbernimmt, ist stets nur die Bearbeitungsgeb\u00fchr von 25,- \u20ac zu entrichten.<\/p>\n<p><strong> Gew\u00e4hrleistung<\/strong><\/p>\n<p>Es gelten die gesetzlichen Gew\u00e4hrleistungsanspr\u00fcche.<\/p>\n<p><strong>VII. Haftung<\/strong><\/p>\n<p>Die Anbieterin haftet aus jedem Rechtsgrund uneingeschr\u00e4nkt<\/p>\n<p>a) f\u00fcr Sch\u00e4den aus der Verletzung des Lebens, des K\u00f6rpers oder der Gesundheit, die die Anbieterin durch eine fahrl\u00e4ssige oder vors\u00e4tzliche Pflichtverletzung herbeigef\u00fchrt hat. Gleiches gilt, wenn ein gesetzlicher Vertreter oder Erf\u00fcllungsgehilfe die sch\u00e4digende Handlung verursacht hat;<\/p>\n<p>b) f\u00fcr sonstige Sch\u00e4den, die die Anbieterin durch eine grob fahrl\u00e4ssige oder vors\u00e4tzliche Pflichtverletzung herbeigef\u00fchrt hat. Gleiches gilt, wenn ein gesetzlicher Vertreter oder Erf\u00fcllungsgehilfe die sch\u00e4digende Handlung verursacht hat;<\/p>\n<p>Dar\u00fcber hinaus haftet die Anbieterin uneingeschr\u00e4nkt bei Arglist und Garantieversprechen.<\/p>\n<p>Bei fahrl\u00e4ssig verursachten Sach- und Verm\u00f6genssch\u00e4den haftet die Anbieterin nur bei der Verletzung einer wesentlichen Vertragspflicht, also der Verletzung von Pflichten, welche dem Vertragspartner Rechtspositionen einr\u00e4umen, die er nach dem Inhalt, Natur und Zweck des Vertrages erwarten darf, und deren Erf\u00fcllung die ordnungsgem\u00e4\u00dfe Durchf\u00fchrung des Vertrages \u00fcberhaupt erst erm\u00f6glicht, jedoch der H\u00f6he nach beschr\u00e4nkt auf die bei Vertragsschluss vorhersehbaren und vertragstypischen Sch\u00e4den.<\/p>\n<p>Im \u00dcbrigen ist die Haftung der Anbieterin f\u00fcr leicht fahrl\u00e4ssige Pflichtverletzungen ausgeschlossen.<\/p>\n<p><strong>VIII. Schlussbestimmungen<\/strong><\/p>\n<p>Es gilt das Recht der Bundesrepublik Deutschland unter Ausschluss des UN-Kaufrechts. Unber\u00fchrt bleiben zwingende Bestimmungen des Staates, in dem der Kunde seinen gew\u00f6hnlichen Aufenthalt hat.<\/p>\n<p>Sofern der Kunde keinen allgemeinen Gerichtsstand im Inland hat oder nach Vertragsschluss ins Ausland verzieht oder der Wohnsitz zum Zeitpunkt der Klageerhebung nicht bekannt ist, ist Gerichtsstand f\u00fcr alle Streitigkeiten Frankfurt am Main. Dieser Gerichtsstand gilt auch gegen\u00fcber dem Kunden, der Kaufmann iSd HGB, juristische Person des \u00f6ffentlichen Rechts oder \u00f6ffentlich rechtliches Sonderverm\u00f6gen ist. Gegen\u00fcber Unternehmern ist der Erf\u00fcllungsort Oberursel\/Taunus. Die Befugnis der Anbieterin, auch das Gericht an einem anderen gesetzlichen Gerichtsstand anzurufen, bleibt hiervon unber\u00fchrt.<\/p>\n<p>Sollte sich eine der Bestimmungen dieser AGB als unwirksam bzw. undurchf\u00fchrbar erweisen, bleiben die \u00fcbrigen Bestimmungen davon unber\u00fchrt und weiterhin wirksam.<\/p>\n<p><strong> Teil Kundeninformationen<\/strong><\/p>\n<p>Der Vertragstext sowie die Angaben des Kunden werden von der Anbieterin gespeichert. Nach Abschluss der Buchung erh\u00e4lt der Kunde eine \u00fcbersichtliche Buchungsbest\u00e4tigung, in denen alle Angaben zu der Buchung enthalten sind. Ferner besteht die M\u00f6glichkeit den Vertragstext \u00fcber die Druckfunktionen des Browsers auszudrucken.<\/p>\n<p>Der Kunde kann seine Eingaben vor Abgabe seiner Bestellung mit den von der Anbieterin zur Verf\u00fcgung gestellten technischen Mitteln innerhalb der jeweiligen Eingabefelder mittels den \u00fcblichen Tastatur- und Mausfunktionen korrigieren. Hierbei kann der Kunde einerseits durch Bet\u00e4tigung der \u201eZur\u00fccktaste\u201c oder den \u201eZur\u00fcckpfeil\u201c seine Eingaben korrigieren. Korrekturen k\u00f6nnen zudem entweder direkt auf den einzelnen Angebotsseiten in den vorhandenen Eingabefeldern erfolgen. Alle diese Korrekturm\u00f6glichkeiten bestehen bis einschlie\u00dflich zur Abgabe des verbindlichen Angebotes \u00fcber der Button &#8222;Kostenpflichtig buchen&#8220;.<\/p>\n<p>III. Die f\u00fcr den Vertragsabschluss zur Verf\u00fcgung stehende Sprache ist deutsch. IV. Gem\u00e4\u00df \u00a7 312g Abs. 2 S. 1 Nr. 9 BGB haben auch Kunden, die Verbraucher sind, kein gesetzliches Widerrufsrecht bez\u00fcglich der bei der Anbieterin gebuchten Seminare und der Beherbergungen. Es ist daher auf die im 1. Teil unter V. gefassten Bestimmungen zur Stornierung oder \u00c4nderung des Vertrages zu verweisen. V. Gem\u00e4\u00df der Richtlinie 2013\/11\/EU hat die EU-Kommission eine Internetplattform zur Online-Beilegung von Streitigkeiten zwischen Unternehmern und Verbrauchern eingerichtet (sog. \u201eOS-Plattform\u201c). Diese ist unter folgendem Link erreichbar: \/\/ec.europa.eu\/consumers\/odr. Die Plattform dient als Anlaufstelle zur au\u00dfergerichtlichen Beilegung von Streitigkeiten, die aus Online-Kauf- und Dienstvertr\u00e4gen resultieren.<\/p>\n<p>Wir weisen gem\u00e4\u00df \u00a7 36 VSBG (Verbraucherstreitbeilegungsgesetz) darauf hin, dass wir weder bereit noch verpflichtet sind, an einem Streitbeilegungsverfahren vor einer Verbraucherschlichtungsstelle teilzunehmen.<\/p>\n<p><strong> Teil Widerrufsbelehrung<\/strong><\/p>\n<p>Mit der Annahme der Gesch\u00e4ftsbedingung gilt, dass der Vertrag nur gem\u00e4\u00df den AGB storniert nicht aber widerrufen werden kann.<\/p>\n<p>&nbsp;<\/p>","protected":false},"excerpt":{"rendered":"<p>1. Teil Allgemeine Vertragsbedingungen I. Geltungsbereich Die nachstehenden allgemeinen Gesch\u00e4ftsbedingungen (nachfolgend \u201eAGB\u201c) enthalten die zwischen der Kundin oder dem Kunden&#8230;<\/p>","protected":false},"author":1,"featured_media":0,"parent":0,"menu_order":0,"comment_status":"closed","ping_status":"closed","template":"","meta":{"footnotes":""},"yoast_head":"<!-- This site is optimized with the Yoast SEO plugin v22.6 - https:\/\/yoast.com\/wordpress\/plugins\/seo\/ -->\n<title>ABGs - Akademie f\u00fcr Salutologie\u00ae<\/title>\n<meta name=\"robots\" content=\"index, follow, max-snippet:-1, max-image-preview:large, max-video-preview:-1\" \/>\n<link rel=\"canonical\" href=\"https:\/\/salutologie.org\/en\/abgs\/\" \/>\n<meta property=\"og:locale\" content=\"en_GB\" \/>\n<meta property=\"og:type\" content=\"article\" \/>\n<meta property=\"og:title\" content=\"ABGs - Akademie f\u00fcr Salutologie\u00ae\" \/>\n<meta property=\"og:description\" content=\"1. Teil Allgemeine Vertragsbedingungen I. Geltungsbereich Die nachstehenden allgemeinen Gesch\u00e4ftsbedingungen (nachfolgend \u201eAGB\u201c) enthalten die zwischen der Kundin oder dem Kunden...\" \/>\n<meta property=\"og:url\" content=\"https:\/\/salutologie.org\/en\/abgs\/\" \/>\n<meta property=\"og:site_name\" content=\"Akademie f\u00fcr Salutologie\u00ae\" \/>\n<meta property=\"article:modified_time\" content=\"2023-01-20T15:55:04+00:00\" \/>\n<meta name=\"twitter:card\" content=\"summary_large_image\" \/>\n<meta name=\"twitter:label1\" content=\"Estimated reading time\" \/>\n\t<meta name=\"twitter:data1\" content=\"7 minutes\" \/>\n<script type=\"application\/ld+json\" class=\"yoast-schema-graph\">{\"@context\":\"https:\/\/schema.org\",\"@graph\":[{\"@type\":\"WebPage\",\"@id\":\"https:\/\/salutologie.org\/abgs\/\",\"url\":\"https:\/\/salutologie.org\/abgs\/\",\"name\":\"ABGs - Akademie f\u00fcr Salutologie\u00ae\",\"isPartOf\":{\"@id\":\"https:\/\/salutologie.org\/#website\"},\"datePublished\":\"2023-01-20T15:53:29+00:00\",\"dateModified\":\"2023-01-20T15:55:04+00:00\",\"breadcrumb\":{\"@id\":\"https:\/\/salutologie.org\/abgs\/#breadcrumb\"},\"inLanguage\":\"en-GB\",\"potentialAction\":[{\"@type\":\"ReadAction\",\"target\":[\"https:\/\/salutologie.org\/abgs\/\"]}]},{\"@type\":\"BreadcrumbList\",\"@id\":\"https:\/\/salutologie.org\/abgs\/#breadcrumb\",\"itemListElement\":[{\"@type\":\"ListItem\",\"position\":1,\"name\":\"Startseite\",\"item\":\"https:\/\/salutologie.org\/\"},{\"@type\":\"ListItem\",\"position\":2,\"name\":\"ABGs\"}]},{\"@type\":\"WebSite\",\"@id\":\"https:\/\/salutologie.org\/#website\",\"url\":\"https:\/\/salutologie.org\/\",\"name\":\"Akademie f\u00fcr Salutologie\u00ae\",\"description\":\"Akademie f\u00fcr Salutologie\u00ae\",\"potentialAction\":[{\"@type\":\"SearchAction\",\"target\":{\"@type\":\"EntryPoint\",\"urlTemplate\":\"https:\/\/salutologie.org\/?s={search_term_string}\"},\"query-input\":\"required name=search_term_string\"}],\"inLanguage\":\"en-GB\"}]}<\/script>\n<!-- \/ Yoast SEO plugin. -->","yoast_head_json":{"title":"ABGs - Akademie f\u00fcr Salutologie\u00ae","robots":{"index":"index","follow":"follow","max-snippet":"max-snippet:-1","max-image-preview":"max-image-preview:large","max-video-preview":"max-video-preview:-1"},"canonical":"https:\/\/salutologie.org\/en\/abgs\/","og_locale":"en_GB","og_type":"article","og_title":"ABGs - Akademie f\u00fcr Salutologie\u00ae","og_description":"1. Teil Allgemeine Vertragsbedingungen I. Geltungsbereich Die nachstehenden allgemeinen Gesch\u00e4ftsbedingungen (nachfolgend \u201eAGB\u201c) enthalten die zwischen der Kundin oder dem Kunden...","og_url":"https:\/\/salutologie.org\/en\/abgs\/","og_site_name":"Akademie f\u00fcr Salutologie\u00ae","article_modified_time":"2023-01-20T15:55:04+00:00","twitter_card":"summary_large_image","twitter_misc":{"Estimated reading time":"7 minutes"},"schema":{"@context":"https:\/\/schema.org","@graph":[{"@type":"WebPage","@id":"https:\/\/salutologie.org\/abgs\/","url":"https:\/\/salutologie.org\/abgs\/","name":"ABGs - Akademie f\u00fcr Salutologie\u00ae","isPartOf":{"@id":"https:\/\/salutologie.org\/#website"},"datePublished":"2023-01-20T15:53:29+00:00","dateModified":"2023-01-20T15:55:04+00:00","breadcrumb":{"@id":"https:\/\/salutologie.org\/abgs\/#breadcrumb"},"inLanguage":"en-GB","potentialAction":[{"@type":"ReadAction","target":["https:\/\/salutologie.org\/abgs\/"]}]},{"@type":"BreadcrumbList","@id":"https:\/\/salutologie.org\/abgs\/#breadcrumb","itemListElement":[{"@type":"ListItem","position":1,"name":"Startseite","item":"https:\/\/salutologie.org\/"},{"@type":"ListItem","position":2,"name":"ABGs"}]},{"@type":"WebSite","@id":"https:\/\/salutologie.org\/#website","url":"https:\/\/salutologie.org\/","name":"Akademie f\u00fcr Salutologie\u00ae","description":"Akademie f\u00fcr Salutologie\u00ae","potentialAction":[{"@type":"SearchAction","target":{"@type":"EntryPoint","urlTemplate":"https:\/\/salutologie.org\/?s={search_term_string}"},"query-input":"required name=search_term_string"}],"inLanguage":"en-GB"}]}},"_links":{"self":[{"href":"http:\/\/salutologie.org\/en\/wp-json\/wp\/v2\/pages\/4833"}],"collection":[{"href":"http:\/\/salutologie.org\/en\/wp-json\/wp\/v2\/pages"}],"about":[{"href":"http:\/\/salutologie.org\/en\/wp-json\/wp\/v2\/types\/page"}],"author":[{"embeddable":true,"href":"http:\/\/salutologie.org\/en\/wp-json\/wp\/v2\/users\/1"}],"replies":[{"embeddable":true,"href":"http:\/\/salutologie.org\/en\/wp-json\/wp\/v2\/comments?post=4833"}],"version-history":[{"count":2,"href":"http:\/\/salutologie.org\/en\/wp-json\/wp\/v2\/pages\/4833\/revisions"}],"predecessor-version":[{"id":4836,"href":"http:\/\/salutologie.org\/en\/wp-json\/wp\/v2\/pages\/4833\/revisions\/4836"}],"wp:attachment":[{"href":"http:\/\/salutologie.org\/en\/wp-json\/wp\/v2\/media?parent=4833"}],"curies":[{"name":"wp","href":"https:\/\/api.w.org\/{rel}","templated":true}]}}