{"id":5587,"date":"2025-11-02T16:59:04","date_gmt":"2025-11-02T15:59:04","guid":{"rendered":"https:\/\/salutologie.org\/?page_id=5587"},"modified":"2025-11-02T17:50:45","modified_gmt":"2025-11-02T16:50:45","slug":"certificate-course-in-psychosocial-organizational-consulting-psob","status":"publish","type":"page","link":"http:\/\/salutologie.org\/en\/academy\/certificate-course-in-psychosocial-organizational-consulting-psob\/?lang=en","title":{"rendered":"Certificate Course in Psychosocial Organizational Consulting (PSOB)"},"content":{"rendered":"<section class=\"wpb-content-wrapper\"><div class=\"block-area stripe wpb_row default with-border vc_row-fluid\"><div class=\"container clearfix\">\n\t<div class=\"vc_col-sm-12 wpb_column column_container\" style=\"\">\n\t\t<div class=\"wpb_wrapper\">\n\t\t\t\n\t<div class=\"wpb_text_column wpb_content_element\">\n\t\t<div class=\"wpb_wrapper\">\n\t\t\t<h1>Certificate Course in Psychosocial Organizational Consulting (PSOB)<\/h1>\n\n\t\t<\/div> \n\t<\/div> <div class=\"gap\" style=\"line-height: 20px; height: 20px;\"><\/div>\n\t<div class=\"wpb_single_image_wrapper center\"><div class=\"wpb_single_image wpb_content_element\">\n\t\t<div class=\"wpb_wrapper\">\n\t\t\t\n\t\t\t<div class=\"single_image_wrapper box-item\"><img class=\"\" src=\"https:\/\/salutologie.org\/wp-content\/uploads\/2020\/05\/photo-of-people-doing-handshakes-3183197-copy-1-1800x1000.jpg\" width=\"900\" height=\"500\" alt=\"photo-of-people-doing-handshakes-3183197 copy\" \/><\/div>\n\t\t<\/div> \n\t<\/div><\/div> \n\t\t<\/div> \n\t<\/div> \n<\/div><\/div><div class=\"block-area stripe wpb_row default with-border vc_row-fluid\"><div class=\"container clearfix\">\n\t<div class=\"vc_col-sm-6 wpb_column column_container\" style=\"\">\n\t\t<div class=\"wpb_wrapper\">\n\t\t\t\n\t<div class=\"wpb_text_column wpb_content_element\">\n\t\t<div class=\"wpb_wrapper\">\n\t\t\t<table width=\"574\">\n<tbody>\n<tr>\n<td width=\"217\">Institution<\/td>\n<td width=\"357\"><strong>University for Salutology i. f.<\/strong><\/td>\n<\/tr>\n<tr>\n<td width=\"217\">Department<\/td>\n<td width=\"357\"><strong>Academy for Continuing Education<\/strong><\/td>\n<\/tr>\n<tr>\n<td width=\"217\">Program Director<\/td>\n<td width=\"357\"><strong>Dr. Peter Hauschild<\/strong><\/td>\n<\/tr>\n<tr>\n<td width=\"217\">Duration | ECTS<\/td>\n<td width=\"357\"><strong>Certificate Program <\/strong><strong>4 Modules | 250 Hours | 10 ECTS<\/strong><\/td>\n<\/tr>\n<tr>\n<td width=\"217\">Qualification<\/td>\n<td width=\"357\"><strong>Psychosocial Organizational Consultant<\/strong><\/td>\n<\/tr>\n<tr>\n<td width=\"217\">Qualification level<\/td>\n<td width=\"357\"><strong>\u00a0EQ\u00a0 EQR\/NQR: Level 6<\/strong><\/td>\n<\/tr>\n<\/tbody>\n<\/table>\n\n\t\t<\/div> \n\t<\/div> \n\t\t<\/div> \n\t<\/div> \n\n\t<div class=\"vc_col-sm-6 wpb_column column_container\" style=\"\">\n\t\t<div class=\"wpb_wrapper\">\n\t\t\t\n\t<div class=\"wpb_text_column wpb_content_element\">\n\t\t<div class=\"wpb_wrapper\">\n\t\t\t<table width=\"574\">\n<tbody>\n<tr>\n<td width=\"217\">Academic Director<\/td>\n<td width=\"357\"><strong>Mag. Haris Harald Janisch<\/strong><\/td>\n<\/tr>\n<tr>\n<td width=\"217\">Course Director<\/td>\n<td width=\"357\"><strong>Mag. Ishwara Hadinoto<\/strong><\/td>\n<\/tr>\n<tr>\n<td width=\"217\">Type of Program<\/td>\n<td width=\"357\"><strong>Blended-learning<\/strong><\/td>\n<\/tr>\n<tr>\n<td width=\"217\">Program Fee<br \/>\nSupervision<\/td>\n<td width=\"357\"><strong>\u20ac 1.700,-<br \/>\n\u20ac\u00a0 \u00a0 400,-<br \/>\n<\/strong><\/td>\n<\/tr>\n<tr>\n<td width=\"217\">Language of Instruction<\/td>\n<td width=\"357\"><strong>German<\/strong><\/td>\n<\/tr>\n<tr>\n<td width=\"217\">Location of the Program<\/td>\n<td width=\"357\"><strong>Online &amp; on-site<\/strong><\/td>\n<\/tr>\n<tr>\n<td width=\"217\">Start of the Admission Process<\/td>\n<td width=\"357\"><strong>August 2025<\/strong><\/td>\n<\/tr>\n<tr>\n<td width=\"217\">Online information evening<\/td>\n<td width=\"357\"><strong>Every Tuesday at 7:00 p.m. via Zoom.<\/strong><\/td>\n<\/tr>\n<\/tbody>\n<\/table>\n\n\t\t<\/div> \n\t<\/div> \n\t\t<\/div> \n\t<\/div> \n<\/div><\/div><div class=\"block-area stripe wpb_row default with-border vc_row-fluid\"><div class=\"container clearfix\">\n\t<div class=\"vc_col-sm-12 wpb_column column_container\" style=\"\">\n\t\t<div class=\"wpb_wrapper\">\n\t\t\t<div class=\"vc_tta-container\" data-vc-action=\"collapseAll\"><div class=\"vc_general vc_tta vc_tta-accordion vc_tta-color-white vc_tta-style-classic vc_tta-shape-rounded vc_tta-o-shape-group vc_tta-controls-align-left vc_tta-o-no-fill vc_tta-o-all-clickable\"><div class=\"vc_tta-panels-container\"><div class=\"vc_tta-panels\"><div class=\"vc_tta-panel vc_active\" id=\"1754494246782-48793b33-00d0\" data-vc-content=\".vc_tta-panel-body\"><div class=\"vc_tta-panel-heading\"><h4 class=\"vc_tta-panel-title vc_tta-controls-icon-position-left\"><a href=\"#1754494246782-48793b33-00d0\" data-vc-accordion data-vc-container=\".vc_tta-container\"><span class=\"vc_tta-title-text\">Program Contents<\/span><i class=\"vc_tta-controls-icon vc_tta-controls-icon-plus\"><\/i><\/a><\/h4><\/div><div class=\"vc_tta-panel-body\">\n\t<div class=\"wpb_text_column wpb_content_element\">\n\t\t<div class=\"wpb_wrapper\">\n\t\t\t<h4><strong>Module 1 \u2013 Basics<\/strong><\/h4>\n<p><strong>Objectives:<\/strong>\u00a0Understanding the origin, significance, and areas of application of the PSOB.<\/p>\n<p><strong>Key Topics<\/strong><\/p>\n<ul>\n<li>Development of Corporate Health Management in Austria<\/li>\n<li>Vision, Mission &amp; Target Groups of the PSOB. Introduction to the Vienna Resilience Model<\/li>\n<li>Key Competencies: Dilemma Competence, Reflective Ability, Balance between Productivity &amp; Health. The 4th Vienna School of Psychological Counseling<\/li>\n<li>Theoretical Models: Work Ability Competence (ABK), Based on the Philosophy of Sociocrates, Introduction to the \u201cHouse of Healthy Work\u201d<\/li>\n<li>Introduction to the Salutological Terminology (Salutogenesis, Salutodynamics, Salutropia, Salutometry, Salutognosis, Saluting).<\/li>\n<\/ul>\n<p><strong>Your benefit:<\/strong> You will build a solid knowledge base and gain proficiency in the shared professional language for health-oriented organizational processes.<\/p>\n<h4><strong>Module 2 \u2013 Diagnostics, Evaluation &amp; Development of Measures<\/strong><\/h4>\n<p><strong>Objectives:<\/strong> Analyzing stress factors and developing tailored solutions.<\/p>\n<p><strong>Key Topics<\/strong><\/p>\n<ul>\n<li>Use of analog and digital questionnaires for stress analysis<\/li>\n<li>Qualitative and quantitative data evaluation<\/li>\n<li>Development of individual action plans for organizations and employees based on Sociocrates and the application of the Vienna Resilience Model<\/li>\n<li>Salutological assessment of methods and tools in organizational contexts<\/li>\n<li>Legally required stress evaluations (ASchG) using focus groups<\/li>\n<\/ul>\n<p><strong>Your benefit:<\/strong> You will clearly identify areas for action, develop effective prevention strategies, and combine legal compliance with salutogenetic added value.<\/p>\n<h4><strong>Module 3 \u2013 Implementation of Measures<\/strong><\/h4>\n<p><strong>Objectives:<\/strong> Strategies and methods for successful implementation within organizations.<\/p>\n<p><strong>Key Topics<\/strong><\/p>\n<ul>\n<li>Fostering a healthy team culture and value-based communication<\/li>\n<li>Agile Dilemma Solutions (ADS) &amp; Nonverbal Dialogics (NVD)<\/li>\n<li>Analysis and facilitation of group dynamics<\/li>\n<li>Coaching approaches for leadership development<\/li>\n<li>Strengthening reflection skills and solution-oriented decision-making<\/li>\n<\/ul>\n<p><strong>Your benefit:<\/strong> You will implement change effectively and sustainably, enhance collaboration, and empower leaders to become health-oriented facilitators.<\/p>\n<h4><strong>Module 4 \u2013 Marketing &amp; Final Examination<\/strong><\/h4>\n<p><strong>Objectives:<\/strong> Successful positioning and certification of your PSOB competence.<\/p>\n<p><strong>Key Topics<\/strong><\/p>\n<ul>\n<li>Market positioning with a clear USP<\/li>\n<li>Building relevant networks and long-term partnerships<\/li>\n<li>Conducting sales conversations with client-focused benefit arguments<\/li>\n<li>Legal requirements for the quality seal<\/li>\n<li>Targeted preparation for the final examination<\/li>\n<\/ul>\n<p><strong>Your benefit:<\/strong> You will present yourself professionally in the market, build valuable connections, and validate your competence with a recognized certification.<\/p>\n<p>For detailed information about the curriculum of the Psychosocial Organizational Consulting program, please contact <a href=\"mailto:akademie@salutologie.org\">akademie@salutologie.org<\/a>.<\/p>\n\n\t\t<\/div> \n\t<\/div> <\/div><\/div><div class=\"vc_tta-panel\" id=\"1754494246790-7fbf0223-8010\" data-vc-content=\".vc_tta-panel-body\"><div class=\"vc_tta-panel-heading\"><h4 class=\"vc_tta-panel-title vc_tta-controls-icon-position-left\"><a href=\"#1754494246790-7fbf0223-8010\" data-vc-accordion data-vc-container=\".vc_tta-container\"><span class=\"vc_tta-title-text\">Learning Outcomes<\/span><i class=\"vc_tta-controls-icon vc_tta-controls-icon-plus\"><\/i><\/a><\/h4><\/div><div class=\"vc_tta-panel-body\">\n\t<div class=\"wpb_text_column wpb_content_element\">\n\t\t<div class=\"wpb_wrapper\">\n\t\t\t<p>Upon successful completion of the PSOB Certificate Program, participants will be able to:<\/p>\n<ol>\n<li data-start=\"1322\" data-end=\"1443\">\n<p data-start=\"1324\" data-end=\"1443\">Understand and apply the theoretical foundations of psychosocial organizational consulting in a salutological context<\/p>\n<\/li>\n<li data-start=\"1444\" data-end=\"1540\">\n<p data-start=\"1446\" data-end=\"1540\">Classify the societal and economic framework of Corporate Health Management (CHM) in Austria<\/p>\n<\/li>\n<li data-start=\"1541\" data-end=\"1685\">\n<p data-start=\"1543\" data-end=\"1685\">Recognize and promote dilemma competence, salutogenesis, and work ability competence as key dimensions of effectiveness within organizations<\/p>\n<\/li>\n<li data-start=\"1686\" data-end=\"1795\">\n<p data-start=\"1688\" data-end=\"1795\">Professionally position themselves in the consulting market and distinguish PSOB from related professions<\/p>\n<\/li>\n<li data-start=\"1796\" data-end=\"1913\">\n<p data-start=\"1798\" data-end=\"1913\">Utilize digital and analog diagnostic tools (e.g., KABES) and HRV analyses to assess potential and stress factors<\/p>\n<\/li>\n<li data-start=\"1914\" data-end=\"2033\">\n<p data-start=\"1916\" data-end=\"2033\">Systematically evaluate qualitative and quantitative data and translate findings into salutology-based action plans<\/p>\n<\/li>\n<li data-start=\"2034\" data-end=\"2159\">\n<p data-start=\"2036\" data-end=\"2159\">Conduct legally required psychological stress evaluations in accordance with the Austrian Employee Protection Act (ASchG)<\/p>\n<\/li>\n<li data-start=\"2160\" data-end=\"2254\">\n<p data-start=\"2162\" data-end=\"2254\">Design and implement resilience-enhancing measures for team and group dynamics development<\/p>\n<\/li>\n<li data-start=\"2255\" data-end=\"2354\">\n<p data-start=\"2257\" data-end=\"2354\">Support executives through salutological coaching in reflection and value-based decision-making<\/p>\n<\/li>\n<li data-start=\"2355\" data-end=\"2455\">\n<p data-start=\"2357\" data-end=\"2455\">Develop persuasive arguments for PSOB services and design target group\u2013specific service packages<\/p>\n<\/li>\n<li data-start=\"2456\" data-end=\"2545\">\n<p data-start=\"2458\" data-end=\"2545\">Understand and apply legal frameworks and quality seal requirements for PSOB practice<\/p>\n<\/li>\n<li data-start=\"2546\" data-end=\"2682\" data-is-last-node=\"\">\n<p data-start=\"2548\" data-end=\"2682\" data-is-last-node=\"\">Analyze a professional project from a salutological perspective, document it thoroughly, and develop a well-founded solution strategy.<\/p>\n<\/li>\n<\/ol>\n\n\t\t<\/div> \n\t<\/div> <\/div><\/div><div class=\"vc_tta-panel\" id=\"1754494621273-01f802c7-c443\" data-vc-content=\".vc_tta-panel-body\"><div class=\"vc_tta-panel-heading\"><h4 class=\"vc_tta-panel-title vc_tta-controls-icon-position-left\"><a href=\"#1754494621273-01f802c7-c443\" data-vc-accordion data-vc-container=\".vc_tta-container\"><span class=\"vc_tta-title-text\">Teaching Methods<\/span><i class=\"vc_tta-controls-icon vc_tta-controls-icon-plus\"><\/i><\/a><\/h4><\/div><div class=\"vc_tta-panel-body\">\n\t<div class=\"wpb_text_column wpb_content_element\">\n\t\t<div class=\"wpb_wrapper\">\n\t\t\t<p>Online Classes via Zoom<\/p>\n<p>On-site Classes<\/p>\n\n\t\t<\/div> \n\t<\/div> <\/div><\/div><div class=\"vc_tta-panel\" id=\"1754494634851-c639d4e5-7555\" data-vc-content=\".vc_tta-panel-body\"><div class=\"vc_tta-panel-heading\"><h4 class=\"vc_tta-panel-title vc_tta-controls-icon-position-left\"><a href=\"#1754494634851-c639d4e5-7555\" data-vc-accordion data-vc-container=\".vc_tta-container\"><span class=\"vc_tta-title-text\">Final Certification<\/span><i class=\"vc_tta-controls-icon vc_tta-controls-icon-plus\"><\/i><\/a><\/h4><\/div><div class=\"vc_tta-panel-body\">\n\t<div class=\"wpb_text_column wpb_content_element\">\n\t\t<div class=\"wpb_wrapper\">\n\t\t\t<p>Certificate of Attendance issued after each module.<\/p>\n<p>Certificate awarded upon completion of the entire course.<\/p>\n\n\t\t<\/div> \n\t<\/div> <\/div><\/div><div class=\"vc_tta-panel\" id=\"1754494688017-7694c24d-27cf\" data-vc-content=\".vc_tta-panel-body\"><div class=\"vc_tta-panel-heading\"><h4 class=\"vc_tta-panel-title vc_tta-controls-icon-position-left\"><a href=\"#1754494688017-7694c24d-27cf\" data-vc-accordion data-vc-container=\".vc_tta-container\"><span class=\"vc_tta-title-text\">Target group<\/span><i class=\"vc_tta-controls-icon vc_tta-controls-icon-plus\"><\/i><\/a><\/h4><\/div><div class=\"vc_tta-panel-body\">\n\t<div class=\"wpb_text_column wpb_content_element\">\n\t\t<div class=\"wpb_wrapper\">\n\t\t\t<p>This seminar is intended for life and social counselors, psychologists, psychotherapists, medical professionals, educators, nursing staff, and students of related disciplines.<\/p>\n\n\t\t<\/div> \n\t<\/div> <\/div><\/div><\/div><\/div><\/div><\/div>\n\t\t<\/div> \n\t<\/div> \n<\/div><\/div><div class=\"block-area stripe wpb_row default with-border vc_row-fluid\"><div class=\"container clearfix\">\n\t<div class=\"vc_col-sm-12 wpb_column column_container\" style=\"\">\n\t\t<div class=\"wpb_wrapper\">\n\t\t\t\n\t<div class=\"wpb_text_column wpb_content_element\">\n\t\t<div class=\"wpb_wrapper\">\n\t\t\t<h1>Registration for Further Information<\/h1>\n<p>Here you can register without obligation for the online information evening and to receive further details. We will contact you personally by email and send you all additional information.<\/p>\n\n<div class=\"wpcf7 no-js\" id=\"wpcf7-f5446-o1\" lang=\"de-DE\" dir=\"ltr\">\n<div class=\"screen-reader-response\"><p role=\"status\" aria-live=\"polite\" aria-atomic=\"true\"><\/p> <ul><\/ul><\/div>\n<form action=\"\/en\/wp-json\/wp\/v2\/pages\/5587#wpcf7-f5446-o1\" method=\"post\" class=\"wpcf7-form init\" aria-label=\"Kontaktformular\" novalidate=\"novalidate\" data-status=\"init\" data-trp-original-action=\"\/en\/wp-json\/wp\/v2\/pages\/5587#wpcf7-f5446-o1\">\n<div style=\"display: none;\">\n<input type=\"hidden\" name=\"_wpcf7\" value=\"5446\" \/>\n<input type=\"hidden\" name=\"_wpcf7_version\" value=\"5.9.8\" \/>\n<input type=\"hidden\" name=\"_wpcf7_locale\" value=\"de_DE\" \/>\n<input type=\"hidden\" name=\"_wpcf7_unit_tag\" value=\"wpcf7-f5446-o1\" \/>\n<input type=\"hidden\" name=\"_wpcf7_container_post\" value=\"0\" \/>\n<input type=\"hidden\" name=\"_wpcf7_posted_data_hash\" value=\"\" \/>\n<\/div>\n<p><label> Anrede<br \/>\n<span class=\"wpcf7-form-control-wrap\" data-name=\"anrede\"><input size=\"40\" maxlength=\"400\" class=\"wpcf7-form-control wpcf7-text\" aria-invalid=\"false\" value=\"\" type=\"text\" name=\"anrede\" \/><\/span> <\/label>\n<\/p>\n<p><label> Titel<br \/>\n<span class=\"wpcf7-form-control-wrap\" data-name=\"titel\"><input size=\"40\" maxlength=\"400\" class=\"wpcf7-form-control wpcf7-text\" aria-invalid=\"false\" value=\"\" type=\"text\" name=\"titel\" \/><\/span> <\/label>\n<\/p>\n<p><label> Vorname*<br \/>\n<span class=\"wpcf7-form-control-wrap\" data-name=\"first-name\"><input size=\"40\" maxlength=\"400\" class=\"wpcf7-form-control wpcf7-text wpcf7-validates-as-required\" aria-required=\"true\" aria-invalid=\"false\" value=\"\" type=\"text\" name=\"first-name\" \/><\/span> <\/label>\n<\/p>\n<p><label> Nachname*<br \/>\n<span class=\"wpcf7-form-control-wrap\" data-name=\"last-name\"><input size=\"40\" maxlength=\"400\" class=\"wpcf7-form-control wpcf7-text wpcf7-validates-as-required\" aria-required=\"true\" aria-invalid=\"false\" value=\"\" type=\"text\" name=\"last-name\" \/><\/span> <\/label>\n<\/p>\n<p><label> E-Mail-Adresse*<br \/>\n<span class=\"wpcf7-form-control-wrap\" data-name=\"your-email\"><input size=\"40\" maxlength=\"400\" class=\"wpcf7-form-control wpcf7-email wpcf7-validates-as-required wpcf7-text wpcf7-validates-as-email\" aria-required=\"true\" aria-invalid=\"false\" value=\"\" type=\"email\" name=\"your-email\" \/><\/span> <\/label>\n<\/p>\n<p><label> Telefonnummer<br \/>\n<span class=\"wpcf7-form-control-wrap\" data-name=\"telefon\"><input size=\"40\" maxlength=\"400\" class=\"wpcf7-form-control wpcf7-text\" aria-invalid=\"false\" value=\"\" type=\"text\" name=\"telefon\" \/><\/span> <\/label>\n<\/p>\n<p><label> Beruf<br \/>\n<span class=\"wpcf7-form-control-wrap\" data-name=\"beruf\"><input size=\"40\" maxlength=\"400\" class=\"wpcf7-form-control wpcf7-text\" aria-invalid=\"false\" value=\"\" type=\"text\" name=\"beruf\" \/><\/span> <\/label>\n<\/p>\n<p><label> Anmerkung<br \/>\n<span class=\"wpcf7-form-control-wrap\" data-name=\"your-message\"><textarea cols=\"40\" rows=\"10\" maxlength=\"2000\" class=\"wpcf7-form-control wpcf7-textarea\" aria-invalid=\"false\" name=\"your-message\"><\/textarea><\/span> <\/label>\n<\/p>\n<p><span class=\"wpcf7-form-control-wrap\" data-name=\"quiz-798\"><label><span class=\"wpcf7-quiz-label\">Bitte gib zur Best\u00e4tigung das Wort Salutologie ein?<\/span> <input size=\"40\" class=\"wpcf7-form-control wpcf7-quiz\" autocomplete=\"off\" aria-required=\"true\" aria-invalid=\"false\" type=\"text\" name=\"quiz-798\" \/><\/label><input type=\"hidden\" name=\"_wpcf7_quiz_answer_quiz-798\" value=\"b9b2fc3b03393d7eb36bb9d4444fc9fb\" \/><\/span>\n<\/p>\n<p><span class=\"wpcf7-form-control-wrap\" data-name=\"acceptance-335\"><span class=\"wpcf7-form-control wpcf7-acceptance\"><span class=\"wpcf7-list-item\"><label><input type=\"checkbox\" name=\"acceptance-335\" value=\"1\" aria-invalid=\"false\" \/><span class=\"wpcf7-list-item-label\">Ich habe die <a href=\"\/en\/datenschutzrichtlinie\/\"> Datenschutzbestimmung<\/a> gelesen und gebe mein Einverst\u00e4ndnis, dass ich per E-Mail von der Universit\u00e4t f\u00fcr Salutologie kontaktiert werde.<\/span><\/label><\/span><\/span><\/span>\n<\/p>\n<p><input class=\"wpcf7-form-control wpcf7-submit has-spinner\" type=\"submit\" value=\"Senden\" \/>\n<\/p><div class=\"wpcf7-response-output\" aria-hidden=\"true\"><\/div>\n<input type=\"hidden\" name=\"trp-form-language\" value=\"en\"\/><\/form>\n<\/div>\n\n\n\t\t<\/div> \n\t<\/div> \n\t\t<\/div> \n\t<\/div> \n<\/div><\/div>\n<\/section>","protected":false},"excerpt":{"rendered":"Certificate Course in Psychosocial Organizational Consulting (PSOB) Institution University for Salutology i. f. Department Academy for Continuing Education Program Director...","protected":false},"author":1,"featured_media":0,"parent":1806,"menu_order":0,"comment_status":"closed","ping_status":"closed","template":"","meta":{"footnotes":""},"yoast_head":"<!-- This site is optimized with the Yoast SEO plugin v22.6 - https:\/\/yoast.com\/wordpress\/plugins\/seo\/ -->\n<title>Certificate Course in Psychosocial Organizational Consulting (PSOB) -<\/title>\n<meta name=\"robots\" content=\"index, follow, max-snippet:-1, max-image-preview:large, max-video-preview:-1\" \/>\n<link rel=\"canonical\" href=\"https:\/\/salutologie.org\/en\/academy\/certificate-course-in-psychosocial-organizational-consulting-psob\/?lang=en\" \/>\n<meta property=\"og:locale\" content=\"en_GB\" \/>\n<meta property=\"og:type\" content=\"article\" \/>\n<meta property=\"og:title\" content=\"Certificate Course in Psychosocial Organizational Consulting (PSOB) -\" \/>\n<meta property=\"og:url\" content=\"https:\/\/salutologie.org\/en\/academy\/certificate-course-in-psychosocial-organizational-consulting-psob\/?lang=en\" \/>\n<meta property=\"og:site_name\" content=\"Universit\u00e4t f\u00fcr Salutologie\u00ae\" \/>\n<meta property=\"article:modified_time\" content=\"2025-11-02T16:50:45+00:00\" \/>\n<meta name=\"twitter:card\" content=\"summary_large_image\" \/>\n<meta name=\"twitter:label1\" content=\"Estimated reading time\" \/>\n\t<meta name=\"twitter:data1\" content=\"5 minutes\" \/>\n<script type=\"application\/ld+json\" class=\"yoast-schema-graph\">{\"@context\":\"https:\/\/schema.org\",\"@graph\":[{\"@type\":\"WebPage\",\"@id\":\"https:\/\/salutologie.org\/academy\/certificate-course-in-psychosocial-organizational-consulting-psob\/?lang=en\",\"url\":\"https:\/\/salutologie.org\/academy\/certificate-course-in-psychosocial-organizational-consulting-psob\/?lang=en\",\"name\":\"Certificate Course in Psychosocial Organizational Consulting (PSOB) -\",\"isPartOf\":{\"@id\":\"https:\/\/salutologie.org\/#website\"},\"datePublished\":\"2025-11-02T15:59:04+00:00\",\"dateModified\":\"2025-11-02T16:50:45+00:00\",\"breadcrumb\":{\"@id\":\"https:\/\/salutologie.org\/academy\/certificate-course-in-psychosocial-organizational-consulting-psob\/?lang=en#breadcrumb\"},\"inLanguage\":\"en-GB\",\"potentialAction\":[{\"@type\":\"ReadAction\",\"target\":[\"https:\/\/salutologie.org\/academy\/certificate-course-in-psychosocial-organizational-consulting-psob\/?lang=en\"]}]},{\"@type\":\"BreadcrumbList\",\"@id\":\"https:\/\/salutologie.org\/academy\/certificate-course-in-psychosocial-organizational-consulting-psob\/?lang=en#breadcrumb\",\"itemListElement\":[{\"@type\":\"ListItem\",\"position\":1,\"name\":\"Startseite\",\"item\":\"https:\/\/salutologie.org\/\"},{\"@type\":\"ListItem\",\"position\":2,\"name\":\"Academy\",\"item\":\"https:\/\/salutologie.org\/academy\/?lang=en\"},{\"@type\":\"ListItem\",\"position\":3,\"name\":\"Certificate Course in Psychosocial Organizational Consulting (PSOB)\"}]},{\"@type\":\"WebSite\",\"@id\":\"https:\/\/salutologie.org\/#website\",\"url\":\"https:\/\/salutologie.org\/\",\"name\":\"Universit\u00e4t f\u00fcr Salutologie\u00ae\",\"description\":\"Universit\u00e4t f\u00fcr Salutologie\u00ae\",\"potentialAction\":[{\"@type\":\"SearchAction\",\"target\":{\"@type\":\"EntryPoint\",\"urlTemplate\":\"https:\/\/salutologie.org\/?s={search_term_string}\"},\"query-input\":\"required name=search_term_string\"}],\"inLanguage\":\"en-GB\"}]}<\/script>\n<!-- \/ Yoast SEO plugin. -->","yoast_head_json":{"title":"Certificate Course in Psychosocial Organizational Consulting (PSOB) -","robots":{"index":"index","follow":"follow","max-snippet":"max-snippet:-1","max-image-preview":"max-image-preview:large","max-video-preview":"max-video-preview:-1"},"canonical":"https:\/\/salutologie.org\/en\/academy\/certificate-course-in-psychosocial-organizational-consulting-psob\/?lang=en","og_locale":"en_GB","og_type":"article","og_title":"Certificate Course in Psychosocial Organizational Consulting (PSOB) -","og_url":"https:\/\/salutologie.org\/en\/academy\/certificate-course-in-psychosocial-organizational-consulting-psob\/?lang=en","og_site_name":"Universit\u00e4t f\u00fcr Salutologie\u00ae","article_modified_time":"2025-11-02T16:50:45+00:00","twitter_card":"summary_large_image","twitter_misc":{"Estimated reading time":"5 minutes"},"schema":{"@context":"https:\/\/schema.org","@graph":[{"@type":"WebPage","@id":"https:\/\/salutologie.org\/academy\/certificate-course-in-psychosocial-organizational-consulting-psob\/?lang=en","url":"https:\/\/salutologie.org\/academy\/certificate-course-in-psychosocial-organizational-consulting-psob\/?lang=en","name":"Certificate Course in Psychosocial Organizational Consulting (PSOB) -","isPartOf":{"@id":"https:\/\/salutologie.org\/#website"},"datePublished":"2025-11-02T15:59:04+00:00","dateModified":"2025-11-02T16:50:45+00:00","breadcrumb":{"@id":"https:\/\/salutologie.org\/academy\/certificate-course-in-psychosocial-organizational-consulting-psob\/?lang=en#breadcrumb"},"inLanguage":"en-GB","potentialAction":[{"@type":"ReadAction","target":["https:\/\/salutologie.org\/academy\/certificate-course-in-psychosocial-organizational-consulting-psob\/?lang=en"]}]},{"@type":"BreadcrumbList","@id":"https:\/\/salutologie.org\/academy\/certificate-course-in-psychosocial-organizational-consulting-psob\/?lang=en#breadcrumb","itemListElement":[{"@type":"ListItem","position":1,"name":"Startseite","item":"https:\/\/salutologie.org\/"},{"@type":"ListItem","position":2,"name":"Academy","item":"https:\/\/salutologie.org\/academy\/?lang=en"},{"@type":"ListItem","position":3,"name":"Certificate Course in Psychosocial Organizational Consulting (PSOB)"}]},{"@type":"WebSite","@id":"https:\/\/salutologie.org\/#website","url":"https:\/\/salutologie.org\/","name":"Universit\u00e4t f\u00fcr Salutologie\u00ae","description":"Universit\u00e4t f\u00fcr Salutologie\u00ae","potentialAction":[{"@type":"SearchAction","target":{"@type":"EntryPoint","urlTemplate":"https:\/\/salutologie.org\/?s={search_term_string}"},"query-input":"required name=search_term_string"}],"inLanguage":"en-GB"}]}},"_links":{"self":[{"href":"http:\/\/salutologie.org\/en\/wp-json\/wp\/v2\/pages\/5587"}],"collection":[{"href":"http:\/\/salutologie.org\/en\/wp-json\/wp\/v2\/pages"}],"about":[{"href":"http:\/\/salutologie.org\/en\/wp-json\/wp\/v2\/types\/page"}],"author":[{"embeddable":true,"href":"http:\/\/salutologie.org\/en\/wp-json\/wp\/v2\/users\/1"}],"replies":[{"embeddable":true,"href":"http:\/\/salutologie.org\/en\/wp-json\/wp\/v2\/comments?post=5587"}],"version-history":[{"count":13,"href":"http:\/\/salutologie.org\/en\/wp-json\/wp\/v2\/pages\/5587\/revisions"}],"predecessor-version":[{"id":5608,"href":"http:\/\/salutologie.org\/en\/wp-json\/wp\/v2\/pages\/5587\/revisions\/5608"}],"up":[{"embeddable":true,"href":"http:\/\/salutologie.org\/en\/wp-json\/wp\/v2\/pages\/1806"}],"wp:attachment":[{"href":"http:\/\/salutologie.org\/en\/wp-json\/wp\/v2\/media?parent=5587"}],"curies":[{"name":"wp","href":"https:\/\/api.w.org\/{rel}","templated":true}]}}