{"id":1068,"date":"2020-02-10T13:04:31","date_gmt":"2020-02-10T12:04:31","guid":{"rendered":"https:\/\/chronopsychologie.org\/?page_id=1068"},"modified":"2025-09-04T11:18:17","modified_gmt":"2025-09-04T09:18:17","slug":"ausbildung-praxis-der-regulationsanalyse","status":"publish","type":"page","link":"https:\/\/salutologie.org\/en\/ausbildungen\/ausbildung-praxis-der-regulationsanalyse\/","title":{"rendered":"Ausbildung Praxis der Regulationsanalyse (HRV)"},"content":{"rendered":"<section class=\"wpb-content-wrapper\"><div class=\"block-area stripe wpb_row default vc_row-fluid\" style=\"padding-top: 40px;padding-bottom: 0px;background-color: #ffffff;\"><div class=\"container clearfix\">\n\t<div class=\"vc_col-sm-12 wpb_column column_container\" style=\"\">\n\t\t<div class=\"wpb_wrapper\">\n\t\t\t\n\t<div class=\"wpb_text_column wpb_content_element\">\n\t\t<div class=\"wpb_wrapper\">\n\t\t\t<h1 style=\"text-align: left;\">Ausbildung Praxis der Regulationsanalyse (HRV)<\/h1>\n\n\t\t<\/div> \n\t<\/div> <div class=\"gap\" style=\"line-height: 20px; height: 20px;\"><\/div>\n\t<div class=\"wpb_single_image_wrapper center\"><div class=\"wpb_single_image wpb_content_element\">\n\t\t<div class=\"wpb_wrapper\">\n\t\t\t\n\t\t\t<div class=\"single_image_wrapper box-item\"><img class=\"\" src=\"https:\/\/salutologie.org\/wp-content\/uploads\/2022\/04\/Screenshot-2022-04-03-at-07.24.16.png\" width=\"717.5\" height=\"306\" alt=\"Screenshot-2022-04-03-at-07.24.16\" \/><\/div>\n\t\t<\/div> \n\t<\/div><\/div> \n\t\t<\/div> \n\t<\/div> \n<\/div><\/div><div class=\"block-area stripe wpb_row default vc_row-fluid\" style=\"padding-top: 50px;\"><div class=\"container clearfix\">\n\t<div class=\"vc_col-sm-6 wpb_column column_container\" style=\"\">\n\t\t<div class=\"wpb_wrapper\">\n\t\t\t\n\t<div class=\"wpb_text_column wpb_content_element\">\n\t\t<div class=\"wpb_wrapper\">\n\t\t\t<table width=\"574\">\n<tbody>\n<tr>\n<td width=\"209\">Institution<\/td>\n<td width=\"365\"><strong>Universit\u00e4t f\u00fcr Salutologie i. Gr.<\/strong><\/td>\n<\/tr>\n<tr>\n<td width=\"209\">Abteilung<\/td>\n<td width=\"365\"><strong>Weiterbildungsakademie<\/strong><\/td>\n<\/tr>\n<tr>\n<td width=\"209\">Termine<\/td>\n<td width=\"365\"><strong>Kurs A: Kurs B: Kurs C<\/strong><\/td>\n<\/tr>\n<tr>\n<td width=\"209\">Infoveranstaltung:<\/td>\n<td width=\"365\"><strong>Termine folgen<\/strong><\/td>\n<\/tr>\n<tr>\n<td width=\"209\">Abschluss<\/td>\n<td width=\"365\"><strong>Teilnahmebest\u00e4tigung<\/strong><\/td>\n<\/tr>\n<tr>\n<td width=\"209\">Umfang<\/td>\n<td width=\"365\"><strong>\u00a06 Unterrichtseinheiten<\/strong><\/td>\n<\/tr>\n<\/tbody>\n<\/table>\n\n\t\t<\/div> \n\t<\/div> \n\t\t<\/div> \n\t<\/div> \n\n\t<div class=\"vc_col-sm-6 wpb_column column_container\" style=\"\">\n\t\t<div class=\"wpb_wrapper\">\n\t\t\t\n\t<div class=\"wpb_text_column wpb_content_element\">\n\t\t<div class=\"wpb_wrapper\">\n\t\t\t<table width=\"574\">\n<tbody>\n<tr>\n<td width=\"209\">Lehrgangsleiter<\/td>\n<td width=\"365\"><strong>Dr. Peter Hauschild<\/strong><\/td>\n<\/tr>\n<tr>\n<td width=\"209\">Lehrgangsart<\/td>\n<td width=\"365\"><strong>Online-Termine<\/strong><\/td>\n<\/tr>\n<tr>\n<td width=\"209\">Lehrgangsgeb\u00fchr<\/td>\n<td width=\"365\"><strong>\u20ac 690,- <\/strong><\/td>\n<\/tr>\n<tr>\n<td width=\"209\">Unterrichtssprache<\/td>\n<td width=\"365\"><strong>Deutsch<\/strong><\/td>\n<\/tr>\n<tr>\n<td width=\"209\">Anmeldeschluss<\/td>\n<td width=\"365\"><strong>06.10.2025<\/strong><\/td>\n<\/tr>\n<\/tbody>\n<\/table>\n\n\t\t<\/div> \n\t<\/div> \n\t\t<\/div> \n\t<\/div> \n<\/div><\/div><div class=\"block-area stripe wpb_row default with-border vc_row-fluid\"><div class=\"container clearfix\">\n\t<div class=\"vc_col-sm-12 wpb_column column_container\" style=\"\">\n\t\t<div class=\"wpb_wrapper\">\n\t\t\t<div class=\"vc_tta-container\" data-vc-action=\"collapseAll\"><div class=\"vc_general vc_tta vc_tta-accordion vc_tta-color-white vc_tta-style-modern vc_tta-shape-rounded vc_tta-o-shape-group vc_tta-controls-align-left vc_tta-o-no-fill vc_tta-o-all-clickable\"><div class=\"vc_tta-panels-container\"><div class=\"vc_tta-panels\"><div class=\"vc_tta-panel vc_active\" id=\"1754493143023-ca55d04e-b0f3\" data-vc-content=\".vc_tta-panel-body\"><div class=\"vc_tta-panel-heading\"><h4 class=\"vc_tta-panel-title vc_tta-controls-icon-position-left\"><a href=\"#1754493143023-ca55d04e-b0f3\" data-vc-accordion data-vc-container=\".vc_tta-container\"><span class=\"vc_tta-title-text\">Inhalt<\/span><i class=\"vc_tta-controls-icon vc_tta-controls-icon-plus\"><\/i><\/a><\/h4><\/div><div class=\"vc_tta-panel-body\">\n\t<div class=\"wpb_text_column wpb_content_element\">\n\t\t<div class=\"wpb_wrapper\">\n\t\t\t<p>Die Regulationsanalyse ist eine Analysemethode der Salutologie. In diesem dreiteiligen Kurs werden Grundkenntnisse, Praxis und Therapie mittels der Regulationsanalyse gelehrt. Die Regulationsanalyse basiert auf der Messung der Herzratenvariabilit\u00e4t und der Analyse des autonomen Nervensystems und erm\u00f6glicht weitreichende Aussagen \u00fcber den Gesundheitszustand eines Menschen. Lernen Sie die Regulationsanalyse in der Praxis anzuwenden. Mit der Regulationsanalyse des autonomen Nervensystems k\u00f6nnen physische und psychische St\u00f6rungen wie Burnout, Depression oder Schlafprobleme fr\u00fchzeitig erkannt,<br \/>\nmit den richtigen Methoden behandelt oder erfolgreich pr\u00e4ventiv verhindert werden.<\/p>\n\n\t\t<\/div> \n\t<\/div> <\/div><\/div><div class=\"vc_tta-panel\" id=\"1754493143033-f837a0f4-a93a\" data-vc-content=\".vc_tta-panel-body\"><div class=\"vc_tta-panel-heading\"><h4 class=\"vc_tta-panel-title vc_tta-controls-icon-position-left\"><a href=\"#1754493143033-f837a0f4-a93a\" data-vc-accordion data-vc-container=\".vc_tta-container\"><span class=\"vc_tta-title-text\">Inhaltliche Schwerpunkte<\/span><i class=\"vc_tta-controls-icon vc_tta-controls-icon-plus\"><\/i><\/a><\/h4><\/div><div class=\"vc_tta-panel-body\">\n\t<div class=\"wpb_text_column wpb_content_element\">\n\t\t<div class=\"wpb_wrapper\">\n\t\t\t<ul>\n<li>Das autonome Nervensystem<\/li>\n<li>Die Polyvagal-Theorie<\/li>\n<li>Die Herzratenvariabilit\u00e4tsanalyse<\/li>\n<li>Die Regulationsanalyse als Fr\u00fchwarnsystem<\/li>\n<li>\u00dcbungen und Auswertungen<\/li>\n<\/ul>\n\n\t\t<\/div> \n\t<\/div> <\/div><\/div><div class=\"vc_tta-panel\" id=\"1754506253429-d593de69-a11b\" data-vc-content=\".vc_tta-panel-body\"><div class=\"vc_tta-panel-heading\"><h4 class=\"vc_tta-panel-title vc_tta-controls-icon-position-left\"><a href=\"#1754506253429-d593de69-a11b\" data-vc-accordion data-vc-container=\".vc_tta-container\"><span class=\"vc_tta-title-text\">Ziele<\/span><i class=\"vc_tta-controls-icon vc_tta-controls-icon-plus\"><\/i><\/a><\/h4><\/div><div class=\"vc_tta-panel-body\">\n\t<div class=\"wpb_text_column wpb_content_element\">\n\t\t<div class=\"wpb_wrapper\">\n\t\t\t<p>Im Seminar werden die Besonderheiten der Regulationsanalyse erkl\u00e4rt und deren Nutzen f\u00fcr<br \/>\ndie Gesunderhaltung spezifiziert. Die Teilnehmer sollen die HRV-Methode verstehen und<br \/>\nanwenden k\u00f6nnen.<\/p>\n\n\t\t<\/div> \n\t<\/div> <\/div><\/div><div class=\"vc_tta-panel\" id=\"1754506282243-3d7d0ce8-e1b2\" data-vc-content=\".vc_tta-panel-body\"><div class=\"vc_tta-panel-heading\"><h4 class=\"vc_tta-panel-title vc_tta-controls-icon-position-left\"><a href=\"#1754506282243-3d7d0ce8-e1b2\" data-vc-accordion data-vc-container=\".vc_tta-container\"><span class=\"vc_tta-title-text\">Methode<\/span><i class=\"vc_tta-controls-icon vc_tta-controls-icon-plus\"><\/i><\/a><\/h4><\/div><div class=\"vc_tta-panel-body\">\n\t<div class=\"wpb_text_column wpb_content_element\">\n\t\t<div class=\"wpb_wrapper\">\n\t\t\t<p>Online-Termine<\/p>\n\n\t\t<\/div> \n\t<\/div> <\/div><\/div><div class=\"vc_tta-panel\" id=\"1754506317490-ccdc4199-cb57\" data-vc-content=\".vc_tta-panel-body\"><div class=\"vc_tta-panel-heading\"><h4 class=\"vc_tta-panel-title vc_tta-controls-icon-position-left\"><a href=\"#1754506317490-ccdc4199-cb57\" data-vc-accordion data-vc-container=\".vc_tta-container\"><span class=\"vc_tta-title-text\">Abschluss<\/span><i class=\"vc_tta-controls-icon vc_tta-controls-icon-plus\"><\/i><\/a><\/h4><\/div><div class=\"vc_tta-panel-body\">\n\t<div class=\"wpb_text_column wpb_content_element\">\n\t\t<div class=\"wpb_wrapper\">\n\t\t\t<p>Teilnahmebest\u00e4tigung nach jeder Lehreinheit.<br \/>\nZertifikat nach Abschluss des gesamten Kurses.<\/p>\n\n\t\t<\/div> \n\t<\/div> <\/div><\/div><div class=\"vc_tta-panel\" id=\"1754506345787-dc043de6-447a\" data-vc-content=\".vc_tta-panel-body\"><div class=\"vc_tta-panel-heading\"><h4 class=\"vc_tta-panel-title vc_tta-controls-icon-position-left\"><a href=\"#1754506345787-dc043de6-447a\" data-vc-accordion data-vc-container=\".vc_tta-container\"><span class=\"vc_tta-title-text\">Zielgruppe<\/span><i class=\"vc_tta-controls-icon vc_tta-controls-icon-plus\"><\/i><\/a><\/h4><\/div><div class=\"vc_tta-panel-body\">\n\t<div class=\"wpb_text_column wpb_content_element\">\n\t\t<div class=\"wpb_wrapper\">\n\t\t\t<p>Dieses Seminar richtet sich an Psycholog*innen, Psychotherapeut*innen, Mediziner*innen,<br \/>\nP\u00e4dagog*innen, Sozialarbeiter*innen, Pflegepersonal, \u00c4rzte und Studierende einschl\u00e4giger<br \/>\nFachrichtungen.<\/p>\n\n\t\t<\/div> \n\t<\/div> <\/div><\/div><div class=\"vc_tta-panel\" id=\"1754506378069-41543be0-e699\" data-vc-content=\".vc_tta-panel-body\"><div class=\"vc_tta-panel-heading\"><h4 class=\"vc_tta-panel-title vc_tta-controls-icon-position-left\"><a href=\"#1754506378069-41543be0-e699\" data-vc-accordion data-vc-container=\".vc_tta-container\"><span class=\"vc_tta-title-text\">Referent*in<\/span><i class=\"vc_tta-controls-icon vc_tta-controls-icon-plus\"><\/i><\/a><\/h4><\/div><div class=\"vc_tta-panel-body\">\n\t<div class=\"wpb_text_column wpb_content_element\">\n\t\t<div class=\"wpb_wrapper\">\n\t\t\t<p>MMag. Dr. Peter Hauschild<\/p>\n<ul>\n<li>Dr. der Psychotherapie<\/li>\n<li>Betriebswirt<\/li>\n<li>Physiker<\/li>\n<\/ul>\n<p>Arbeitsschwerpunkte:<\/p>\n<ul>\n<li>Psychologe, Regulationstherapeut, Entwickler des Kontos der Gesundheit und des<br \/>\nHRV-Messger\u00e4tes Heartbalance<\/li>\n<li>Aufbau und Leitung des Institutes f\u00fcr Salutologie, Wien<\/li>\n<li>Initiator der Privatuniversit\u00e4t f\u00fcr Salutologie<\/li>\n<\/ul>\n\n\t\t<\/div> \n\t<\/div> <\/div><\/div><\/div><\/div><\/div><\/div>\n\t\t<\/div> \n\t<\/div> \n<\/div><\/div><div class=\"block-area stripe wpb_row default vc_row-fluid\"><div class=\"container clearfix\">\n\t<div class=\"vc_col-sm-12 wpb_column column_container\" style=\"\">\n\t\t<div class=\"wpb_wrapper\">\n\t\t\t\n\t<div class=\"wpb_text_column wpb_content_element\">\n\t\t<div class=\"wpb_wrapper\">\n\t\t\t<h1>Anmeldung f\u00fcr weitere Information<\/h1>\n<p>Hier k\u00f6nnen Sie ich unverbindlich f\u00fcr den Online-Informationsabend, wie auch f\u00fcr weitere Information anmelden. Wir kontaktieren Sie pers\u00f6nlich per E-Mail und senden Ihnen alle weiteren Informationen zu.<\/p>\n\n<div class=\"wpcf7 no-js\" id=\"wpcf7-f5264-o1\" lang=\"de-DE\" dir=\"ltr\">\n<div class=\"screen-reader-response\"><p role=\"status\" aria-live=\"polite\" aria-atomic=\"true\"><\/p> <ul><\/ul><\/div>\n<form action=\"\/en\/wp-json\/wp\/v2\/pages\/1068#wpcf7-f5264-o1\" method=\"post\" class=\"wpcf7-form init\" aria-label=\"Kontaktformular\" novalidate=\"novalidate\" data-status=\"init\" data-trp-original-action=\"\/en\/wp-json\/wp\/v2\/pages\/1068#wpcf7-f5264-o1\">\n<div style=\"display: none;\">\n<input type=\"hidden\" name=\"_wpcf7\" value=\"5264\" \/>\n<input type=\"hidden\" name=\"_wpcf7_version\" value=\"5.9.8\" \/>\n<input type=\"hidden\" name=\"_wpcf7_locale\" value=\"de_DE\" \/>\n<input type=\"hidden\" name=\"_wpcf7_unit_tag\" value=\"wpcf7-f5264-o1\" \/>\n<input type=\"hidden\" name=\"_wpcf7_container_post\" value=\"0\" \/>\n<input type=\"hidden\" name=\"_wpcf7_posted_data_hash\" value=\"\" \/>\n<\/div>\n<p><label> Anrede<br \/>\n<span class=\"wpcf7-form-control-wrap\" data-name=\"anrede\"><input size=\"40\" maxlength=\"400\" class=\"wpcf7-form-control wpcf7-text\" aria-invalid=\"false\" value=\"\" type=\"text\" name=\"anrede\" \/><\/span> <\/label>\n<\/p>\n<p><label> Titel<br \/>\n<span class=\"wpcf7-form-control-wrap\" data-name=\"titel\"><input size=\"40\" maxlength=\"400\" class=\"wpcf7-form-control wpcf7-text\" aria-invalid=\"false\" value=\"\" type=\"text\" name=\"titel\" \/><\/span> <\/label>\n<\/p>\n<p><label> Vorname*<br \/>\n<span class=\"wpcf7-form-control-wrap\" data-name=\"first-name\"><input size=\"40\" maxlength=\"400\" class=\"wpcf7-form-control wpcf7-text wpcf7-validates-as-required\" aria-required=\"true\" aria-invalid=\"false\" value=\"\" type=\"text\" name=\"first-name\" \/><\/span> <\/label>\n<\/p>\n<p><label> Nachname*<br \/>\n<span class=\"wpcf7-form-control-wrap\" data-name=\"last-name\"><input size=\"40\" maxlength=\"400\" class=\"wpcf7-form-control wpcf7-text wpcf7-validates-as-required\" aria-required=\"true\" aria-invalid=\"false\" value=\"\" type=\"text\" name=\"last-name\" \/><\/span> <\/label>\n<\/p>\n<p><label> E-Mail-Adresse*<br \/>\n<span class=\"wpcf7-form-control-wrap\" data-name=\"your-email\"><input size=\"40\" maxlength=\"400\" class=\"wpcf7-form-control wpcf7-email wpcf7-validates-as-required wpcf7-text wpcf7-validates-as-email\" aria-required=\"true\" aria-invalid=\"false\" value=\"\" type=\"email\" name=\"your-email\" \/><\/span> <\/label>\n<\/p>\n<p><label> Telefonnummer<br \/>\n<span class=\"wpcf7-form-control-wrap\" data-name=\"telefon\"><input size=\"40\" maxlength=\"400\" class=\"wpcf7-form-control wpcf7-text\" aria-invalid=\"false\" value=\"\" type=\"text\" name=\"telefon\" \/><\/span> <\/label>\n<\/p>\n<p><label> Beruf<br \/>\n<span class=\"wpcf7-form-control-wrap\" data-name=\"beruf\"><input size=\"40\" maxlength=\"400\" class=\"wpcf7-form-control wpcf7-text\" aria-invalid=\"false\" value=\"\" type=\"text\" name=\"beruf\" \/><\/span> <\/label>\n<\/p>\n<p><label> Anmerkung<br \/>\n<span class=\"wpcf7-form-control-wrap\" data-name=\"your-message\"><textarea cols=\"40\" rows=\"10\" maxlength=\"2000\" class=\"wpcf7-form-control wpcf7-textarea\" aria-invalid=\"false\" name=\"your-message\"><\/textarea><\/span> <\/label>\n<\/p>\n<p><span class=\"wpcf7-form-control-wrap\" data-name=\"quiz-798\"><label><span class=\"wpcf7-quiz-label\">Bitte gib zur Best\u00e4tigung das Wort Salutologie ein?<\/span> <input size=\"40\" class=\"wpcf7-form-control wpcf7-quiz\" autocomplete=\"off\" aria-required=\"true\" aria-invalid=\"false\" type=\"text\" name=\"quiz-798\" \/><\/label><input type=\"hidden\" name=\"_wpcf7_quiz_answer_quiz-798\" value=\"b9b2fc3b03393d7eb36bb9d4444fc9fb\" \/><\/span>\n<\/p>\n<p><span class=\"wpcf7-form-control-wrap\" data-name=\"acceptance-335\"><span class=\"wpcf7-form-control wpcf7-acceptance\"><span class=\"wpcf7-list-item\"><label><input type=\"checkbox\" name=\"acceptance-335\" value=\"1\" aria-invalid=\"false\" \/><span class=\"wpcf7-list-item-label\">Ich habe die <a href=\"\/en\/datenschutzrichtlinie\/\"> Datenschutzbestimmung<\/a> gelesen und gebe mein Einverst\u00e4ndnis, dass ich per E-Mail von der Universit\u00e4t f\u00fcr Salutologie kontaktiert werde.<\/span><\/label><\/span><\/span><\/span>\n<\/p>\n<p><input class=\"wpcf7-form-control wpcf7-submit has-spinner\" type=\"submit\" value=\"Senden\" \/>\n<\/p><div class=\"wpcf7-response-output\" aria-hidden=\"true\"><\/div>\n<input type=\"hidden\" name=\"trp-form-language\" value=\"en\"\/><\/form>\n<\/div>\n\n\n\t\t<\/div> \n\t<\/div> \n\t\t<\/div> \n\t<\/div> \n<\/div><\/div>\n<\/section>","protected":false},"excerpt":{"rendered":"Ausbildung Praxis der Regulationsanalyse (HRV) Institution Universit\u00e4t f\u00fcr Salutologie i. Gr. Abteilung Weiterbildungsakademie Termine Kurs A: Kurs B: Kurs C...","protected":false},"author":1,"featured_media":0,"parent":357,"menu_order":0,"comment_status":"closed","ping_status":"closed","template":"","meta":{"footnotes":""},"yoast_head":"<!-- This site is optimized with the Yoast SEO plugin v22.6 - https:\/\/yoast.com\/wordpress\/plugins\/seo\/ -->\n<title>Ausbildung Praxis der Regulationsanalyse (HRV) | Akademie f\u00fcr Salutologie\u00ae<\/title>\n<meta name=\"description\" content=\"Die Regulationsanalyse zeigt, wie das Nervensystem die Gesundheit pr\u00e4gt \u2013 und hilft, Stress fr\u00fch zu erkennen.\" \/>\n<meta name=\"robots\" content=\"index, follow, max-snippet:-1, max-image-preview:large, max-video-preview:-1\" \/>\n<link rel=\"canonical\" href=\"https:\/\/salutologie.org\/en\/ausbildungen\/ausbildung-praxis-der-regulationsanalyse\/\" \/>\n<meta property=\"og:locale\" content=\"en_GB\" \/>\n<meta property=\"og:type\" content=\"article\" \/>\n<meta property=\"og:title\" content=\"Akademie f\u00fcr Salutologie \u2013 Praxis der Regulationsanalyse Ausbildung | Zertifikat f\u00fcr Beratung &amp; Gesundheit\" \/>\n<meta property=\"og:description\" content=\"Die Regulationsanalyse zeigt, wie das Nervensystem die Gesundheit pr\u00e4gt \u2013 und hilft, Stress fr\u00fch zu erkennen.\" \/>\n<meta property=\"og:url\" content=\"https:\/\/salutologie.org\/en\/ausbildungen\/ausbildung-praxis-der-regulationsanalyse\/\" \/>\n<meta property=\"og:site_name\" content=\"Akademie f\u00fcr Salutologie\u00ae\" \/>\n<meta property=\"article:modified_time\" content=\"2025-09-04T09:18:17+00:00\" \/>\n<meta property=\"og:image\" content=\"https:\/\/salutologie.org\/wp-content\/uploads\/2023\/01\/1.png\" \/>\n\t<meta property=\"og:image:width\" content=\"500\" \/>\n\t<meta property=\"og:image:height\" content=\"500\" \/>\n\t<meta property=\"og:image:type\" content=\"image\/png\" \/>\n<meta name=\"twitter:card\" content=\"summary_large_image\" \/>\n<meta name=\"twitter:label1\" content=\"Estimated reading time\" \/>\n\t<meta name=\"twitter:data1\" content=\"3 minutes\" \/>\n<script type=\"application\/ld+json\" class=\"yoast-schema-graph\">{\"@context\":\"https:\/\/schema.org\",\"@graph\":[{\"@type\":\"WebPage\",\"@id\":\"https:\/\/salutologie.org\/ausbildungen\/ausbildung-praxis-der-regulationsanalyse\/\",\"url\":\"https:\/\/salutologie.org\/ausbildungen\/ausbildung-praxis-der-regulationsanalyse\/\",\"name\":\"Ausbildung Praxis der Regulationsanalyse (HRV) | Akademie f\u00fcr Salutologie\u00ae\",\"isPartOf\":{\"@id\":\"https:\/\/salutologie.org\/#website\"},\"datePublished\":\"2020-02-10T12:04:31+00:00\",\"dateModified\":\"2025-09-04T09:18:17+00:00\",\"description\":\"Die Regulationsanalyse zeigt, wie das Nervensystem die Gesundheit pr\u00e4gt \u2013 und hilft, Stress fr\u00fch zu erkennen.\",\"breadcrumb\":{\"@id\":\"https:\/\/salutologie.org\/ausbildungen\/ausbildung-praxis-der-regulationsanalyse\/#breadcrumb\"},\"inLanguage\":\"en-GB\",\"potentialAction\":[{\"@type\":\"ReadAction\",\"target\":[\"https:\/\/salutologie.org\/ausbildungen\/ausbildung-praxis-der-regulationsanalyse\/\"]}]},{\"@type\":\"BreadcrumbList\",\"@id\":\"https:\/\/salutologie.org\/ausbildungen\/ausbildung-praxis-der-regulationsanalyse\/#breadcrumb\",\"itemListElement\":[{\"@type\":\"ListItem\",\"position\":1,\"name\":\"Startseite\",\"item\":\"https:\/\/salutologie.org\/\"},{\"@type\":\"ListItem\",\"position\":2,\"name\":\"Ausbildungen\",\"item\":\"https:\/\/salutologie.org\/ausbildungen\/\"},{\"@type\":\"ListItem\",\"position\":3,\"name\":\"Ausbildung Praxis der Regulationsanalyse (HRV)\"}]},{\"@type\":\"WebSite\",\"@id\":\"https:\/\/salutologie.org\/#website\",\"url\":\"https:\/\/salutologie.org\/\",\"name\":\"Akademie f\u00fcr Salutologie\u00ae\",\"description\":\"Akademie f\u00fcr Salutologie\u00ae\",\"potentialAction\":[{\"@type\":\"SearchAction\",\"target\":{\"@type\":\"EntryPoint\",\"urlTemplate\":\"https:\/\/salutologie.org\/?s={search_term_string}\"},\"query-input\":\"required name=search_term_string\"}],\"inLanguage\":\"en-GB\"}]}<\/script>\n<!-- \/ Yoast SEO plugin. -->","yoast_head_json":{"title":"Ausbildung Praxis der Regulationsanalyse (HRV) | Akademie f\u00fcr Salutologie\u00ae","description":"Die Regulationsanalyse zeigt, wie das Nervensystem die Gesundheit pr\u00e4gt \u2013 und hilft, Stress fr\u00fch zu erkennen.","robots":{"index":"index","follow":"follow","max-snippet":"max-snippet:-1","max-image-preview":"max-image-preview:large","max-video-preview":"max-video-preview:-1"},"canonical":"https:\/\/salutologie.org\/en\/ausbildungen\/ausbildung-praxis-der-regulationsanalyse\/","og_locale":"en_GB","og_type":"article","og_title":"Akademie f\u00fcr Salutologie \u2013 Praxis der Regulationsanalyse Ausbildung | Zertifikat f\u00fcr Beratung & Gesundheit","og_description":"Die Regulationsanalyse zeigt, wie das Nervensystem die Gesundheit pr\u00e4gt \u2013 und hilft, Stress fr\u00fch zu erkennen.","og_url":"https:\/\/salutologie.org\/en\/ausbildungen\/ausbildung-praxis-der-regulationsanalyse\/","og_site_name":"Akademie f\u00fcr Salutologie\u00ae","article_modified_time":"2025-09-04T09:18:17+00:00","og_image":[{"width":500,"height":500,"url":"https:\/\/salutologie.org\/wp-content\/uploads\/2023\/01\/1.png","type":"image\/png"}],"twitter_card":"summary_large_image","twitter_misc":{"Estimated reading time":"3 minutes"},"schema":{"@context":"https:\/\/schema.org","@graph":[{"@type":"WebPage","@id":"https:\/\/salutologie.org\/ausbildungen\/ausbildung-praxis-der-regulationsanalyse\/","url":"https:\/\/salutologie.org\/ausbildungen\/ausbildung-praxis-der-regulationsanalyse\/","name":"Ausbildung Praxis der Regulationsanalyse (HRV) | Akademie f\u00fcr Salutologie\u00ae","isPartOf":{"@id":"https:\/\/salutologie.org\/#website"},"datePublished":"2020-02-10T12:04:31+00:00","dateModified":"2025-09-04T09:18:17+00:00","description":"Die Regulationsanalyse zeigt, wie das Nervensystem die Gesundheit pr\u00e4gt \u2013 und hilft, Stress fr\u00fch zu erkennen.","breadcrumb":{"@id":"https:\/\/salutologie.org\/ausbildungen\/ausbildung-praxis-der-regulationsanalyse\/#breadcrumb"},"inLanguage":"en-GB","potentialAction":[{"@type":"ReadAction","target":["https:\/\/salutologie.org\/ausbildungen\/ausbildung-praxis-der-regulationsanalyse\/"]}]},{"@type":"BreadcrumbList","@id":"https:\/\/salutologie.org\/ausbildungen\/ausbildung-praxis-der-regulationsanalyse\/#breadcrumb","itemListElement":[{"@type":"ListItem","position":1,"name":"Startseite","item":"https:\/\/salutologie.org\/"},{"@type":"ListItem","position":2,"name":"Ausbildungen","item":"https:\/\/salutologie.org\/ausbildungen\/"},{"@type":"ListItem","position":3,"name":"Ausbildung Praxis der Regulationsanalyse (HRV)"}]},{"@type":"WebSite","@id":"https:\/\/salutologie.org\/#website","url":"https:\/\/salutologie.org\/","name":"Akademie f\u00fcr Salutologie\u00ae","description":"Akademie f\u00fcr Salutologie\u00ae","potentialAction":[{"@type":"SearchAction","target":{"@type":"EntryPoint","urlTemplate":"https:\/\/salutologie.org\/?s={search_term_string}"},"query-input":"required name=search_term_string"}],"inLanguage":"en-GB"}]}},"_links":{"self":[{"href":"https:\/\/salutologie.org\/en\/wp-json\/wp\/v2\/pages\/1068"}],"collection":[{"href":"https:\/\/salutologie.org\/en\/wp-json\/wp\/v2\/pages"}],"about":[{"href":"https:\/\/salutologie.org\/en\/wp-json\/wp\/v2\/types\/page"}],"author":[{"embeddable":true,"href":"https:\/\/salutologie.org\/en\/wp-json\/wp\/v2\/users\/1"}],"replies":[{"embeddable":true,"href":"https:\/\/salutologie.org\/en\/wp-json\/wp\/v2\/comments?post=1068"}],"version-history":[{"count":89,"href":"https:\/\/salutologie.org\/en\/wp-json\/wp\/v2\/pages\/1068\/revisions"}],"predecessor-version":[{"id":1080,"href":"https:\/\/salutologie.org\/en\/wp-json\/wp\/v2\/pages\/1068\/revisions\/1080"}],"up":[{"embeddable":true,"href":"https:\/\/salutologie.org\/en\/wp-json\/wp\/v2\/pages\/357"}],"wp:attachment":[{"href":"https:\/\/salutologie.org\/en\/wp-json\/wp\/v2\/media?parent=1068"}],"curies":[{"name":"wp","href":"https:\/\/api.w.org\/{rel}","templated":true}]}}