{"id":128,"date":"2016-05-04T14:41:46","date_gmt":"2016-05-04T12:41:46","guid":{"rendered":"http:\/\/chronopsychologie.org.host24.profi-server.at\/?page_id=128"},"modified":"2025-07-25T10:20:35","modified_gmt":"2025-07-25T08:20:35","slug":"rechtliche-hinweise","status":"publish","type":"page","link":"https:\/\/salutologie.org\/en\/rechtliche-hinweise\/","title":{"rendered":"Rechtliche Hinweise"},"content":{"rendered":"<section class=\"wpb-content-wrapper\"><div class=\"block-area stripe wpb_row default with-border vc_row-fluid\"><div class=\"container clearfix\">\n\t<div class=\"vc_col-sm-12 wpb_column column_container\" style=\"\">\n\t\t<div class=\"wpb_wrapper\">\n\t\t\t\n\t<div class=\"wpb_text_column wpb_content_element\">\n\t\t<div class=\"wpb_wrapper\">\n\t\t\t<h1>Rechtliche Hinweise<strong><em>\u00a0\u00a0 <\/em><\/strong><\/h1>\n<p>&nbsp;<\/p>\n<p><strong>Gesundheitsberatung<br \/>\n<\/strong>Die auf unserer Website angef\u00fchrten \u00e4rztlichen und psychotherapeutischen Aussagen oder Anleitungen zu einer Behandlung werden ausschlie\u00dflich von im \u00c4rzte- und Psychotherapiegesetz befugten Personen ausge\u00fcbt und angewandt.<\/p>\n<p><strong>Copyright<\/strong><em><br \/>\n<\/em>Inhalt und Struktur des Internetangebots des Instituts f\u00fcr Salutologie sind urheberrechtlich gesch\u00fctzt. Die Vervielf\u00e4ltigung von Informationen oder Daten, insbesondere die Verwendung von Texten, Textteilen oder Bildmaterial bedarf der vorherigen Zustimmung durch das Institut f\u00fcr Salutologie, sofern eine freie Verwendung nicht ausdr\u00fccklich einger\u00e4umt wurde.<\/p>\n<p><strong>Haftungshinweise<\/strong><br \/>\nAlle Dokumente und Dateien, die Sie im Internetangebot des Instituts f\u00fcr Salutologie finden, wurden von uns mit gr\u00f6\u00dftm\u00f6glicher Sorgfalt erstellt. Wir ersuchen um Ihr Verst\u00e4ndnis, dass wir dennoch f\u00fcr die Richtigkeit und Vollst\u00e4ndigkeit der hinterlegten Informationen keine Gew\u00e4hr \u00fcbernehmen k\u00f6nnen. So k\u00f6nnen beispielsweise die in unseren Merkbl\u00e4ttern erl\u00e4uterten Gesetze durch aktuellere Versionen ersetzt worden sein. Wir schlie\u00dfen die Haftung f\u00fcr Sch\u00e4den aus, die sich direkt oder indirekt aus der Verwendung der Website und der darin enthaltenen Informationen ergeben k\u00f6nnen. Hiervon ausgenommen ist die Haftung f\u00fcr Vorsatz oder grobe Fahrl\u00e4ssigkeit. Entscheidungen auf Basis der pr\u00e4sentierten Informationen erfolgen auf eigenes Risiko. Den Inhalt anderer Websites, die Sie \u00fcber Hyperlinks vom Angebot des Instituts f\u00fcr Salutologie aus besuchen k\u00f6nnen, machen wir uns ausdr\u00fccklich nicht zu eigen. Das Institut f\u00fcr Salutologie hat keinen Einfluss auf die aktuelle und zuk\u00fcnftige Gestaltung bzw. auf die Inhalte der gelinkten Seiten. F\u00fcr deren inhaltliche Korrektheit, Vollst\u00e4ndigkeit und Verf\u00fcgbarkeit k\u00f6nnen wir deshalb keine Gew\u00e4hr leisten.<\/p>\n<p><strong>Verwendung von Markennamen etc.<\/strong><em><br \/>\n<\/em>Alle innerhalb der Website des Instituts f\u00fcr Salutologie genannten und ggf. durch Dritte gesch\u00fctzten Markennamen, Geschmacksmuster, Service-Marken und Warenzeichen (eingetragene und nicht eingetragene) unterliegen uneingeschr\u00e4nkt den Bestimmungen des jeweils g\u00fcltigen Kennzeichenrechts und den Besitzrechten der jeweiligen Eigent\u00fcmer.<\/p>\n<p>Allein aufgrund der blo\u00dfen Nennung ist nicht der Schluss zu ziehen, dass Markenzeichen nicht durch Rechte Dritter gesch\u00fctzt sind.<\/p>\n<p>Mit der Erw\u00e4hnung oder Verwendung von Warenzeichen Dritter auf dieser Website soll weder der Eindruck erweckt noch ausgesagt werden, dass diese Dritten mit den Leistungen des Instituts f\u00fcr Salutologie in Zusammenhang stehen oder diese unterst\u00fctzen.<\/p>\n\n\t\t<\/div> \n\t<\/div> \n\t\t<\/div> \n\t<\/div> \n<\/div><\/div><div class=\"block-area stripe wpb_row default with-border vc_row-fluid\"><div class=\"container clearfix\">\n\t<div class=\"vc_col-sm-12 wpb_column column_container\" style=\"\">\n\t\t<div class=\"wpb_wrapper\">\n\t\t\t<div class=\"gap\" style=\"line-height: 5px; height: 5px;\"><\/div>\n\t\t<\/div> \n\t<\/div> \n<\/div><\/div><div class=\"block-area stripe wpb_row default with-border vc_row-fluid\"><div class=\"container clearfix\">\n\t<div class=\"vc_col-sm-12 wpb_column column_container\" style=\"\">\n\t\t<div class=\"wpb_wrapper\">\n\t\t\t\n\t<div class=\"wpb_text_column wpb_content_element\">\n\t\t<div class=\"wpb_wrapper\">\n\t\t\t<p><strong>Legal information\u00a0\u00a0<\/strong><\/p>\n<p><strong>Health advice<\/strong><\/p>\n<p>The medical and psychotherapeutic statements or instructions for treatment given on our website are exclusively exercised and applied by persons authorized by the Medical and Psychotherapy Act.<\/p>\n<p><strong>Copyright<\/strong><\/p>\n<p>The content and structure of the Chrono Institute&#8217;s website are protected by copyright. The duplication of information or data, especially the use of texts, parts of texts or images requires the prior consent of the Chrono Institute, unless free use has been expressly granted.<\/p>\n<p><strong>Disclaimer<\/strong><\/p>\n<p>All documents and files that you find on the Chrono Institute&#8217;s website have been created by us with the greatest possible care. We ask for your understanding that we can nevertheless not guarantee the correctness and completeness of the information deposited. For example, the laws explained in our leaflets may have been replaced by more recent versions. We exclude liability for damages that may result directly or indirectly from the use of the website and the information contained therein. This does not apply to liability for intent or gross negligence. Decisions based on the information presented are made at your own risk. We expressly do not adopt the content of other websites which you can visit via hyperlinks from the Chrono Institute&#8217;s website as our own. The Chrono Institute has no influence on the current and future design or content of the linked pages. We can therefore not guarantee for their correctness, completeness and availability.<\/p>\n<p><strong>Use of brand names etc.<\/strong><\/p>\n<p>All brand names, design patents, service brands and trademarks (registered and unregistered) mentioned within the Chrono Institute&#8217;s website and, if applicable, protected by third parties, are subject without restriction to the provisions of the applicable trademark law and the ownership rights of the respective owners.<\/p>\n<p>The mere mention of a trademark does not imply that it is not protected by the rights of third parties.<\/p>\n<p>The mention or use of third party trademarks on this website is not intended to give the impression or imply that these third parties are associated with or support the services of the Chrono Institute.<\/p>\n\n\t\t<\/div> \n\t<\/div> \n\t\t<\/div> \n\t<\/div> \n<\/div><\/div>\n<\/section>","protected":false},"excerpt":{"rendered":"Rechtliche Hinweise\u00a0\u00a0 &nbsp; Gesundheitsberatung Die auf unserer Website angef\u00fchrten \u00e4rztlichen und psychotherapeutischen Aussagen oder Anleitungen zu einer Behandlung werden ausschlie\u00dflich...","protected":false},"author":1,"featured_media":0,"parent":0,"menu_order":0,"comment_status":"closed","ping_status":"closed","template":"","meta":{"footnotes":""},"yoast_head":"<!-- This site is optimized with the Yoast SEO plugin v22.6 - https:\/\/yoast.com\/wordpress\/plugins\/seo\/ -->\n<title>Rechtliche Hinweise | Chrono Institut | ChronoPsychologie und -Medizin<\/title>\n<meta name=\"robots\" content=\"index, follow, max-snippet:-1, max-image-preview:large, max-video-preview:-1\" \/>\n<link rel=\"canonical\" href=\"https:\/\/salutologie.org\/en\/rechtliche-hinweise\/\" \/>\n<meta property=\"og:locale\" content=\"en_GB\" \/>\n<meta property=\"og:type\" content=\"article\" \/>\n<meta property=\"og:title\" content=\"Rechtliche Hinweise | Chrono Institut | ChronoPsychologie und -Medizin\" \/>\n<meta property=\"og:url\" content=\"https:\/\/salutologie.org\/en\/rechtliche-hinweise\/\" \/>\n<meta property=\"og:site_name\" content=\"Universit\u00e4t f\u00fcr Salutologie\u00ae\" \/>\n<meta property=\"article:modified_time\" content=\"2025-07-25T08:20:35+00:00\" \/>\n<meta name=\"twitter:card\" content=\"summary_large_image\" \/>\n<meta name=\"twitter:label1\" content=\"Estimated reading time\" \/>\n\t<meta name=\"twitter:data1\" content=\"5 minutes\" \/>\n<script type=\"application\/ld+json\" class=\"yoast-schema-graph\">{\"@context\":\"https:\/\/schema.org\",\"@graph\":[{\"@type\":\"WebPage\",\"@id\":\"https:\/\/salutologie.org\/rechtliche-hinweise\/\",\"url\":\"https:\/\/salutologie.org\/rechtliche-hinweise\/\",\"name\":\"Rechtliche Hinweise | Chrono Institut | ChronoPsychologie und -Medizin\",\"isPartOf\":{\"@id\":\"https:\/\/salutologie.org\/#website\"},\"datePublished\":\"2016-05-04T12:41:46+00:00\",\"dateModified\":\"2025-07-25T08:20:35+00:00\",\"breadcrumb\":{\"@id\":\"https:\/\/salutologie.org\/rechtliche-hinweise\/#breadcrumb\"},\"inLanguage\":\"en-GB\",\"potentialAction\":[{\"@type\":\"ReadAction\",\"target\":[\"https:\/\/salutologie.org\/rechtliche-hinweise\/\"]}]},{\"@type\":\"BreadcrumbList\",\"@id\":\"https:\/\/salutologie.org\/rechtliche-hinweise\/#breadcrumb\",\"itemListElement\":[{\"@type\":\"ListItem\",\"position\":1,\"name\":\"Startseite\",\"item\":\"https:\/\/salutologie.org\/\"},{\"@type\":\"ListItem\",\"position\":2,\"name\":\"Rechtliche Hinweise\"}]},{\"@type\":\"WebSite\",\"@id\":\"https:\/\/salutologie.org\/#website\",\"url\":\"https:\/\/salutologie.org\/\",\"name\":\"Universit\u00e4t f\u00fcr Salutologie\u00ae\",\"description\":\"Universit\u00e4t f\u00fcr Salutologie\u00ae\",\"potentialAction\":[{\"@type\":\"SearchAction\",\"target\":{\"@type\":\"EntryPoint\",\"urlTemplate\":\"https:\/\/salutologie.org\/?s={search_term_string}\"},\"query-input\":\"required name=search_term_string\"}],\"inLanguage\":\"en-GB\"}]}<\/script>\n<!-- \/ Yoast SEO plugin. -->","yoast_head_json":{"title":"Rechtliche Hinweise | Chrono Institut | ChronoPsychologie und -Medizin","robots":{"index":"index","follow":"follow","max-snippet":"max-snippet:-1","max-image-preview":"max-image-preview:large","max-video-preview":"max-video-preview:-1"},"canonical":"https:\/\/salutologie.org\/en\/rechtliche-hinweise\/","og_locale":"en_GB","og_type":"article","og_title":"Rechtliche Hinweise | Chrono Institut | ChronoPsychologie und -Medizin","og_url":"https:\/\/salutologie.org\/en\/rechtliche-hinweise\/","og_site_name":"Universit\u00e4t f\u00fcr Salutologie\u00ae","article_modified_time":"2025-07-25T08:20:35+00:00","twitter_card":"summary_large_image","twitter_misc":{"Estimated reading time":"5 minutes"},"schema":{"@context":"https:\/\/schema.org","@graph":[{"@type":"WebPage","@id":"https:\/\/salutologie.org\/rechtliche-hinweise\/","url":"https:\/\/salutologie.org\/rechtliche-hinweise\/","name":"Rechtliche Hinweise | Chrono Institut | ChronoPsychologie und -Medizin","isPartOf":{"@id":"https:\/\/salutologie.org\/#website"},"datePublished":"2016-05-04T12:41:46+00:00","dateModified":"2025-07-25T08:20:35+00:00","breadcrumb":{"@id":"https:\/\/salutologie.org\/rechtliche-hinweise\/#breadcrumb"},"inLanguage":"en-GB","potentialAction":[{"@type":"ReadAction","target":["https:\/\/salutologie.org\/rechtliche-hinweise\/"]}]},{"@type":"BreadcrumbList","@id":"https:\/\/salutologie.org\/rechtliche-hinweise\/#breadcrumb","itemListElement":[{"@type":"ListItem","position":1,"name":"Startseite","item":"https:\/\/salutologie.org\/"},{"@type":"ListItem","position":2,"name":"Rechtliche Hinweise"}]},{"@type":"WebSite","@id":"https:\/\/salutologie.org\/#website","url":"https:\/\/salutologie.org\/","name":"Universit\u00e4t f\u00fcr Salutologie\u00ae","description":"Universit\u00e4t f\u00fcr Salutologie\u00ae","potentialAction":[{"@type":"SearchAction","target":{"@type":"EntryPoint","urlTemplate":"https:\/\/salutologie.org\/?s={search_term_string}"},"query-input":"required name=search_term_string"}],"inLanguage":"en-GB"}]}},"_links":{"self":[{"href":"https:\/\/salutologie.org\/en\/wp-json\/wp\/v2\/pages\/128"}],"collection":[{"href":"https:\/\/salutologie.org\/en\/wp-json\/wp\/v2\/pages"}],"about":[{"href":"https:\/\/salutologie.org\/en\/wp-json\/wp\/v2\/types\/page"}],"author":[{"embeddable":true,"href":"https:\/\/salutologie.org\/en\/wp-json\/wp\/v2\/users\/1"}],"replies":[{"embeddable":true,"href":"https:\/\/salutologie.org\/en\/wp-json\/wp\/v2\/comments?post=128"}],"version-history":[{"count":6,"href":"https:\/\/salutologie.org\/en\/wp-json\/wp\/v2\/pages\/128\/revisions"}],"predecessor-version":[{"id":5257,"href":"https:\/\/salutologie.org\/en\/wp-json\/wp\/v2\/pages\/128\/revisions\/5257"}],"wp:attachment":[{"href":"https:\/\/salutologie.org\/en\/wp-json\/wp\/v2\/media?parent=128"}],"curies":[{"name":"wp","href":"https:\/\/api.w.org\/{rel}","templated":true}]}}