{"id":130,"date":"2016-05-04T14:41:59","date_gmt":"2016-05-04T12:41:59","guid":{"rendered":"http:\/\/chronopsychologie.org.host24.profi-server.at\/?page_id=130"},"modified":"2026-05-08T11:15:28","modified_gmt":"2026-05-08T09:15:28","slug":"impressum","status":"publish","type":"page","link":"https:\/\/salutologie.org\/en\/impressum\/","title":{"rendered":"Impressum"},"content":{"rendered":"<section class=\"wpb-content-wrapper\"><div class=\"block-area stripe wpb_row default with-border vc_row-fluid\"><div class=\"container clearfix\">\n\t<div class=\"vc_col-sm-8 wpb_column column_container\" style=\"\">\n\t\t<div class=\"wpb_wrapper\">\n\t\t\t\n\t<div class=\"wpb_text_column wpb_content_element\">\n\t\t<div class=\"wpb_wrapper\">\n\t\t\t<h1>Impressum<\/h1>\n<div class=\"\">\n<p><strong>Akademie f\u00fcr Salutologie<br \/>\n<\/strong>Salutologie Ausbildungsges.m.b.H.<br \/>\nder Universit\u00e4t f\u00fcr Salutologie i. Gr.<br class=\"\" \/><strong><br \/>\n<\/strong>Josefst\u00e4dter Stra\u00dfe 43 &#8211; 45 \/ Top 1A<br class=\"\" \/>A-1080 Wien<br \/>\n\u00d6sterreich<\/p>\n<p><a href=\"mailto:hello@salutologie.org\">hello@salutologie.org<\/a><\/p>\n<p><a class=\"\" href=\"mailto:akademie@salutologie.org\">akademie@salutologie.org<\/a><\/p>\n<p>Firmenbuchnummer<br \/>\nWien 509971 h<\/p>\n<p><b>Leitung<\/b><br \/>\nGr\u00fcndungspr\u00e4sident: MMag. Dr. Peter Hauschild, MSc<br \/>\nGesch\u00e4ftsf\u00fchrung:\u00a0 Dr. Peter P. Canaris<\/p>\n<p><b>Haftung<br \/>\n<\/b>S\u00e4mtliche Texte auf der Homepage der Akademie f\u00fcr Salutologie wurden sorgf\u00e4ltig gepr\u00fcft. Dessen ungeachtet kann keine Garantie f\u00fcr die Richtigkeit, Vollst\u00e4ndigkeit und Aktualit\u00e4t der Angaben \u00fcbernommen werden. Eine Haftung der Salutologie Betriebs- und Verwaltungs GmbH und der Akademie f\u00fcr Salutologie wird daher ausgeschlossen. Da die Salutologie Betriebs- und Verwaltungs GmbH als auch die Akademie f\u00fcr Salutologie auf deren Inhalt keinen Einfluss hat, \u00fcbernimmt sie daf\u00fcr keine Verantwortung.<\/p>\n<\/div>\n<p>Die Links zu anderen Webseiten wurden sorgf\u00e4ltig ausgew\u00e4hlt. Da die Akademie f\u00fcr Salutologie auf deren Inhalt keinen Einfluss hat, \u00fcbernimmt sie daf\u00fcr keine Verantwortung.<\/p>\n<p><b class=\"\">Redaktion:<br \/>\n<\/b>F\u00fcr den Inhalt verantwortlich: MMag. Dr. Peter Hauschild, MSc<\/p>\n<p><b>Copyright<br \/>\n<\/b>Die Urheber- und Nutzungsrechte (Copyright) f\u00fcr Texte, Grafiken, Bilder, Design und Quellcode liegen beim der Akademie f\u00fcr Salutologie. Die Erstellung, Verwendung und Weitergabe von Kopien in elektronischer oder ausgedruckter Form bedarf der Genehmigung.<br \/>\nDie Verwendung des Logos und des Schriftzugs der Universit\u00e4t f\u00fcr Salutologie i.G. ist nur der Universit\u00e4t und angeschlossenen Institutionen, Fakult\u00e4ten und Instituten erlaubt. Jegliche pers\u00f6nliche Verwendung au\u00dferhalb der Akademie f\u00fcr Salutologie bedarf der schriftlichen Genehmigung. Das Copyright der Homepage liegt bei der Akademie f\u00fcr Salutologie bzw. der jeweiligen Autor\/inn\/en der Subseiten.<\/p>\n<p>\u00a9 2026, Akademie f\u00fcr Salutologie<\/p>\n\n\t\t<\/div> \n\t<\/div> \n\t\t<\/div> \n\t<\/div> \n\n\t<div class=\"vc_col-sm-4 wpb_column column_container\" style=\"\">\n\t\t<div class=\"wpb_wrapper\">\n\t\t\t\n\t\t<\/div> \n\t<\/div> \n<\/div><\/div><div class=\"block-area stripe wpb_row default with-border vc_row-fluid\"><div class=\"container clearfix\">\n\t<div class=\"vc_col-sm-12 wpb_column column_container\" style=\"\">\n\t\t<div class=\"wpb_wrapper\">\n\t\t\t<div class=\"gap\" style=\"line-height: 5px; height: 5px;\"><\/div>\n\t\t<\/div> \n\t<\/div> \n<\/div><\/div><div class=\"block-area stripe wpb_row default with-border vc_row-fluid\"><div class=\"container clearfix\">\n\t<div class=\"vc_col-sm-12 wpb_column column_container\" style=\"\">\n\t\t<div class=\"wpb_wrapper\">\n\t\t\t\n\t<div class=\"wpb_text_column wpb_content_element\">\n\t\t<div class=\"wpb_wrapper\">\n\t\t\t<h1>Imprint<\/h1>\n<p><strong>Salutologie Betriebs- und Verwaltungs GmbH<\/strong><\/p>\n<p class=\"\" data-start=\"56\" data-end=\"103\"><strong data-start=\"56\" data-end=\"77\">Registered Office<\/strong><br data-start=\"77\" data-end=\"80\" \/>Marktstrasse 42<br \/>\nDeutschland<\/p>\n<p class=\"\" data-start=\"105\" data-end=\"147\"><strong data-start=\"105\" data-end=\"119\">Management<\/strong><br data-start=\"119\" data-end=\"122\" \/>MMag. Dr. Peter Hauschild<\/p>\n<p class=\"\" data-start=\"149\" data-end=\"716\"><strong data-start=\"149\" data-end=\"173\">Liability Disclaimer<\/strong><br data-start=\"173\" data-end=\"176\" \/>All texts on the website of the University for Salutology (in formation) have been carefully reviewed. Nevertheless, no guarantee can be given for the accuracy, completeness, or current validity of the information provided. Therefore, any liability on the part of the University for Salutology (in formation) is excluded.<br data-start=\"515\" data-end=\"518\" \/>Links to external websites have been selected with care. However, as the University for Salutology (in formation) has no influence over their content, it assumes no responsibility for them.<\/p>\n<p class=\"\" data-start=\"718\" data-end=\"1100\"><strong data-start=\"718\" data-end=\"731\">Copyright<\/strong><br data-start=\"731\" data-end=\"734\" \/>The copyright and usage rights for all texts, graphics, images, design elements, and source code lie with the University for Salutology (in formation). The creation, use, and distribution of copies in electronic or printed form requires prior permission.<\/p>\n<p class=\"\" data-start=\"718\" data-end=\"1100\"><br data-start=\"997\" data-end=\"1000\" \/>Copyright is held by the \u00a9 University for Salutology (in formation) or the respective authors of individual subpages.<\/p>\n\n\t\t<\/div> \n\t<\/div> \n\t\t<\/div> \n\t<\/div> \n<\/div><\/div>\n<\/section>","protected":false},"excerpt":{"rendered":"Impressum Akademie f\u00fcr Salutologie Salutologie Ausbildungsges.m.b.H. der Universit\u00e4t f\u00fcr Salutologie i. Gr. Josefst\u00e4dter Stra\u00dfe 43 - 45 \/ Top 1AA-1080...","protected":false},"author":1,"featured_media":0,"parent":0,"menu_order":0,"comment_status":"closed","ping_status":"closed","template":"","meta":{"footnotes":""},"yoast_head":"<!-- This site is optimized with the Yoast SEO plugin v22.6 - https:\/\/yoast.com\/wordpress\/plugins\/seo\/ -->\n<title>Impressum | Chrono Institut | ChronoPsychologie und -Medizin<\/title>\n<meta name=\"robots\" content=\"index, follow, max-snippet:-1, max-image-preview:large, max-video-preview:-1\" \/>\n<link rel=\"canonical\" href=\"https:\/\/salutologie.org\/en\/impressum\/\" \/>\n<meta property=\"og:locale\" content=\"en_GB\" \/>\n<meta property=\"og:type\" content=\"article\" \/>\n<meta property=\"og:title\" content=\"Impressum | Chrono Institut | ChronoPsychologie und -Medizin\" \/>\n<meta property=\"og:url\" content=\"https:\/\/salutologie.org\/en\/impressum\/\" \/>\n<meta property=\"og:site_name\" content=\"Akademie f\u00fcr Salutologie\u00ae\" \/>\n<meta property=\"article:modified_time\" content=\"2026-05-08T09:15:28+00:00\" \/>\n<meta name=\"twitter:card\" content=\"summary_large_image\" \/>\n<meta name=\"twitter:label1\" content=\"Estimated reading time\" \/>\n\t<meta name=\"twitter:data1\" content=\"3 minutes\" \/>\n<script type=\"application\/ld+json\" class=\"yoast-schema-graph\">{\"@context\":\"https:\/\/schema.org\",\"@graph\":[{\"@type\":\"WebPage\",\"@id\":\"https:\/\/salutologie.org\/impressum\/\",\"url\":\"https:\/\/salutologie.org\/impressum\/\",\"name\":\"Impressum | Chrono Institut | ChronoPsychologie und -Medizin\",\"isPartOf\":{\"@id\":\"https:\/\/salutologie.org\/#website\"},\"datePublished\":\"2016-05-04T12:41:59+00:00\",\"dateModified\":\"2026-05-08T09:15:28+00:00\",\"breadcrumb\":{\"@id\":\"https:\/\/salutologie.org\/impressum\/#breadcrumb\"},\"inLanguage\":\"en-GB\",\"potentialAction\":[{\"@type\":\"ReadAction\",\"target\":[\"https:\/\/salutologie.org\/impressum\/\"]}]},{\"@type\":\"BreadcrumbList\",\"@id\":\"https:\/\/salutologie.org\/impressum\/#breadcrumb\",\"itemListElement\":[{\"@type\":\"ListItem\",\"position\":1,\"name\":\"Startseite\",\"item\":\"https:\/\/salutologie.org\/\"},{\"@type\":\"ListItem\",\"position\":2,\"name\":\"Impressum\"}]},{\"@type\":\"WebSite\",\"@id\":\"https:\/\/salutologie.org\/#website\",\"url\":\"https:\/\/salutologie.org\/\",\"name\":\"Akademie f\u00fcr Salutologie\u00ae\",\"description\":\"Akademie f\u00fcr Salutologie\u00ae\",\"potentialAction\":[{\"@type\":\"SearchAction\",\"target\":{\"@type\":\"EntryPoint\",\"urlTemplate\":\"https:\/\/salutologie.org\/?s={search_term_string}\"},\"query-input\":\"required name=search_term_string\"}],\"inLanguage\":\"en-GB\"}]}<\/script>\n<!-- \/ Yoast SEO plugin. -->","yoast_head_json":{"title":"Impressum | Chrono Institut | ChronoPsychologie und -Medizin","robots":{"index":"index","follow":"follow","max-snippet":"max-snippet:-1","max-image-preview":"max-image-preview:large","max-video-preview":"max-video-preview:-1"},"canonical":"https:\/\/salutologie.org\/en\/impressum\/","og_locale":"en_GB","og_type":"article","og_title":"Impressum | Chrono Institut | ChronoPsychologie und -Medizin","og_url":"https:\/\/salutologie.org\/en\/impressum\/","og_site_name":"Akademie f\u00fcr Salutologie\u00ae","article_modified_time":"2026-05-08T09:15:28+00:00","twitter_card":"summary_large_image","twitter_misc":{"Estimated reading time":"3 minutes"},"schema":{"@context":"https:\/\/schema.org","@graph":[{"@type":"WebPage","@id":"https:\/\/salutologie.org\/impressum\/","url":"https:\/\/salutologie.org\/impressum\/","name":"Impressum | Chrono Institut | ChronoPsychologie und -Medizin","isPartOf":{"@id":"https:\/\/salutologie.org\/#website"},"datePublished":"2016-05-04T12:41:59+00:00","dateModified":"2026-05-08T09:15:28+00:00","breadcrumb":{"@id":"https:\/\/salutologie.org\/impressum\/#breadcrumb"},"inLanguage":"en-GB","potentialAction":[{"@type":"ReadAction","target":["https:\/\/salutologie.org\/impressum\/"]}]},{"@type":"BreadcrumbList","@id":"https:\/\/salutologie.org\/impressum\/#breadcrumb","itemListElement":[{"@type":"ListItem","position":1,"name":"Startseite","item":"https:\/\/salutologie.org\/"},{"@type":"ListItem","position":2,"name":"Impressum"}]},{"@type":"WebSite","@id":"https:\/\/salutologie.org\/#website","url":"https:\/\/salutologie.org\/","name":"Akademie f\u00fcr Salutologie\u00ae","description":"Akademie f\u00fcr Salutologie\u00ae","potentialAction":[{"@type":"SearchAction","target":{"@type":"EntryPoint","urlTemplate":"https:\/\/salutologie.org\/?s={search_term_string}"},"query-input":"required name=search_term_string"}],"inLanguage":"en-GB"}]}},"_links":{"self":[{"href":"https:\/\/salutologie.org\/en\/wp-json\/wp\/v2\/pages\/130"}],"collection":[{"href":"https:\/\/salutologie.org\/en\/wp-json\/wp\/v2\/pages"}],"about":[{"href":"https:\/\/salutologie.org\/en\/wp-json\/wp\/v2\/types\/page"}],"author":[{"embeddable":true,"href":"https:\/\/salutologie.org\/en\/wp-json\/wp\/v2\/users\/1"}],"replies":[{"embeddable":true,"href":"https:\/\/salutologie.org\/en\/wp-json\/wp\/v2\/comments?post=130"}],"version-history":[{"count":50,"href":"https:\/\/salutologie.org\/en\/wp-json\/wp\/v2\/pages\/130\/revisions"}],"predecessor-version":[{"id":5825,"href":"https:\/\/salutologie.org\/en\/wp-json\/wp\/v2\/pages\/130\/revisions\/5825"}],"wp:attachment":[{"href":"https:\/\/salutologie.org\/en\/wp-json\/wp\/v2\/media?parent=130"}],"curies":[{"name":"wp","href":"https:\/\/api.w.org\/{rel}","templated":true}]}}