{"id":1549,"date":"2020-04-16T11:41:21","date_gmt":"2020-04-16T09:41:21","guid":{"rendered":"https:\/\/chronopsychologie.org\/?page_id=1549"},"modified":"2026-05-08T11:11:03","modified_gmt":"2026-05-08T09:11:03","slug":"psob","status":"publish","type":"page","link":"https:\/\/salutologie.org\/en\/ausbildungen\/psob\/","title":{"rendered":"Zertifikatslehrgang Psychosoziale Organisationsberatung (PSOB)"},"content":{"rendered":"<section class=\"wpb-content-wrapper\"><div class=\"block-area stripe wpb_row default with-border vc_row-fluid\"><div class=\"container clearfix\">\n\t<div class=\"vc_col-sm-12 wpb_column column_container\" style=\"\">\n\t\t<div class=\"wpb_wrapper\">\n\t\t\t\n\t<div class=\"wpb_text_column wpb_content_element\">\n\t\t<div class=\"wpb_wrapper\">\n\t\t\t<h1>Zertifikatslehrgang Psychosoziale Organisationsberatung (PSOB)<\/h1>\n\n\t\t<\/div> \n\t<\/div> <div class=\"gap\" style=\"line-height: 20px; height: 20px;\"><\/div>\n\t<div class=\"wpb_single_image_wrapper center\"><div class=\"wpb_single_image wpb_content_element\">\n\t\t<div class=\"wpb_wrapper\">\n\t\t\t\n\t\t\t<div class=\"single_image_wrapper box-item\"><img class=\"\" src=\"https:\/\/salutologie.org\/wp-content\/uploads\/2020\/05\/photo-of-people-doing-handshakes-3183197-copy-1-1800x1000.jpg\" width=\"900\" height=\"500\" alt=\"photo-of-people-doing-handshakes-3183197 copy\" \/><\/div>\n\t\t<\/div> \n\t<\/div><\/div> \n\t\t<\/div> \n\t<\/div> \n<\/div><\/div><div class=\"block-area stripe wpb_row default with-border vc_row-fluid\"><div class=\"container clearfix\">\n\t<div class=\"vc_col-sm-6 wpb_column column_container\" style=\"\">\n\t\t<div class=\"wpb_wrapper\">\n\t\t\t\n\t<div class=\"wpb_text_column wpb_content_element\">\n\t\t<div class=\"wpb_wrapper\">\n\t\t\t<table width=\"574\">\n<tbody>\n<tr>\n<td width=\"217\">Institution<\/td>\n<td width=\"357\"><strong>Akademie f\u00fcr Salutologie<\/strong><\/td>\n<\/tr>\n<tr>\n<td width=\"217\">Abteilung<\/td>\n<td width=\"357\"><strong>Weiterbildungsakademie<\/strong><\/td>\n<\/tr>\n<tr>\n<td width=\"217\">Studienleitung<\/td>\n<td width=\"357\"><strong>Dr. Peter Hauschild<\/strong><\/td>\n<\/tr>\n<tr>\n<td width=\"217\">Dauer | ECTS<\/td>\n<td width=\"357\"><strong>Zertifikatslehrgang<\/strong><\/p>\n<p><strong>4 Module | 250 Stunden | 10 ECTS<\/strong><\/td>\n<\/tr>\n<tr>\n<td width=\"217\">Abschluss<\/td>\n<td width=\"357\"><strong>Psychosoziale Organisationsberater:in<\/strong><\/td>\n<\/tr>\n<tr>\n<td width=\"217\">Qualifikationsniveau<\/td>\n<td width=\"357\"><strong>EQ\u00a0 EQR\/NQR: Stufe 6<\/strong><\/td>\n<\/tr>\n<\/tbody>\n<\/table>\n\n\t\t<\/div> \n\t<\/div> \n\t\t<\/div> \n\t<\/div> \n\n\t<div class=\"vc_col-sm-6 wpb_column column_container\" style=\"\">\n\t\t<div class=\"wpb_wrapper\">\n\t\t\t\n\t<div class=\"wpb_text_column wpb_content_element\">\n\t\t<div class=\"wpb_wrapper\">\n\t\t\t<table width=\"574\">\n<tbody>\n<tr>\n<td width=\"217\">Fachliche Leitung<\/td>\n<td width=\"357\"><strong>Mag. Haris Harald Janisch<\/strong><\/td>\n<\/tr>\n<tr>\n<td width=\"217\">Lehrgangsleiter<\/td>\n<td width=\"357\"><strong>Mag. Ishwara Hadinoto<\/strong><\/td>\n<\/tr>\n<tr>\n<td width=\"217\">Lehrgangsart<\/td>\n<td width=\"357\"><strong>Blended-learning<\/strong><\/td>\n<\/tr>\n<tr>\n<td width=\"217\">Lehrgangsgeb\u00fchr<br \/>\nSupervision<\/td>\n<td width=\"357\"><strong>\u20ac 1.700,-<br \/>\n\u20ac\u00a0 \u00a0 400,-<br \/>\n<\/strong><\/td>\n<\/tr>\n<tr>\n<td width=\"217\">Unterrichtssprache<\/td>\n<td width=\"357\"><strong>Deutsch<\/strong><\/td>\n<\/tr>\n<tr>\n<td width=\"217\">Ort der Durchf\u00fchrung<\/td>\n<td width=\"357\"><strong>Blended Learning: Online + Pr\u00e4senz<\/strong><\/td>\n<\/tr>\n<tr>\n<td width=\"217\">Anmeldung<\/td>\n<td width=\"357\"><strong>Laufende Anmeldung m\u00f6glich<br \/>\n<\/strong><\/td>\n<\/tr>\n<tr>\n<td width=\"217\">Online-Informationsabend<\/td>\n<td width=\"357\"><strong>Jeweils nach Ank\u00fcndigung<br \/>\n<\/strong><\/td>\n<\/tr>\n<\/tbody>\n<\/table>\n\n\t\t<\/div> \n\t<\/div> \n\t\t<\/div> \n\t<\/div> \n<\/div><\/div><div class=\"block-area stripe wpb_row default with-border vc_row-fluid\"><div class=\"container clearfix\">\n\t<div class=\"vc_col-sm-12 wpb_column column_container\" style=\"\">\n\t\t<div class=\"wpb_wrapper\">\n\t\t\t<div class=\"vc_tta-container\" data-vc-action=\"collapseAll\"><div class=\"vc_general vc_tta vc_tta-accordion vc_tta-color-white vc_tta-style-classic vc_tta-shape-rounded vc_tta-o-shape-group vc_tta-controls-align-left vc_tta-o-no-fill vc_tta-o-all-clickable\"><div class=\"vc_tta-panels-container\"><div class=\"vc_tta-panels\"><div class=\"vc_tta-panel vc_active\" id=\"1754494246782-48793b33-00d0\" data-vc-content=\".vc_tta-panel-body\"><div class=\"vc_tta-panel-heading\"><h4 class=\"vc_tta-panel-title vc_tta-controls-icon-position-left\"><a href=\"#1754494246782-48793b33-00d0\" data-vc-accordion data-vc-container=\".vc_tta-container\"><span class=\"vc_tta-title-text\">Lehrgangsinhalte<\/span><i class=\"vc_tta-controls-icon vc_tta-controls-icon-plus\"><\/i><\/a><\/h4><\/div><div class=\"vc_tta-panel-body\">\n\t<div class=\"wpb_text_column wpb_content_element\">\n\t\t<div class=\"wpb_wrapper\">\n\t\t\t<h4><strong>Modul 1 \u2013 Grundlagen<\/strong><\/h4>\n<p><strong>Ziele:<\/strong> Verst\u00e4ndnis f\u00fcr die Entstehung, Bedeutung und Anwendungsfelder der PSOB.<\/p>\n<p><strong>Themenhighlights<\/strong><\/p>\n<ul>\n<li>Entwicklung des Betrieblichen Gesundheitsmanagements in \u00d6sterreich<\/li>\n<li>Vision, Mission &amp; Zielgruppen der PSOB. Einf\u00fchrung in das Wiener Resilienzmodell<\/li>\n<li>Schl\u00fcsselkompetenzen: Dilemmakompetenz, Reflexionsf\u00e4higkeit, Balance zwischen Produktivit\u00e4t &amp; Gesundheit. Die 4. Wiener Schule der psychologischen Beratung<\/li>\n<li>Theoretische Modelle: Arbeitsbew\u00e4ltigungskompetenz (ABK), Auf der Grundlage der Philosophie von Soziokrates, Einf\u00fchrung in das \u201eHaus der gesunden Arbeit\u201c<\/li>\n<li>Einf\u00fchrung in die salutologische Fachsprache (Salutogenese, Salutodynamik, Salutropie, Salutometrie, Salutognose, Saluting).<\/li>\n<\/ul>\n<p><strong>Ihr Nutzen:<\/strong> Sie bauen eine solide Wissensbasis auf und sprechen die gemeinsame Fachsprache f\u00fcr gesundheitsorientierte Organisationsprozesse.<\/p>\n<h4><strong>Modul 2 \u2013 Diagnostik, Evaluierung &amp; Ma\u00dfnahmenentwicklung<\/strong><\/h4>\n<p><strong>Ziele:<\/strong> Analyse von Belastungen und Entwicklung ma\u00dfgeschneiderter L\u00f6sungen.<\/p>\n<p><strong>Themenhighlights<\/strong><\/p>\n<ul>\n<li>Einsatz analoger &amp; digitaler Frageb\u00f6gen zur Belastungsanalyse<\/li>\n<li>Qualitative &amp; quantitative Datenauswertung<\/li>\n<li>Erstellung individueller Ma\u00dfnahmenpl\u00e4ne f\u00fcr Organisation &amp; Mitarbeitende auf der Grundlage von Soziokrates und der Anwendung des Wiener Resilienzmodells<\/li>\n<li>Salutologische Bewertung von Methoden &amp; Instrumenten im betrieblichen Kontext<\/li>\n<li>Gesetzlich vorgeschriebene Belastungsevaluierungen (ASchG) mit Fokusgruppen<\/li>\n<\/ul>\n<p><strong>Ihr Nutzen:<\/strong> Sie erkennen Handlungsfelder klar, entwickeln wirksame Pr\u00e4ventionsstrategien und verbinden gesetzliche Compliance mit salutogenetischem Mehrwert.<\/p>\n<h4><strong>Modul 3 \u2013 Ma\u00dfnahmenumsetzung<\/strong><\/h4>\n<p><strong>Ziele:<\/strong> Strategien und Methoden zur erfolgreichen Realisierung in Organisationen.<\/p>\n<p><strong>Themenhighlights<\/strong><\/p>\n<ul>\n<li>F\u00f6rderung gesunder Teamkultur und wertebasierter Kommunikation<\/li>\n<li>Agile Dilemma Solutions (ADS) &amp; Nonverbale Dialogik (NVD)<\/li>\n<li>Analyse und Gestaltung von Gruppendynamiken<\/li>\n<li>Coaching-Ans\u00e4tze f\u00fcr F\u00fchrungskr\u00e4fte<\/li>\n<li>St\u00e4rkung von Reflexionsf\u00e4higkeit &amp; l\u00f6sungsorientierter Entscheidungsfindung<\/li>\n<\/ul>\n<p><strong>Ihr Nutzen:<\/strong> Sie setzen Ver\u00e4nderungen nachhaltig um, st\u00e4rken Zusammenarbeit und entwickeln F\u00fchrungskr\u00e4fte zu gesundheitsorientierten Gestaltern.<\/p>\n<h4><strong>Modul 4 \u2013 Marketing &amp; Abschlusspr\u00fcfung<\/strong><\/h4>\n<p><strong>Ziele:<\/strong> Erfolgreiche Positionierung und Zertifizierung Ihrer PSOB-Kompetenz.<\/p>\n<p><strong>Themenhighlights<\/strong><\/p>\n<ul>\n<li>Marktpositionierung mit klarem USP<\/li>\n<li>Nutzung relevanter Netzwerke &amp; Aufbau langfristiger Partnerschaften<\/li>\n<li>Verkaufsgespr\u00e4che mit kundenorientierter Nutzenargumentation<\/li>\n<li>Rechtliche Voraussetzungen f\u00fcr das G\u00fctesiegel<\/li>\n<li>Gezielte Vorbereitung auf die Abschlusspr\u00fcfung<\/li>\n<\/ul>\n<p><strong>Ihr Nutzen:<\/strong> Sie treten professionell am Markt auf, bauen wertvolle Kontakte auf und sichern Ihre Kompetenz mit einem anerkannten Abschluss.<\/p>\n<p>Detaillierte Informationen zum Lehrplan der Psychosozialen Organisationsberatung erhalten Sie unter <a href=\"mailto:akademie@salutologie.org\">akademie@salutologie.org<\/a>.<\/p>\n\n\t\t<\/div> \n\t<\/div> <\/div><\/div><div class=\"vc_tta-panel\" id=\"1754494246790-7fbf0223-8010\" data-vc-content=\".vc_tta-panel-body\"><div class=\"vc_tta-panel-heading\"><h4 class=\"vc_tta-panel-title vc_tta-controls-icon-position-left\"><a href=\"#1754494246790-7fbf0223-8010\" data-vc-accordion data-vc-container=\".vc_tta-container\"><span class=\"vc_tta-title-text\">Learning Outcomes<\/span><i class=\"vc_tta-controls-icon vc_tta-controls-icon-plus\"><\/i><\/a><\/h4><\/div><div class=\"vc_tta-panel-body\">\n\t<div class=\"wpb_text_column wpb_content_element\">\n\t\t<div class=\"wpb_wrapper\">\n\t\t\t<p>Nach erfolgreichem Abschluss des PSOB-Lehrgangs sind die Teilnehmenden in der Lage:<\/p>\n<ol>\n<li>die theoretischen Grundlagen der psychosozialen Organisationsberatung im salutologischen Kontext zu verstehen und anzuwenden,<\/li>\n<li>den gesellschaftlichen und wirtschaftlichen Rahmen des Betrieblichen Gesundheitsmanagements (BGM) in \u00d6sterreich einzuordnen,<\/li>\n<li>Dilemmakompetenz, Salutogenit\u00e4t und Arbeitsbew\u00e4ltigungskompetenz als zentrale Wirkdimensionen in Organisationen zu erkennen und zu f\u00f6rdern,<\/li>\n<li>sich im Beratungsmarkt professionell zu positionieren und PSOB gegen\u00fcber angrenzenden Professionen abzugrenzen,<\/li>\n<li>digitale und analoge Anamneseinstrumente (z. B. KABES) sowie HRV-Analysen zur Potenzial- und Belastungserfassung einzusetzen,<\/li>\n<li>qualitative und quantitative Daten systematisch auszuwerten und in salutologisch begr\u00fcndete Ma\u00dfnahmenpl\u00e4ne zu \u00fcberf\u00fchren,<\/li>\n<li>gesetzlich vorgeschriebene psychische Belastungsevaluierungen gem\u00e4\u00df ASchG professionell durchzuf\u00fchren,<\/li>\n<li>Resilienz f\u00f6rdernde Ma\u00dfnahmen zur Team- und Gruppendynamikentwicklung zu konzipieren und umzusetzen,<\/li>\n<li>F\u00fchrungskr\u00e4fte durch salutologisches Coaching zur Reflexion und wertebasierten Entscheidungsfindung zu begleiten,<\/li>\n<li>\u00fcberzeugende Argumente f\u00fcr PSOB-Leistungen zu entwickeln und zielgruppengerechte Leistungspakete zu gestalten, rechtliche Rahmenbedingungen f\u00fcr PSOB-T\u00e4tigkeiten sowie Voraussetzungen f\u00fcr das G\u00fctesiegel zu kennen und anzuwenden,<\/li>\n<li>ein berufsrelevantes Projekt salutologisch zu analysieren, zu dokumentieren und eine fundierte L\u00f6sungsstrategie zu entwickeln.<\/li>\n<\/ol>\n\n\t\t<\/div> \n\t<\/div> <\/div><\/div><div class=\"vc_tta-panel\" id=\"1754494621273-01f802c7-c443\" data-vc-content=\".vc_tta-panel-body\"><div class=\"vc_tta-panel-heading\"><h4 class=\"vc_tta-panel-title vc_tta-controls-icon-position-left\"><a href=\"#1754494621273-01f802c7-c443\" data-vc-accordion data-vc-container=\".vc_tta-container\"><span class=\"vc_tta-title-text\">Methoden<\/span><i class=\"vc_tta-controls-icon vc_tta-controls-icon-plus\"><\/i><\/a><\/h4><\/div><div class=\"vc_tta-panel-body\">\n\t<div class=\"wpb_text_column wpb_content_element\">\n\t\t<div class=\"wpb_wrapper\">\n\t\t\t<p>Online-Zoomtermine<\/p>\n<p>Pr\u00e4senzlehrveranstaltungen<\/p>\n\n\t\t<\/div> \n\t<\/div> <\/div><\/div><div class=\"vc_tta-panel\" id=\"1754494634851-c639d4e5-7555\" data-vc-content=\".vc_tta-panel-body\"><div class=\"vc_tta-panel-heading\"><h4 class=\"vc_tta-panel-title vc_tta-controls-icon-position-left\"><a href=\"#1754494634851-c639d4e5-7555\" data-vc-accordion data-vc-container=\".vc_tta-container\"><span class=\"vc_tta-title-text\">Abschluss<\/span><i class=\"vc_tta-controls-icon vc_tta-controls-icon-plus\"><\/i><\/a><\/h4><\/div><div class=\"vc_tta-panel-body\">\n\t<div class=\"wpb_text_column wpb_content_element\">\n\t\t<div class=\"wpb_wrapper\">\n\t\t\t<p>Teilnahmebest\u00e4tigung nach jeder Lehreinheit.<\/p>\n<p>Zertifikat nach Abschluss des gesamten Kurses.<\/p>\n\n\t\t<\/div> \n\t<\/div> <\/div><\/div><div class=\"vc_tta-panel\" id=\"1754494688017-7694c24d-27cf\" data-vc-content=\".vc_tta-panel-body\"><div class=\"vc_tta-panel-heading\"><h4 class=\"vc_tta-panel-title vc_tta-controls-icon-position-left\"><a href=\"#1754494688017-7694c24d-27cf\" data-vc-accordion data-vc-container=\".vc_tta-container\"><span class=\"vc_tta-title-text\">Zielgruppe<\/span><i class=\"vc_tta-controls-icon vc_tta-controls-icon-plus\"><\/i><\/a><\/h4><\/div><div class=\"vc_tta-panel-body\">\n\t<div class=\"wpb_text_column wpb_content_element\">\n\t\t<div class=\"wpb_wrapper\">\n\t\t\t<p>Dieses Seminar richtet sich an Lebens- und Sozialberater:innen, Psycholog:innen, Psychotherapeut:innen, Mediziner:innen, P\u00e4dagog:innen, Pflegepersonal und Studierende einschl\u00e4giger Fachrichtungen.<\/p>\n\n\t\t<\/div> \n\t<\/div> <\/div><\/div><\/div><\/div><\/div><\/div>\n\t\t<\/div> \n\t<\/div> \n<\/div><\/div><div class=\"block-area stripe wpb_row default with-border vc_row-fluid\"><div class=\"container clearfix\">\n\t<div class=\"vc_col-sm-12 wpb_column column_container\" style=\"\">\n\t\t<div class=\"wpb_wrapper\">\n\t\t\t\n\t<div class=\"wpb_text_column wpb_content_element\">\n\t\t<div class=\"wpb_wrapper\">\n\t\t\t<h1>Anmeldung f\u00fcr weitere Information<\/h1>\n<p>Hier k\u00f6nnen Sie sich unverbindlich f\u00fcr den Online-Informationsabend, wie auch f\u00fcr weitere Information anmelden. Wir kontaktieren Sie pers\u00f6nlich per E-Mail und senden Ihnen alle weiteren Informationen zu.<\/p>\n\n<div class=\"wpcf7 no-js\" id=\"wpcf7-f5446-o1\" lang=\"de-DE\" dir=\"ltr\">\n<div class=\"screen-reader-response\"><p role=\"status\" aria-live=\"polite\" aria-atomic=\"true\"><\/p> <ul><\/ul><\/div>\n<form action=\"\/en\/wp-json\/wp\/v2\/pages\/1549#wpcf7-f5446-o1\" method=\"post\" class=\"wpcf7-form init\" aria-label=\"Kontaktformular\" novalidate=\"novalidate\" data-status=\"init\" data-trp-original-action=\"\/en\/wp-json\/wp\/v2\/pages\/1549#wpcf7-f5446-o1\">\n<div style=\"display: none;\">\n<input type=\"hidden\" name=\"_wpcf7\" value=\"5446\" \/>\n<input type=\"hidden\" name=\"_wpcf7_version\" value=\"5.9.8\" \/>\n<input type=\"hidden\" name=\"_wpcf7_locale\" value=\"de_DE\" \/>\n<input type=\"hidden\" name=\"_wpcf7_unit_tag\" value=\"wpcf7-f5446-o1\" \/>\n<input type=\"hidden\" name=\"_wpcf7_container_post\" value=\"0\" \/>\n<input type=\"hidden\" name=\"_wpcf7_posted_data_hash\" value=\"\" \/>\n<\/div>\n<p><label> Anrede<br \/>\n<span class=\"wpcf7-form-control-wrap\" data-name=\"anrede\"><input size=\"40\" maxlength=\"400\" class=\"wpcf7-form-control wpcf7-text\" aria-invalid=\"false\" value=\"\" type=\"text\" name=\"anrede\" \/><\/span> <\/label>\n<\/p>\n<p><label> Titel<br \/>\n<span class=\"wpcf7-form-control-wrap\" data-name=\"titel\"><input size=\"40\" maxlength=\"400\" class=\"wpcf7-form-control wpcf7-text\" aria-invalid=\"false\" value=\"\" type=\"text\" name=\"titel\" \/><\/span> <\/label>\n<\/p>\n<p><label> Vorname*<br \/>\n<span class=\"wpcf7-form-control-wrap\" data-name=\"first-name\"><input size=\"40\" maxlength=\"400\" class=\"wpcf7-form-control wpcf7-text wpcf7-validates-as-required\" aria-required=\"true\" aria-invalid=\"false\" value=\"\" type=\"text\" name=\"first-name\" \/><\/span> <\/label>\n<\/p>\n<p><label> Nachname*<br \/>\n<span class=\"wpcf7-form-control-wrap\" data-name=\"last-name\"><input size=\"40\" maxlength=\"400\" class=\"wpcf7-form-control wpcf7-text wpcf7-validates-as-required\" aria-required=\"true\" aria-invalid=\"false\" value=\"\" type=\"text\" name=\"last-name\" \/><\/span> <\/label>\n<\/p>\n<p><label> E-Mail-Adresse*<br \/>\n<span class=\"wpcf7-form-control-wrap\" data-name=\"your-email\"><input size=\"40\" maxlength=\"400\" class=\"wpcf7-form-control wpcf7-email wpcf7-validates-as-required wpcf7-text wpcf7-validates-as-email\" aria-required=\"true\" aria-invalid=\"false\" value=\"\" type=\"email\" name=\"your-email\" \/><\/span> <\/label>\n<\/p>\n<p><label> Telefonnummer<br \/>\n<span class=\"wpcf7-form-control-wrap\" data-name=\"telefon\"><input size=\"40\" maxlength=\"400\" class=\"wpcf7-form-control wpcf7-text\" aria-invalid=\"false\" value=\"\" type=\"text\" name=\"telefon\" \/><\/span> <\/label>\n<\/p>\n<p><label> Beruf<br \/>\n<span class=\"wpcf7-form-control-wrap\" data-name=\"beruf\"><input size=\"40\" maxlength=\"400\" class=\"wpcf7-form-control wpcf7-text\" aria-invalid=\"false\" value=\"\" type=\"text\" name=\"beruf\" \/><\/span> <\/label>\n<\/p>\n<p><label> Anmerkung<br \/>\n<span class=\"wpcf7-form-control-wrap\" data-name=\"your-message\"><textarea cols=\"40\" rows=\"10\" maxlength=\"2000\" class=\"wpcf7-form-control wpcf7-textarea\" aria-invalid=\"false\" name=\"your-message\"><\/textarea><\/span> <\/label>\n<\/p>\n<p><span class=\"wpcf7-form-control-wrap\" data-name=\"quiz-798\"><label><span class=\"wpcf7-quiz-label\">Bitte gib zur Best\u00e4tigung das Wort Salutologie ein?<\/span> <input size=\"40\" class=\"wpcf7-form-control wpcf7-quiz\" autocomplete=\"off\" aria-required=\"true\" aria-invalid=\"false\" type=\"text\" name=\"quiz-798\" \/><\/label><input type=\"hidden\" name=\"_wpcf7_quiz_answer_quiz-798\" value=\"b9b2fc3b03393d7eb36bb9d4444fc9fb\" \/><\/span>\n<\/p>\n<p><span class=\"wpcf7-form-control-wrap\" data-name=\"acceptance-335\"><span class=\"wpcf7-form-control wpcf7-acceptance\"><span class=\"wpcf7-list-item\"><label><input type=\"checkbox\" name=\"acceptance-335\" value=\"1\" aria-invalid=\"false\" \/><span class=\"wpcf7-list-item-label\">Ich habe die <a href=\"\/en\/datenschutzrichtlinie\/\"> Datenschutzbestimmung<\/a> gelesen und gebe mein Einverst\u00e4ndnis, dass ich per E-Mail von der Universit\u00e4t f\u00fcr Salutologie kontaktiert werde.<\/span><\/label><\/span><\/span><\/span>\n<\/p>\n<p><input class=\"wpcf7-form-control wpcf7-submit has-spinner\" type=\"submit\" value=\"Senden\" \/>\n<\/p><div class=\"wpcf7-response-output\" aria-hidden=\"true\"><\/div>\n<input type=\"hidden\" name=\"trp-form-language\" value=\"en\"\/><\/form>\n<\/div>\n\n\n\t\t<\/div> \n\t<\/div> \n\t\t<\/div> \n\t<\/div> \n<\/div><\/div>\n<\/section>","protected":false},"excerpt":{"rendered":"Zertifikatslehrgang Psychosoziale Organisationsberatung (PSOB) Institution Akademie f\u00fcr Salutologie Abteilung Weiterbildungsakademie Studienleitung Dr. Peter Hauschild Dauer | ECTS Zertifikatslehrgang 4 Module...","protected":false},"author":1,"featured_media":0,"parent":357,"menu_order":0,"comment_status":"closed","ping_status":"closed","template":"","meta":{"footnotes":""},"yoast_head":"<!-- This site is optimized with the Yoast SEO plugin v22.6 - https:\/\/yoast.com\/wordpress\/plugins\/seo\/ -->\n<title>Zertifikatslehrgang Psychosoziale Organisationsberatung (PSOB) - Akademie f\u00fcr Salutologie\u00ae<\/title>\n<meta name=\"description\" content=\"Lehrgang PSOB: Gesundheit, Produktivit\u00e4t &amp; Menschlichkeit in Organisationen verbinden \u2013 mit anerkanntem Abschluss.\" \/>\n<meta name=\"robots\" content=\"index, follow, max-snippet:-1, max-image-preview:large, max-video-preview:-1\" \/>\n<link rel=\"canonical\" href=\"https:\/\/salutologie.org\/en\/ausbildungen\/psob\/\" \/>\n<meta property=\"og:locale\" content=\"en_GB\" \/>\n<meta property=\"og:type\" content=\"article\" \/>\n<meta property=\"og:title\" content=\"Akademie f\u00fcr Salutologie \u2013 Psychosoziale Organisationsberatung Lehrgang | Zertifikat f\u00fcr Beratung &amp; Gesundheit\" \/>\n<meta property=\"og:description\" content=\"Lehrgang PSOB: Gesundheit, Produktivit\u00e4t &amp; Menschlichkeit in Organisationen verbinden \u2013 mit anerkanntem Abschluss.\" \/>\n<meta property=\"og:url\" content=\"https:\/\/salutologie.org\/en\/ausbildungen\/psob\/\" \/>\n<meta property=\"og:site_name\" content=\"Akademie f\u00fcr Salutologie\u00ae\" \/>\n<meta property=\"article:modified_time\" content=\"2026-05-08T09:11:03+00:00\" \/>\n<meta property=\"og:image\" content=\"https:\/\/salutologie.org\/wp-content\/uploads\/2023\/01\/1.png\" \/>\n\t<meta property=\"og:image:width\" content=\"500\" \/>\n\t<meta property=\"og:image:height\" content=\"500\" \/>\n\t<meta property=\"og:image:type\" content=\"image\/png\" \/>\n<meta name=\"twitter:card\" content=\"summary_large_image\" \/>\n<meta name=\"twitter:label1\" content=\"Estimated reading time\" \/>\n\t<meta name=\"twitter:data1\" content=\"5 minutes\" \/>\n<script type=\"application\/ld+json\" class=\"yoast-schema-graph\">{\"@context\":\"https:\/\/schema.org\",\"@graph\":[{\"@type\":\"WebPage\",\"@id\":\"https:\/\/salutologie.org\/ausbildungen\/psob\/\",\"url\":\"https:\/\/salutologie.org\/ausbildungen\/psob\/\",\"name\":\"Zertifikatslehrgang Psychosoziale Organisationsberatung (PSOB) - Akademie f\u00fcr Salutologie\u00ae\",\"isPartOf\":{\"@id\":\"https:\/\/salutologie.org\/#website\"},\"datePublished\":\"2020-04-16T09:41:21+00:00\",\"dateModified\":\"2026-05-08T09:11:03+00:00\",\"description\":\"Lehrgang PSOB: Gesundheit, Produktivit\u00e4t & Menschlichkeit in Organisationen verbinden \u2013 mit anerkanntem Abschluss.\",\"breadcrumb\":{\"@id\":\"https:\/\/salutologie.org\/ausbildungen\/psob\/#breadcrumb\"},\"inLanguage\":\"en-GB\",\"potentialAction\":[{\"@type\":\"ReadAction\",\"target\":[\"https:\/\/salutologie.org\/ausbildungen\/psob\/\"]}]},{\"@type\":\"BreadcrumbList\",\"@id\":\"https:\/\/salutologie.org\/ausbildungen\/psob\/#breadcrumb\",\"itemListElement\":[{\"@type\":\"ListItem\",\"position\":1,\"name\":\"Startseite\",\"item\":\"https:\/\/salutologie.org\/\"},{\"@type\":\"ListItem\",\"position\":2,\"name\":\"Ausbildungen\",\"item\":\"https:\/\/salutologie.org\/ausbildungen\/\"},{\"@type\":\"ListItem\",\"position\":3,\"name\":\"Zertifikatslehrgang Psychosoziale Organisationsberatung (PSOB)\"}]},{\"@type\":\"WebSite\",\"@id\":\"https:\/\/salutologie.org\/#website\",\"url\":\"https:\/\/salutologie.org\/\",\"name\":\"Akademie f\u00fcr Salutologie\u00ae\",\"description\":\"Akademie f\u00fcr Salutologie\u00ae\",\"potentialAction\":[{\"@type\":\"SearchAction\",\"target\":{\"@type\":\"EntryPoint\",\"urlTemplate\":\"https:\/\/salutologie.org\/?s={search_term_string}\"},\"query-input\":\"required name=search_term_string\"}],\"inLanguage\":\"en-GB\"}]}<\/script>\n<!-- \/ Yoast SEO plugin. -->","yoast_head_json":{"title":"Zertifikatslehrgang Psychosoziale Organisationsberatung (PSOB) - Akademie f\u00fcr Salutologie\u00ae","description":"Lehrgang PSOB: Gesundheit, Produktivit\u00e4t & Menschlichkeit in Organisationen verbinden \u2013 mit anerkanntem Abschluss.","robots":{"index":"index","follow":"follow","max-snippet":"max-snippet:-1","max-image-preview":"max-image-preview:large","max-video-preview":"max-video-preview:-1"},"canonical":"https:\/\/salutologie.org\/en\/ausbildungen\/psob\/","og_locale":"en_GB","og_type":"article","og_title":"Akademie f\u00fcr Salutologie \u2013 Psychosoziale Organisationsberatung Lehrgang | Zertifikat f\u00fcr Beratung & Gesundheit","og_description":"Lehrgang PSOB: Gesundheit, Produktivit\u00e4t & Menschlichkeit in Organisationen verbinden \u2013 mit anerkanntem Abschluss.","og_url":"https:\/\/salutologie.org\/en\/ausbildungen\/psob\/","og_site_name":"Akademie f\u00fcr Salutologie\u00ae","article_modified_time":"2026-05-08T09:11:03+00:00","og_image":[{"width":500,"height":500,"url":"https:\/\/salutologie.org\/wp-content\/uploads\/2023\/01\/1.png","type":"image\/png"}],"twitter_card":"summary_large_image","twitter_misc":{"Estimated reading time":"5 minutes"},"schema":{"@context":"https:\/\/schema.org","@graph":[{"@type":"WebPage","@id":"https:\/\/salutologie.org\/ausbildungen\/psob\/","url":"https:\/\/salutologie.org\/ausbildungen\/psob\/","name":"Zertifikatslehrgang Psychosoziale Organisationsberatung (PSOB) - Akademie f\u00fcr Salutologie\u00ae","isPartOf":{"@id":"https:\/\/salutologie.org\/#website"},"datePublished":"2020-04-16T09:41:21+00:00","dateModified":"2026-05-08T09:11:03+00:00","description":"Lehrgang PSOB: Gesundheit, Produktivit\u00e4t & Menschlichkeit in Organisationen verbinden \u2013 mit anerkanntem Abschluss.","breadcrumb":{"@id":"https:\/\/salutologie.org\/ausbildungen\/psob\/#breadcrumb"},"inLanguage":"en-GB","potentialAction":[{"@type":"ReadAction","target":["https:\/\/salutologie.org\/ausbildungen\/psob\/"]}]},{"@type":"BreadcrumbList","@id":"https:\/\/salutologie.org\/ausbildungen\/psob\/#breadcrumb","itemListElement":[{"@type":"ListItem","position":1,"name":"Startseite","item":"https:\/\/salutologie.org\/"},{"@type":"ListItem","position":2,"name":"Ausbildungen","item":"https:\/\/salutologie.org\/ausbildungen\/"},{"@type":"ListItem","position":3,"name":"Zertifikatslehrgang Psychosoziale Organisationsberatung (PSOB)"}]},{"@type":"WebSite","@id":"https:\/\/salutologie.org\/#website","url":"https:\/\/salutologie.org\/","name":"Akademie f\u00fcr Salutologie\u00ae","description":"Akademie f\u00fcr Salutologie\u00ae","potentialAction":[{"@type":"SearchAction","target":{"@type":"EntryPoint","urlTemplate":"https:\/\/salutologie.org\/?s={search_term_string}"},"query-input":"required name=search_term_string"}],"inLanguage":"en-GB"}]}},"_links":{"self":[{"href":"https:\/\/salutologie.org\/en\/wp-json\/wp\/v2\/pages\/1549"}],"collection":[{"href":"https:\/\/salutologie.org\/en\/wp-json\/wp\/v2\/pages"}],"about":[{"href":"https:\/\/salutologie.org\/en\/wp-json\/wp\/v2\/types\/page"}],"author":[{"embeddable":true,"href":"https:\/\/salutologie.org\/en\/wp-json\/wp\/v2\/users\/1"}],"replies":[{"embeddable":true,"href":"https:\/\/salutologie.org\/en\/wp-json\/wp\/v2\/comments?post=1549"}],"version-history":[{"count":38,"href":"https:\/\/salutologie.org\/en\/wp-json\/wp\/v2\/pages\/1549\/revisions"}],"predecessor-version":[{"id":5816,"href":"https:\/\/salutologie.org\/en\/wp-json\/wp\/v2\/pages\/1549\/revisions\/5816"}],"up":[{"embeddable":true,"href":"https:\/\/salutologie.org\/en\/wp-json\/wp\/v2\/pages\/357"}],"wp:attachment":[{"href":"https:\/\/salutologie.org\/en\/wp-json\/wp\/v2\/media?parent=1549"}],"curies":[{"name":"wp","href":"https:\/\/api.w.org\/{rel}","templated":true}]}}