{"id":1593,"date":"2020-04-24T14:33:43","date_gmt":"2020-04-24T12:33:43","guid":{"rendered":"https:\/\/chronopsychologie.org\/?page_id=1593"},"modified":"2026-05-08T11:11:28","modified_gmt":"2026-05-08T09:11:28","slug":"zertifikatslehrgang-lsb-salutologie-1-psob","status":"publish","type":"page","link":"https:\/\/salutologie.org\/en\/ausbildungen\/zertifikatslehrgang-lsb-salutologie-1-psob\/","title":{"rendered":"Zertifikatslehrgang &#8211; LSB Salutologie 1 + PSOB"},"content":{"rendered":"<section class=\"wpb-content-wrapper\"><div class=\"block-area stripe wpb_row default with-border vc_row-fluid\"><div class=\"container clearfix\">\n\t<div class=\"vc_col-sm-12 wpb_column column_container\" style=\"\">\n\t\t<div class=\"wpb_wrapper\">\n\t\t\t\n\t<div class=\"wpb_text_column wpb_content_element\">\n\t\t<div class=\"wpb_wrapper\">\n\t\t\t<h1>Zertifikatslehrgang &#8211; LSB Salutologie 1 + PSOB<\/h1>\n\n\t\t<\/div> \n\t<\/div> <div class=\"gap\" style=\"line-height: 20px; height: 20px;\"><\/div>\n\t<div class=\"wpb_single_image_wrapper center\"><div class=\"wpb_single_image wpb_content_element\">\n\t\t<div class=\"wpb_wrapper\">\n\t\t\t\n\t\t\t<div class=\"single_image_wrapper box-item\"><img class=\"\" src=\"https:\/\/salutologie.org\/wp-content\/uploads\/2020\/05\/photo-of-woman-using-her-laptop-935756-copy-1800x1000.jpg\" width=\"900\" height=\"500\" alt=\"photo-of-woman-using-her-laptop-935756 copy\" \/><\/div>\n\t\t<\/div> \n\t<\/div><\/div> \n\t\t<\/div> \n\t<\/div> \n<\/div><\/div><div class=\"block-area stripe wpb_row default vc_row-fluid\"><div class=\"container clearfix\">\n\t<div class=\"vc_col-sm-6 wpb_column column_container\" style=\"\">\n\t\t<div class=\"wpb_wrapper\">\n\t\t\t\n\t<div class=\"wpb_text_column wpb_content_element\">\n\t\t<div class=\"wpb_wrapper\">\n\t\t\t<table width=\"574\">\n<tbody>\n<tr>\n<td width=\"209\">Institution<\/td>\n<td width=\"365\"><strong>Akademie f\u00fcr Salutologie<\/strong><\/td>\n<\/tr>\n<tr>\n<td width=\"209\">Abteilung<\/td>\n<td width=\"365\"><strong>Weiterbildungsakademie<\/strong><\/td>\n<\/tr>\n<tr>\n<td width=\"209\">Dauer | ECTS<\/td>\n<td width=\"365\"><strong>4 Monate | 500 Stunden | 20 ECTS<\/strong><\/p>\n<p><strong>2 Monate | 250 Stunden | 10 ECTS<\/strong><\/td>\n<\/tr>\n<tr>\n<td width=\"209\">Abschluss<\/td>\n<td width=\"365\"><strong>Salutologin | Salutologe<\/strong><\/td>\n<\/tr>\n<tr>\n<td width=\"209\">Qualifikationsniveau<\/td>\n<td width=\"365\"><strong>EQ\u00a0 EQR\/NQR: Stufe 6<\/strong><\/td>\n<\/tr>\n<tr>\n<td width=\"209\">Lehrgangsleiter<\/td>\n<td width=\"365\"><strong>Dr. Peter Hauschild<\/strong><\/td>\n<\/tr>\n<tr>\n<td width=\"209\">Lehrgangsart<\/td>\n<td width=\"365\"><strong>Blended-learning<\/strong><\/td>\n<\/tr>\n<\/tbody>\n<\/table>\n\n\t\t<\/div> \n\t<\/div> \n\t\t<\/div> \n\t<\/div> \n\n\t<div class=\"vc_col-sm-6 wpb_column column_container\" style=\"\">\n\t\t<div class=\"wpb_wrapper\">\n\t\t\t\n\t<div class=\"wpb_text_column wpb_content_element\">\n\t\t<div class=\"wpb_wrapper\">\n\t\t\t<table width=\"574\">\n<tbody>\n<tr>\n<td width=\"209\">Lehrgangsgeb\u00fchr<\/p>\n<p>Supervision<\/td>\n<td width=\"365\"><strong>\u20ac 3.950,- <\/strong>(Ratenzahlung auf Anfrage)<br \/>\nInkl. HRV-Sensor und Konto der Gesundheit<br \/>\n<strong>\u20ac\u00a0 \u00a0 \u00a0400,-<\/strong><\/td>\n<\/tr>\n<tr>\n<td width=\"209\">Unterrichtssprache<\/td>\n<td width=\"365\"><strong>Deutsch<\/strong><\/td>\n<\/tr>\n<tr>\n<td width=\"209\">Ort der Durchf\u00fchrung<\/td>\n<td width=\"365\"><strong>Wien<\/strong><\/td>\n<\/tr>\n<tr>\n<td width=\"209\">Beginn Aufnahmeverfahren<\/td>\n<td width=\"365\"><strong>August 2025<\/strong><\/td>\n<\/tr>\n<tr>\n<td width=\"209\">Anmeldung<\/td>\n<td width=\"365\"><strong>Laufende Anmeldung m\u00f6glich<\/strong><\/td>\n<\/tr>\n<tr>\n<td width=\"209\">Online-Informationsabend<\/td>\n<td width=\"365\"><strong>Jeweils nach Ank\u00fcndigung<br \/>\n<\/strong><\/td>\n<\/tr>\n<\/tbody>\n<\/table>\n\n\t\t<\/div> \n\t<\/div> \n\t\t<\/div> \n\t<\/div> \n<\/div><\/div><div class=\"block-area stripe wpb_row default with-border vc_row-fluid\" style=\"background-color: #f8f8f8;\"><div class=\"container clearfix\">\n\t<div class=\"vc_col-sm-12 wpb_column column_container\" style=\"\">\n\t\t<div class=\"wpb_wrapper\">\n\t\t\t<div class=\"vc_tta-container\" data-vc-action=\"collapseAll\"><div class=\"vc_general vc_tta vc_tta-accordion vc_tta-color-white vc_tta-style-classic vc_tta-shape-rounded vc_tta-o-shape-group vc_tta-controls-align-left vc_tta-o-no-fill vc_tta-o-all-clickable\"><div class=\"vc_tta-panels-container\"><div class=\"vc_tta-panels\"><div class=\"vc_tta-panel vc_active\" id=\"1755698016642-db52ab97-7312\" data-vc-content=\".vc_tta-panel-body\"><div class=\"vc_tta-panel-heading\"><h4 class=\"vc_tta-panel-title vc_tta-controls-icon-position-left\"><a href=\"#1755698016642-db52ab97-7312\" data-vc-accordion data-vc-container=\".vc_tta-container\"><span class=\"vc_tta-title-text\">Inhalt<\/span><i class=\"vc_tta-controls-icon vc_tta-controls-icon-plus\"><\/i><\/a><\/h4><\/div><div class=\"vc_tta-panel-body\">\n\t<div class=\"wpb_text_column wpb_content_element\">\n\t\t<div class=\"wpb_wrapper\">\n\t\t\t<p><strong>Zertifikatslehrgang LSB Salutologie 1 mit integriertem PSOB-Modul<\/strong><\/p>\n<p><strong>\u00a0\u201eGesundheit neu denken, erkennen und gestalten \u2013 im Leben und in Organisationen\u201c<\/strong><\/p>\n<p>Der Lehrgang <em>LSB Salutologie 1<\/em> er\u00f6ffnet Lebens- und Sozialberater:innen den Einstieg in die Salutologie \u2013 eine Gesundheitswissenschaft der Zukunft, die den Menschen nicht als Krankheitsfall, sondern als Tr\u00e4ger einer inneren Ordnungskraft versteht.<\/p>\n<p>Die Teilnehmenden erlernen die Grundlagen salutologischen Denkens \u2013 mit Konzepten wie Salutogenese, Salutodynamik und Salutising \u2013 und entdecken neue Wege, Gesundheit zu f\u00f6rdern, Potenziale zu erkennen und Lebensqualit\u00e4t nachhaltig zu gestalten.<\/p>\n<p>Mit dem <em>Konto der Gesundheit<\/em> steht ein praxistaugliches Werkzeug zur Verf\u00fcgung, das salutologische Beratung direkt in den Alltag \u00fcberf\u00fchrt. Eine praxisorientierte Abschlussarbeit vertieft die Anwendung und dokumentiert den Lernerfolg.<\/p>\n<p>Neu integriert ist das Modul <em>Psychosoziale Organisationsberatung (PSOB)<\/em>, das den salutologischen Ansatz auf Organisationen, Unternehmen und soziale Systeme \u00fcbertr\u00e4gt. In Zeiten von Fachkr\u00e4ftemangel, Digitalisierung und Unsicherheit (VUCA) sind salutogene Arbeitswelten gefragter denn je.<\/p>\n<p>Die Teilnehmenden lernen, wie sie gesundheitsf\u00f6rdernde Prozesse auch in Teams, Institutionen und F\u00fchrungsebenen initiieren, begleiten und reflektieren k\u00f6nnen \u2013 mit dem Menschen stets im Mittelpunkt.<\/p>\n<p>So verbindet dieser Lehrgang individuelle Beratungskompetenz mit systemischer Weitsicht \u2013 f\u00fcr eine neue Qualit\u00e4t von Gesundheitsbegleitung im privaten wie beruflichen Kontext.<\/p>\n\n\t\t<\/div> \n\t<\/div> <\/div><\/div><div class=\"vc_tta-panel\" id=\"1755698016651-75625f6f-4259\" data-vc-content=\".vc_tta-panel-body\"><div class=\"vc_tta-panel-heading\"><h4 class=\"vc_tta-panel-title vc_tta-controls-icon-position-left\"><a href=\"#1755698016651-75625f6f-4259\" data-vc-accordion data-vc-container=\".vc_tta-container\"><span class=\"vc_tta-title-text\">Inhaltliche Schwerpunkte<\/span><i class=\"vc_tta-controls-icon vc_tta-controls-icon-plus\"><\/i><\/a><\/h4><\/div><div class=\"vc_tta-panel-body\">\n\t<div class=\"wpb_text_column wpb_content_element\">\n\t\t<div class=\"wpb_wrapper\">\n\t\t\t<ul>\n<li>erkennen die gesellschaftlichen, gesundheitlichen und wirtschaftlichen Herausforderungen der n\u00e4chsten Jahrzehnte und verstehen die Bedeutung der Salutologie als zukunftsweisendes Paradigma;<\/li>\n<li>erlernen die zentralen Grundbegriffe der salutologischen Fachsprache (u.\u202fa. Salutogenese, Salutodynamik, Salutropie, Salutometrie, Salutognose, Saluting);<\/li>\n<li>erhalten eine Einf\u00fchrung in das salutologische Beratungsmodell <em>Salutising<\/em> und verstehen dessen Rolle als transformierender Ansatz zur St\u00e4rkung salutogener Ordnungsprozesse im Menschen;<\/li>\n<li>lernen das \u201eKonto der Gesundheit\u201c als salutogenes Interventionsinstrument kennen und wenden erste Anwendungen im Rahmen von Fallbeispielen an;<\/li>\n<li>erwerben Grundkenntnisse der salutogenen Messverfahren (u.\u202fa. HRV, Biofeedback, Koh\u00e4renzdiagnostik) und verstehen deren Bedeutung f\u00fcr die Pr\u00e4ventionsarbeit;<\/li>\n<li>verstehen das Berufsbild \u201eSalutolog:in\u201c als neue Profession im Bereich der Gesundheitspr\u00e4vention und -f\u00f6rderung mit spezifischem ethischem, rechtlichem und wirtschaftlichem Rahmen;<\/li>\n<li>erkennen die Relevanz der Salutologie als Zusatzqualifikation f\u00fcr Lebens- und Sozialberater:innen und entwickeln erste Konzepte zur Integration in ihr berufliches Portfolio.<\/li>\n<\/ul>\n\n\t\t<\/div> \n\t<\/div> <\/div><\/div><div class=\"vc_tta-panel\" id=\"1755698242340-7598560b-f029\" data-vc-content=\".vc_tta-panel-body\"><div class=\"vc_tta-panel-heading\"><h4 class=\"vc_tta-panel-title vc_tta-controls-icon-position-left\"><a href=\"#1755698242340-7598560b-f029\" data-vc-accordion data-vc-container=\".vc_tta-container\"><span class=\"vc_tta-title-text\">Learning Outcomes<\/span><i class=\"vc_tta-controls-icon vc_tta-controls-icon-plus\"><\/i><\/a><\/h4><\/div><div class=\"vc_tta-panel-body\">\n\t<div class=\"wpb_text_column wpb_content_element\">\n\t\t<div class=\"wpb_wrapper\">\n\t\t\t<p>Die Absolventinnen und Absolventen des LSB Zertifikatslehrgangs Salutologie sind in der Lage:<\/p>\n<ul>\n<li>die geschichtliche Entwicklung und die gesellschaftliche Relevanz der Salutologie beschreiben (Remembering);<\/li>\n<li>die Begriffe Salutogenese, Salutodynamik, Salutometrie, Salutropie, Salutognose definieren und voneinander abgrenzen (Understanding);<\/li>\n<li>die Unterschiede zwischen Pathologie und Salutologie erkl\u00e4ren (Understanding);<\/li>\n<li>erste salutologische Messverfahren der HRV anwenden (Applying);<\/li>\n<li>das \u201eKonto der Gesundheit\u201c exemplarisch auf Fallbeispiele \u00fcbertragen (Applying);<\/li>\n<li>das Berufsbild der Salutolog:in in Bezug auf rechtliche, ethische und fachliche Rahmenbedingungen darstellen und reflektieren (Analyzing).<\/li>\n<li>den Einsatz salutologischer Methoden in der Lebens- und Sozialberatung bewerten (Evaluating);<\/li>\n<li>erste eigene Ans\u00e4tze zur Integration salutologischer Perspektiven in ihr Berufsbild entwickeln (Creating);<\/li>\n<li>ein salutogenes Kurzkonzept f\u00fcr den Beratungsalltag konzipieren und pr\u00e4sentieren (Creating).<\/li>\n<\/ul>\n<p><em>Detaillierte Informationen zum Lehrplan Salutologie und der Psychosozialen Organisationsberatung erhalten Sie unter <\/em><a href=\"mailto:akademie@salutologie.org\"><em>akademie@salutologie.org<\/em><\/a><em>.<\/em><\/p>\n\n\t\t<\/div> \n\t<\/div> <\/div><\/div><div class=\"vc_tta-panel\" id=\"1755698271721-8a23d58b-0c46\" data-vc-content=\".vc_tta-panel-body\"><div class=\"vc_tta-panel-heading\"><h4 class=\"vc_tta-panel-title vc_tta-controls-icon-position-left\"><a href=\"#1755698271721-8a23d58b-0c46\" data-vc-accordion data-vc-container=\".vc_tta-container\"><span class=\"vc_tta-title-text\">Methoden<\/span><i class=\"vc_tta-controls-icon vc_tta-controls-icon-plus\"><\/i><\/a><\/h4><\/div><div class=\"vc_tta-panel-body\">\n\t<div class=\"wpb_text_column wpb_content_element\">\n\t\t<div class=\"wpb_wrapper\">\n\t\t\t<p>Online-Zoomtermine<\/p>\n<p>Pr\u00e4senzlehrveranstaltungen<\/p>\n\n\t\t<\/div> \n\t<\/div> <\/div><\/div><div class=\"vc_tta-panel\" id=\"1755698299991-e633fd35-3596\" data-vc-content=\".vc_tta-panel-body\"><div class=\"vc_tta-panel-heading\"><h4 class=\"vc_tta-panel-title vc_tta-controls-icon-position-left\"><a href=\"#1755698299991-e633fd35-3596\" data-vc-accordion data-vc-container=\".vc_tta-container\"><span class=\"vc_tta-title-text\">Abschluss<\/span><i class=\"vc_tta-controls-icon vc_tta-controls-icon-plus\"><\/i><\/a><\/h4><\/div><div class=\"vc_tta-panel-body\">\n\t<div class=\"wpb_text_column wpb_content_element\">\n\t\t<div class=\"wpb_wrapper\">\n\t\t\t<p>Teilnahmebest\u00e4tigung nach jeder Lehreinheit.<\/p>\n<p>Zertifikat nach Abschluss des gesamten Kurses.<\/p>\n\n\t\t<\/div> \n\t<\/div> <\/div><\/div><div class=\"vc_tta-panel\" id=\"1755698334043-3d671304-8018\" data-vc-content=\".vc_tta-panel-body\"><div class=\"vc_tta-panel-heading\"><h4 class=\"vc_tta-panel-title vc_tta-controls-icon-position-left\"><a href=\"#1755698334043-3d671304-8018\" data-vc-accordion data-vc-container=\".vc_tta-container\"><span class=\"vc_tta-title-text\">Zielgruppe<\/span><i class=\"vc_tta-controls-icon vc_tta-controls-icon-plus\"><\/i><\/a><\/h4><\/div><div class=\"vc_tta-panel-body\">\n\t<div class=\"wpb_text_column wpb_content_element\">\n\t\t<div class=\"wpb_wrapper\">\n\t\t\t<p>Dieses Seminar richtet sich an Lebens- und Sozialberater:innen, Psycholog:innen, Psychotherapeut:innen, Mediziner:innen, P\u00e4dagog:innen, Sozialarbeiter:innen, Pflegepersonal und Studierende einschl\u00e4giger Fachrichtungen.<\/p>\n\n\t\t<\/div> \n\t<\/div> <\/div><\/div><\/div><\/div><\/div><\/div>\n\t\t<\/div> \n\t<\/div> \n<\/div><\/div><div class=\"block-area stripe wpb_row default with-border vc_row-fluid\"><div class=\"container clearfix\">\n\t<div class=\"vc_col-sm-12 wpb_column column_container\" style=\"\">\n\t\t<div class=\"wpb_wrapper\">\n\t\t\t\n\t<div class=\"wpb_text_column wpb_content_element\">\n\t\t<div class=\"wpb_wrapper\">\n\t\t\t<h1>Anmeldung f\u00fcr weitere Information<\/h1>\n<p>Hier k\u00f6nnen Sie sich unverbindlich f\u00fcr den Online-Informationsabend, wie auch f\u00fcr weitere Information anmelden. Wir kontaktieren Sie pers\u00f6nlich per E-Mail und senden Ihnen alle weiteren Informationen zu.<\/p>\n\n<div class=\"wpcf7 no-js\" id=\"wpcf7-f5455-o1\" lang=\"de-DE\" dir=\"ltr\">\n<div class=\"screen-reader-response\"><p role=\"status\" aria-live=\"polite\" aria-atomic=\"true\"><\/p> <ul><\/ul><\/div>\n<form action=\"\/en\/wp-json\/wp\/v2\/pages\/1593#wpcf7-f5455-o1\" method=\"post\" class=\"wpcf7-form init\" aria-label=\"Kontaktformular\" novalidate=\"novalidate\" data-status=\"init\" data-trp-original-action=\"\/en\/wp-json\/wp\/v2\/pages\/1593#wpcf7-f5455-o1\">\n<div style=\"display: none;\">\n<input type=\"hidden\" name=\"_wpcf7\" value=\"5455\" \/>\n<input type=\"hidden\" name=\"_wpcf7_version\" value=\"5.9.8\" \/>\n<input type=\"hidden\" name=\"_wpcf7_locale\" value=\"de_DE\" \/>\n<input type=\"hidden\" name=\"_wpcf7_unit_tag\" value=\"wpcf7-f5455-o1\" \/>\n<input type=\"hidden\" name=\"_wpcf7_container_post\" value=\"0\" \/>\n<input type=\"hidden\" name=\"_wpcf7_posted_data_hash\" value=\"\" \/>\n<\/div>\n<p><label> Anrede<br \/>\n<span class=\"wpcf7-form-control-wrap\" data-name=\"anrede\"><input size=\"40\" maxlength=\"400\" class=\"wpcf7-form-control wpcf7-text\" aria-invalid=\"false\" value=\"\" type=\"text\" name=\"anrede\" \/><\/span> <\/label>\n<\/p>\n<p><label> Titel<br \/>\n<span class=\"wpcf7-form-control-wrap\" data-name=\"titel\"><input size=\"40\" maxlength=\"400\" class=\"wpcf7-form-control wpcf7-text\" aria-invalid=\"false\" value=\"\" type=\"text\" name=\"titel\" \/><\/span> <\/label>\n<\/p>\n<p><label> Vorname*<br \/>\n<span class=\"wpcf7-form-control-wrap\" data-name=\"first-name\"><input size=\"40\" maxlength=\"400\" class=\"wpcf7-form-control wpcf7-text wpcf7-validates-as-required\" aria-required=\"true\" aria-invalid=\"false\" value=\"\" type=\"text\" name=\"first-name\" \/><\/span> <\/label>\n<\/p>\n<p><label> Nachname*<br \/>\n<span class=\"wpcf7-form-control-wrap\" data-name=\"last-name\"><input size=\"40\" maxlength=\"400\" class=\"wpcf7-form-control wpcf7-text wpcf7-validates-as-required\" aria-required=\"true\" aria-invalid=\"false\" value=\"\" type=\"text\" name=\"last-name\" \/><\/span> <\/label>\n<\/p>\n<p><label> E-Mail-Adresse*<br \/>\n<span class=\"wpcf7-form-control-wrap\" data-name=\"your-email\"><input size=\"40\" maxlength=\"400\" class=\"wpcf7-form-control wpcf7-email wpcf7-validates-as-required wpcf7-text wpcf7-validates-as-email\" aria-required=\"true\" aria-invalid=\"false\" value=\"\" type=\"email\" name=\"your-email\" \/><\/span> <\/label>\n<\/p>\n<p><label> Telefonnummer<br \/>\n<span class=\"wpcf7-form-control-wrap\" data-name=\"telefon\"><input size=\"40\" maxlength=\"400\" class=\"wpcf7-form-control wpcf7-text\" aria-invalid=\"false\" value=\"\" type=\"text\" name=\"telefon\" \/><\/span> <\/label>\n<\/p>\n<p><label> Beruf<br \/>\n<span class=\"wpcf7-form-control-wrap\" data-name=\"beruf\"><input size=\"40\" maxlength=\"400\" class=\"wpcf7-form-control wpcf7-text\" aria-invalid=\"false\" value=\"\" type=\"text\" name=\"beruf\" \/><\/span> <\/label>\n<\/p>\n<p><label> Anmerkung<br \/>\n<span class=\"wpcf7-form-control-wrap\" data-name=\"your-message\"><textarea cols=\"40\" rows=\"10\" maxlength=\"2000\" class=\"wpcf7-form-control wpcf7-textarea\" aria-invalid=\"false\" name=\"your-message\"><\/textarea><\/span> <\/label>\n<\/p>\n<p><span class=\"wpcf7-form-control-wrap\" data-name=\"quiz-798\"><label><span class=\"wpcf7-quiz-label\">Bitte gib zur Best\u00e4tigung das Wort Salutologie ein?<\/span> <input size=\"40\" class=\"wpcf7-form-control wpcf7-quiz\" autocomplete=\"off\" aria-required=\"true\" aria-invalid=\"false\" type=\"text\" name=\"quiz-798\" \/><\/label><input type=\"hidden\" name=\"_wpcf7_quiz_answer_quiz-798\" value=\"b9b2fc3b03393d7eb36bb9d4444fc9fb\" \/><\/span>\n<\/p>\n<p><span class=\"wpcf7-form-control-wrap\" data-name=\"acceptance-335\"><span class=\"wpcf7-form-control wpcf7-acceptance\"><span class=\"wpcf7-list-item\"><label><input type=\"checkbox\" name=\"acceptance-335\" value=\"1\" aria-invalid=\"false\" \/><span class=\"wpcf7-list-item-label\">Ich habe die <a href=\"\/en\/datenschutzrichtlinie\/\"> Datenschutzbestimmung<\/a> gelesen und gebe mein Einverst\u00e4ndnis, dass ich per E-Mail von der Universit\u00e4t f\u00fcr Salutologie kontaktiert werde.<\/span><\/label><\/span><\/span><\/span>\n<\/p>\n<p><input class=\"wpcf7-form-control wpcf7-submit has-spinner\" type=\"submit\" value=\"Senden\" \/>\n<\/p><div class=\"wpcf7-response-output\" aria-hidden=\"true\"><\/div>\n<input type=\"hidden\" name=\"trp-form-language\" value=\"en\"\/><\/form>\n<\/div>\n\n\n\t\t<\/div> \n\t<\/div> \n\t\t<\/div> \n\t<\/div> \n<\/div><\/div>\n<\/section>","protected":false},"excerpt":{"rendered":"Zertifikatslehrgang - LSB Salutologie 1 + PSOB Institution Akademie f\u00fcr Salutologie Abteilung Weiterbildungsakademie Dauer | ECTS 4 Monate | 500...","protected":false},"author":1,"featured_media":0,"parent":357,"menu_order":0,"comment_status":"closed","ping_status":"closed","template":"","meta":{"footnotes":""},"yoast_head":"<!-- This site is optimized with the Yoast SEO plugin v22.6 - https:\/\/yoast.com\/wordpress\/plugins\/seo\/ -->\n<title>Zertifikatslehrgang - LSB Salutologie 1 + PSOB - Akademie f\u00fcr Salutologie\u00ae<\/title>\n<meta name=\"description\" content=\"Der Zertifikatslehrgang vermittelt salutologisches Denken und bef\u00e4higt, Gesundheit in Organisationen neu zu gestalten.\" \/>\n<meta name=\"robots\" content=\"index, follow, max-snippet:-1, max-image-preview:large, max-video-preview:-1\" \/>\n<link rel=\"canonical\" href=\"https:\/\/salutologie.org\/en\/ausbildungen\/zertifikatslehrgang-lsb-salutologie-1-psob\/\" \/>\n<meta property=\"og:locale\" content=\"en_GB\" \/>\n<meta property=\"og:type\" content=\"article\" \/>\n<meta property=\"og:title\" content=\"Akademie f\u00fcr Salutologie - Zertifikatslehrgang \u2013 Salutologie 1 + PSOB | Zertifikat f\u00fcr Beratung &amp; Gesundheit\" \/>\n<meta property=\"og:description\" content=\"Der Zertifikatslehrgang vermittelt salutologisches Denken und bef\u00e4higt, Gesundheit in Organisationen neu zu gestalten.\" \/>\n<meta property=\"og:url\" content=\"https:\/\/salutologie.org\/en\/ausbildungen\/zertifikatslehrgang-lsb-salutologie-1-psob\/\" \/>\n<meta property=\"og:site_name\" content=\"Akademie f\u00fcr Salutologie\u00ae\" \/>\n<meta property=\"article:modified_time\" content=\"2026-05-08T09:11:28+00:00\" \/>\n<meta property=\"og:image\" content=\"https:\/\/salutologie.org\/wp-content\/uploads\/2023\/01\/1.png\" \/>\n\t<meta property=\"og:image:width\" content=\"500\" \/>\n\t<meta property=\"og:image:height\" content=\"500\" \/>\n\t<meta property=\"og:image:type\" content=\"image\/png\" \/>\n<meta name=\"twitter:card\" content=\"summary_large_image\" \/>\n<meta name=\"twitter:label1\" content=\"Estimated reading time\" \/>\n\t<meta name=\"twitter:data1\" content=\"5 minutes\" \/>\n<script type=\"application\/ld+json\" class=\"yoast-schema-graph\">{\"@context\":\"https:\/\/schema.org\",\"@graph\":[{\"@type\":\"WebPage\",\"@id\":\"https:\/\/salutologie.org\/ausbildungen\/zertifikatslehrgang-lsb-salutologie-1-psob\/\",\"url\":\"https:\/\/salutologie.org\/ausbildungen\/zertifikatslehrgang-lsb-salutologie-1-psob\/\",\"name\":\"Zertifikatslehrgang - LSB Salutologie 1 + PSOB - Akademie f\u00fcr Salutologie\u00ae\",\"isPartOf\":{\"@id\":\"https:\/\/salutologie.org\/#website\"},\"datePublished\":\"2020-04-24T12:33:43+00:00\",\"dateModified\":\"2026-05-08T09:11:28+00:00\",\"description\":\"Der Zertifikatslehrgang vermittelt salutologisches Denken und bef\u00e4higt, Gesundheit in Organisationen neu zu gestalten.\",\"breadcrumb\":{\"@id\":\"https:\/\/salutologie.org\/ausbildungen\/zertifikatslehrgang-lsb-salutologie-1-psob\/#breadcrumb\"},\"inLanguage\":\"en-GB\",\"potentialAction\":[{\"@type\":\"ReadAction\",\"target\":[\"https:\/\/salutologie.org\/ausbildungen\/zertifikatslehrgang-lsb-salutologie-1-psob\/\"]}]},{\"@type\":\"BreadcrumbList\",\"@id\":\"https:\/\/salutologie.org\/ausbildungen\/zertifikatslehrgang-lsb-salutologie-1-psob\/#breadcrumb\",\"itemListElement\":[{\"@type\":\"ListItem\",\"position\":1,\"name\":\"Startseite\",\"item\":\"https:\/\/salutologie.org\/\"},{\"@type\":\"ListItem\",\"position\":2,\"name\":\"Ausbildungen\",\"item\":\"https:\/\/salutologie.org\/ausbildungen\/\"},{\"@type\":\"ListItem\",\"position\":3,\"name\":\"Zertifikatslehrgang &#8211; LSB Salutologie 1 + PSOB\"}]},{\"@type\":\"WebSite\",\"@id\":\"https:\/\/salutologie.org\/#website\",\"url\":\"https:\/\/salutologie.org\/\",\"name\":\"Akademie f\u00fcr Salutologie\u00ae\",\"description\":\"Akademie f\u00fcr Salutologie\u00ae\",\"potentialAction\":[{\"@type\":\"SearchAction\",\"target\":{\"@type\":\"EntryPoint\",\"urlTemplate\":\"https:\/\/salutologie.org\/?s={search_term_string}\"},\"query-input\":\"required name=search_term_string\"}],\"inLanguage\":\"en-GB\"}]}<\/script>\n<!-- \/ Yoast SEO plugin. -->","yoast_head_json":{"title":"Zertifikatslehrgang - LSB Salutologie 1 + PSOB - Akademie f\u00fcr Salutologie\u00ae","description":"Der Zertifikatslehrgang vermittelt salutologisches Denken und bef\u00e4higt, Gesundheit in Organisationen neu zu gestalten.","robots":{"index":"index","follow":"follow","max-snippet":"max-snippet:-1","max-image-preview":"max-image-preview:large","max-video-preview":"max-video-preview:-1"},"canonical":"https:\/\/salutologie.org\/en\/ausbildungen\/zertifikatslehrgang-lsb-salutologie-1-psob\/","og_locale":"en_GB","og_type":"article","og_title":"Akademie f\u00fcr Salutologie - Zertifikatslehrgang \u2013 Salutologie 1 + PSOB | Zertifikat f\u00fcr Beratung & Gesundheit","og_description":"Der Zertifikatslehrgang vermittelt salutologisches Denken und bef\u00e4higt, Gesundheit in Organisationen neu zu gestalten.","og_url":"https:\/\/salutologie.org\/en\/ausbildungen\/zertifikatslehrgang-lsb-salutologie-1-psob\/","og_site_name":"Akademie f\u00fcr Salutologie\u00ae","article_modified_time":"2026-05-08T09:11:28+00:00","og_image":[{"width":500,"height":500,"url":"https:\/\/salutologie.org\/wp-content\/uploads\/2023\/01\/1.png","type":"image\/png"}],"twitter_card":"summary_large_image","twitter_misc":{"Estimated reading time":"5 minutes"},"schema":{"@context":"https:\/\/schema.org","@graph":[{"@type":"WebPage","@id":"https:\/\/salutologie.org\/ausbildungen\/zertifikatslehrgang-lsb-salutologie-1-psob\/","url":"https:\/\/salutologie.org\/ausbildungen\/zertifikatslehrgang-lsb-salutologie-1-psob\/","name":"Zertifikatslehrgang - LSB Salutologie 1 + PSOB - Akademie f\u00fcr Salutologie\u00ae","isPartOf":{"@id":"https:\/\/salutologie.org\/#website"},"datePublished":"2020-04-24T12:33:43+00:00","dateModified":"2026-05-08T09:11:28+00:00","description":"Der Zertifikatslehrgang vermittelt salutologisches Denken und bef\u00e4higt, Gesundheit in Organisationen neu zu gestalten.","breadcrumb":{"@id":"https:\/\/salutologie.org\/ausbildungen\/zertifikatslehrgang-lsb-salutologie-1-psob\/#breadcrumb"},"inLanguage":"en-GB","potentialAction":[{"@type":"ReadAction","target":["https:\/\/salutologie.org\/ausbildungen\/zertifikatslehrgang-lsb-salutologie-1-psob\/"]}]},{"@type":"BreadcrumbList","@id":"https:\/\/salutologie.org\/ausbildungen\/zertifikatslehrgang-lsb-salutologie-1-psob\/#breadcrumb","itemListElement":[{"@type":"ListItem","position":1,"name":"Startseite","item":"https:\/\/salutologie.org\/"},{"@type":"ListItem","position":2,"name":"Ausbildungen","item":"https:\/\/salutologie.org\/ausbildungen\/"},{"@type":"ListItem","position":3,"name":"Zertifikatslehrgang &#8211; LSB Salutologie 1 + PSOB"}]},{"@type":"WebSite","@id":"https:\/\/salutologie.org\/#website","url":"https:\/\/salutologie.org\/","name":"Akademie f\u00fcr Salutologie\u00ae","description":"Akademie f\u00fcr Salutologie\u00ae","potentialAction":[{"@type":"SearchAction","target":{"@type":"EntryPoint","urlTemplate":"https:\/\/salutologie.org\/?s={search_term_string}"},"query-input":"required name=search_term_string"}],"inLanguage":"en-GB"}]}},"_links":{"self":[{"href":"https:\/\/salutologie.org\/en\/wp-json\/wp\/v2\/pages\/1593"}],"collection":[{"href":"https:\/\/salutologie.org\/en\/wp-json\/wp\/v2\/pages"}],"about":[{"href":"https:\/\/salutologie.org\/en\/wp-json\/wp\/v2\/types\/page"}],"author":[{"embeddable":true,"href":"https:\/\/salutologie.org\/en\/wp-json\/wp\/v2\/users\/1"}],"replies":[{"embeddable":true,"href":"https:\/\/salutologie.org\/en\/wp-json\/wp\/v2\/comments?post=1593"}],"version-history":[{"count":51,"href":"https:\/\/salutologie.org\/en\/wp-json\/wp\/v2\/pages\/1593\/revisions"}],"predecessor-version":[{"id":5820,"href":"https:\/\/salutologie.org\/en\/wp-json\/wp\/v2\/pages\/1593\/revisions\/5820"}],"up":[{"embeddable":true,"href":"https:\/\/salutologie.org\/en\/wp-json\/wp\/v2\/pages\/357"}],"wp:attachment":[{"href":"https:\/\/salutologie.org\/en\/wp-json\/wp\/v2\/media?parent=1593"}],"curies":[{"name":"wp","href":"https:\/\/api.w.org\/{rel}","templated":true}]}}