{"id":357,"date":"2016-06-24T12:09:10","date_gmt":"2016-06-24T10:09:10","guid":{"rendered":"http:\/\/chronopsychologie.org.host24.profi-server.at\/?page_id=357"},"modified":"2026-05-08T13:25:52","modified_gmt":"2026-05-08T11:25:52","slug":"ausbildungen","status":"publish","type":"page","link":"https:\/\/salutologie.org\/en\/ausbildungen\/","title":{"rendered":"Ausbildungen"},"content":{"rendered":"<section class=\"wpb-content-wrapper\"><div class=\"block-area stripe wpb_row default with-border vc_row-fluid\"><div class=\"container clearfix\">\n\t<div class=\"vc_col-sm-12 wpb_column column_container\" style=\"\">\n\t\t<div class=\"wpb_wrapper\">\n\t\t\t\n\t<div class=\"wpb_single_image_wrapper center\"><div class=\"wpb_single_image wpb_content_element\">\n\t\t<div class=\"wpb_wrapper\">\n\t\t\t\n\t\t\t<div class=\"single_image_wrapper box-item\"><img width=\"1000\" height=\"500\" src=\"https:\/\/salutologie.org\/wp-content\/uploads\/2025\/08\/pexels-george-milton-703405111.png\" class=\"attachment-full\" alt=\"\" decoding=\"async\" loading=\"lazy\" srcset=\"https:\/\/salutologie.org\/wp-content\/uploads\/2025\/08\/pexels-george-milton-703405111.png 1000w, https:\/\/salutologie.org\/wp-content\/uploads\/2025\/08\/pexels-george-milton-703405111-300x150.png 300w, https:\/\/salutologie.org\/wp-content\/uploads\/2025\/08\/pexels-george-milton-703405111-768x384.png 768w\" sizes=\"(max-width: 1000px) 100vw, 1000px\" \/><\/div>\n\t\t<\/div> \n\t<\/div><\/div> \n\t\t<\/div> \n\t<\/div> \n<\/div><\/div><div class=\"block-area stripe wpb_row default with-border vc_row-fluid\"><div class=\"container clearfix\">\n\t<div class=\"vc_col-sm-6 wpb_column column_container\" style=\"\">\n\t\t<div class=\"wpb_wrapper\">\n\t\t\t\n\t<div class=\"wpb_text_column wpb_content_element\">\n\t\t<div class=\"wpb_wrapper\">\n\t\t\t<h1>Weiterbildungsakademie f\u00fcr Salutologie\u00ae<\/h1>\n<p>&nbsp;<\/p>\n<p>Die Weiterbildungsakademie f\u00fcr Salutologie\u00ae bietet au\u00dferuniversit\u00e4re Weiterbildungen zu salutogenen Themen an. Weiterbildung ist im Kontext der Gesunderhaltung ein wichtiges und lebenslanges Thema. Hier erhalten Sie das notwendige Wissen und innovative Online- und Pr\u00e4senzfortbildungen in Form von Vortr\u00e4gen, Seminaren und Workshops.<\/p>\n\n\t\t<\/div> \n\t<\/div> \n\t\t<\/div> \n\t<\/div> \n\n\t<div class=\"vc_col-sm-6 wpb_column column_container\" style=\"\">\n\t\t<div class=\"wpb_wrapper\">\n\t\t\t\n\t<div class=\"wpb_single_image_wrapper center url-linked\"><div class=\"wpb_single_image wpb_content_element\">\n\t\t<div class=\"wpb_wrapper\">\n\t\t\t\n\t\t\t<div class=\"single_image_wrapper box-item\"><a href=\"\/en\/akademie\/\"><img class=\"\" src=\"https:\/\/salutologie.org\/wp-content\/uploads\/2023\/01\/1.png\" width=\"250\" height=\"250\" alt=\"1\" \/><\/a><\/div>\n\t\t<\/div> \n\t<\/div><\/div> \n\t\t<\/div> \n\t<\/div> \n<\/div><\/div><div class=\"block-area stripe wpb_row default with-border vc_row-fluid\"><div class=\"container clearfix\">\n\t<div class=\"vc_col-sm-6 wpb_column column_container\" style=\"\">\n\t\t<div class=\"wpb_wrapper\">\n\t\t\t\n\t<div class=\"wpb_single_image_wrapper center\"><div class=\"wpb_single_image wpb_content_element\">\n\t\t<div class=\"wpb_wrapper\">\n\t\t\t\n\t\t\t<div class=\"single_image_wrapper box-item\"><img class=\"\" src=\"https:\/\/salutologie.org\/wp-content\/uploads\/2020\/05\/photo-of-people-doing-handshakes-3183197-copy-1-800x800.jpg\" width=\"400\" height=\"400\" alt=\"photo-of-people-doing-handshakes-3183197 copy\" \/><\/div>\n\t\t<\/div> \n\t<\/div><\/div> \n\t\t<\/div> \n\t<\/div> \n\n\t<div class=\"vc_col-sm-6 wpb_column column_container\" style=\"\">\n\t\t<div class=\"wpb_wrapper\">\n\t\t\t\n\t<div class=\"wpb_text_column wpb_content_element\">\n\t\t<div class=\"wpb_wrapper\">\n\t\t\t<h1 style=\"text-align: left;\">Ausbildung Psychosoziale Organisationsberatung (PSOB)<\/h1>\n<p style=\"text-align: left;\">In dieser Ausbildung lernen Sie, wie sich Gesundheit, Produktivit\u00e4t und Menschlichkeit in Organisationen verbinden lassen \u2013 von der fundierten Analyse \u00fcber die Entwicklung und Umsetzung wirksamer Ma\u00dfnahmen bis hin zur Begleitung von Teams und F\u00fchrungskr\u00e4ften. Gleichzeitig bauen Sie Ihre fachliche Kompetenz gezielt aus und positionieren sich professionell als PSOB-Expert:in mit einem anerkannten Abschluss.<\/p>\n<p style=\"text-align: left;\">Die n\u00e4chste Ausbildung startet im Herbst.<\/p>\n\n\t\t<\/div> \n\t<\/div> <div class=\"gap\" style=\"line-height: 30px; height: 30px;\"><\/div><div class=\"vc_btn3-container vc_btn3-inline\" ><a class=\"vc_general vc_btn3 vc_btn3-size-md vc_btn3-shape-rounded vc_btn3-style-modern vc_btn3-color-grey\" href=\"https:\/\/salutologie.org\/en\/akademie\/psob\/\" title=\"Psychosoziale Organisationsberatung (PSOB)\">Mehr erfahren<\/a><\/div>\n\t\t<\/div> \n\t<\/div> \n<\/div><\/div><div class=\"block-area stripe wpb_row default with-border vc_row-fluid\"><div class=\"container clearfix\">\n\t<div class=\"vc_col-sm-6 wpb_column column_container\" style=\"\">\n\t\t<div class=\"wpb_wrapper\">\n\t\t\t\n\t<div class=\"wpb_text_column wpb_content_element\">\n\t\t<div class=\"wpb_wrapper\">\n\t\t\t<h1>Zertifikatslehrgang \u2013 LSB Salutologie 1 + PSOB<\/h1>\n<p style=\"text-align: left;\">Der Zertifikatslehrgang vermittelt Lebens- und Sozialberater:innen salutologisches Denken und zeigt, wie Gesundheit im Leben wie auch in Organisationen neu gestaltet werden kann. Hier lernen Sie, Gesundheit neu zu denken und salutologische Konzepte sowohl im individuellen Leben als auch in Organisationen wirksam anzuwenden.<\/p>\n<p style=\"text-align: left;\">Die n\u00e4chste Ausbildung startet im Herbst.<\/p>\n\n\t\t<\/div> \n\t<\/div> <div class=\"gap\" style=\"line-height: 30px; height: 30px;\"><\/div><div class=\"vc_btn3-container vc_btn3-inline\" ><a class=\"vc_general vc_btn3 vc_btn3-size-md vc_btn3-shape-rounded vc_btn3-style-modern vc_btn3-color-grey\" href=\"https:\/\/salutologie.org\/en\/akademie\/zertifikatslehrgang-lsb-salutologie-1-psob\/\" title=\"Zertifikatslehrgang \u2013 LSB Salutologie 1 + PSOB\">Mehr erfahren<\/a><\/div>\n\t\t<\/div> \n\t<\/div> \n\n\t<div class=\"vc_col-sm-6 wpb_column column_container\" style=\"\">\n\t\t<div class=\"wpb_wrapper\">\n\t\t\t\n\t<div class=\"wpb_single_image_wrapper center\"><div class=\"wpb_single_image wpb_content_element\">\n\t\t<div class=\"wpb_wrapper\">\n\t\t\t\n\t\t\t<div class=\"single_image_wrapper box-item\"><img class=\"\" src=\"https:\/\/salutologie.org\/wp-content\/uploads\/2020\/05\/photo-of-woman-using-her-laptop-935756-copy-800x800.jpg\" width=\"400\" height=\"400\" alt=\"photo-of-woman-using-her-laptop-935756 copy\" \/><\/div>\n\t\t<\/div> \n\t<\/div><\/div> \n\t\t<\/div> \n\t<\/div> \n<\/div><\/div><div class=\"block-area stripe wpb_row default with-border vc_row-fluid\"><div class=\"container clearfix\">\n\t<div class=\"vc_col-sm-6 wpb_column column_container\" style=\"\">\n\t\t<div class=\"wpb_wrapper\">\n\t\t\t\n\t<div class=\"wpb_single_image_wrapper center\"><div class=\"wpb_single_image wpb_content_element\">\n\t\t<div class=\"wpb_wrapper\">\n\t\t\t\n\t\t\t<div class=\"single_image_wrapper box-item\"><img class=\"\" src=\"https:\/\/salutologie.org\/wp-content\/uploads\/2025\/08\/pexels-fauxels-31842981-copy-800x800.jpg\" width=\"400\" height=\"400\" alt=\"pexels-fauxels-3184298(1) copy\" \/><\/div>\n\t\t<\/div> \n\t<\/div><\/div> \n\t\t<\/div> \n\t<\/div> \n\n\t<div class=\"vc_col-sm-6 wpb_column column_container\" style=\"\">\n\t\t<div class=\"wpb_wrapper\">\n\t\t\t\n\t<div class=\"wpb_text_column wpb_content_element\">\n\t\t<div class=\"wpb_wrapper\">\n\t\t\t<h1>Zertifikatslehrgang \u2013 LSB Salutologie 2 + Salutologie 1 und PSOB<\/h1>\n<p style=\"text-align: left;\">Der Lehrgang vertieft salutologisches Denken und zeigt, wie Ordnungsprozesse sichtbar, messbar und gestaltbar werden. Die Teilnehmenden erweitern ihr Methodenrepertoire, entwickeln ihre salutologische Identit\u00e4t und gestalten gesundheitsf\u00f6rdernde Lebensfelder mit einem wirksamen Beratungsportfolio.<\/p>\n<p style=\"text-align: left;\">Die n\u00e4chste Ausbildung startet im Herbst.<\/p>\n\n\t\t<\/div> \n\t<\/div> <div class=\"gap\" style=\"line-height: 30px; height: 30px;\"><\/div><div class=\"vc_btn3-container vc_btn3-inline\" ><a class=\"vc_general vc_btn3 vc_btn3-size-md vc_btn3-shape-rounded vc_btn3-style-modern vc_btn3-color-grey\" href=\"https:\/\/salutologie.org\/en\/akademie\/zertifikatslehrgang-lsb-salutologie-2-salutologie-1-und-psob\/\" title=\"Zertifikatslehrgang \u2013 LSB Salutologie 2 + Salutologie 1 und PSOB\">Mehr erfahren<\/a><\/div>\n\t\t<\/div> \n\t<\/div> \n<\/div><\/div><div class=\"block-area stripe wpb_row default with-border vc_row-fluid\"><div class=\"container clearfix\">\n\t<div class=\"vc_col-sm-6 wpb_column column_container\" style=\"\">\n\t\t<div class=\"wpb_wrapper\">\n\t\t\t\n\t<div class=\"wpb_text_column wpb_content_element\">\n\t\t<div class=\"wpb_wrapper\">\n\t\t\t<h1>Diplomlehrgang \u2013 LSB Salutologie 3 + Salutologie 1 + 2 + PSOB<\/h1>\n<p style=\"text-align: left;\">Der Lehrgang verbindet salutologisches Denken mit unternehmerischer Vision und bef\u00e4higt dazu, Salutologie als zukunftsrelevantes Modell in Beratung, Bildung und Wirtschaft wirksam einzusetzen. Die Teilnehmenden entwickeln eigene Formate, nutzen digitale Tools und st\u00e4rken ihre Rolle als Salutolog:innen mit Leadership- und Gestaltungskompetenz.<\/p>\n<p style=\"text-align: left;\">Die n\u00e4chste Ausbildung startet im Herbst.<\/p>\n\n\t\t<\/div> \n\t<\/div> <div class=\"gap\" style=\"line-height: 30px; height: 30px;\"><\/div><div class=\"vc_btn3-container vc_btn3-inline\" ><a class=\"vc_general vc_btn3 vc_btn3-size-md vc_btn3-shape-rounded vc_btn3-style-modern vc_btn3-color-grey\" href=\"https:\/\/salutologie.org\/en\/akademie\/diplomlehrgang-lsb-salutologie-3-1-2-psob\/\" title=\"Diplomlehrgang \u2013 LSB Salutologie 3 + 1 + 2 + PSOB\">Mehr erfahren<\/a><\/div>\n\t\t<\/div> \n\t<\/div> \n\n\t<div class=\"vc_col-sm-6 wpb_column column_container\" style=\"\">\n\t\t<div class=\"wpb_wrapper\">\n\t\t\t\n\t<div class=\"wpb_single_image_wrapper center\"><div class=\"wpb_single_image wpb_content_element\">\n\t\t<div class=\"wpb_wrapper\">\n\t\t\t\n\t\t\t<div class=\"single_image_wrapper box-item\"><img class=\"\" src=\"https:\/\/salutologie.org\/wp-content\/uploads\/2020\/05\/group-of-people-sitting-indoors-31843601-copy-800x800.jpg\" width=\"400\" height=\"400\" alt=\"group-of-people-sitting-indoors-3184360(1) copy\" \/><\/div>\n\t\t<\/div> \n\t<\/div><\/div> \n\t\t<\/div> \n\t<\/div> \n<\/div><\/div><div class=\"block-area stripe wpb_row default with-border vc_row-fluid\"><div class=\"container clearfix\">\n\t<div class=\"vc_col-sm-6 wpb_column column_container\" style=\"\">\n\t\t<div class=\"wpb_wrapper\">\n\t\t\t\n\t<div class=\"wpb_single_image_wrapper center\"><div class=\"wpb_single_image wpb_content_element\">\n\t\t<div class=\"wpb_wrapper\">\n\t\t\t\n\t\t\t<div class=\"single_image_wrapper box-item\"><img width=\"500\" height=\"351\" src=\"https:\/\/salutologie.org\/wp-content\/uploads\/2022\/04\/pia_grafstroem_H8B8797.jpg\" class=\"attachment-large\" alt=\"\" decoding=\"async\" loading=\"lazy\" srcset=\"https:\/\/salutologie.org\/wp-content\/uploads\/2022\/04\/pia_grafstroem_H8B8797.jpg 500w, https:\/\/salutologie.org\/wp-content\/uploads\/2022\/04\/pia_grafstroem_H8B8797-300x211.jpg 300w\" sizes=\"(max-width: 500px) 100vw, 500px\" \/><\/div>\n\t\t<\/div> \n\t<\/div><\/div> \n\t\t<\/div> \n\t<\/div> \n\n\t<div class=\"vc_col-sm-6 wpb_column column_container\" style=\"\">\n\t\t<div class=\"wpb_wrapper\">\n\t\t\t\n\t<div class=\"wpb_text_column wpb_content_element\">\n\t\t<div class=\"wpb_wrapper\">\n\t\t\t<h1>Ausbildung Praxis der Regulationsanalyse<\/h1>\n<p style=\"text-align: justify;\">Die Regulationsanalyse macht sichtbar, wie das autonome Nervensystem den Gesundheitszustand beeinflusst. Im Kurs lernen Sie, dieses Instrument praktisch anzuwenden, um Stress, Ersch\u00f6pfung oder Schlafst\u00f6rungen fr\u00fchzeitig zu erkennen und gezielt vorzubeugen.<\/p>\n<p style=\"text-align: justify;\">Die n\u00e4chste Ausbildung startet im Herbst.<\/p>\n\n\t\t<\/div> \n\t<\/div> <div class=\"gap\" style=\"line-height: 30px; height: 30px;\"><\/div><div class=\"vc_btn3-container vc_btn3-inline\" ><a class=\"vc_general vc_btn3 vc_btn3-size-md vc_btn3-shape-rounded vc_btn3-style-modern vc_btn3-color-grey\" href=\"https:\/\/salutologie.org\/en\/akademie\/ausbildung-praxis-der-regulationsanalyse\/\" title=\"Ausbildung Praxis der Regulationsanalyse (HRV)\">Mehr erfahren<\/a><\/div>\n\t\t<\/div> \n\t<\/div> \n<\/div><\/div>\n<\/section>","protected":false},"excerpt":{"rendered":"Weiterbildungsakademie f\u00fcr Salutologie\u00ae &nbsp; Die Weiterbildungsakademie f\u00fcr Salutologie\u00ae bietet au\u00dferuniversit\u00e4re Weiterbildungen zu salutogenen Themen an. Weiterbildung ist im Kontext der...","protected":false},"author":1,"featured_media":0,"parent":0,"menu_order":0,"comment_status":"closed","ping_status":"closed","template":"","meta":{"footnotes":""},"yoast_head":"<!-- This site is optimized with the Yoast SEO plugin v22.6 - https:\/\/yoast.com\/wordpress\/plugins\/seo\/ -->\n<title>Ausbildungen - Akademie f\u00fcr Salutologie\u00ae<\/title>\n<meta name=\"description\" content=\"Lehrgang f\u00fcr Salutologie\u00ae - &quot;Gesundheitsentwicklung&quot; f\u00fcr Salutogenese und Pr\u00e4vention und F.X. Mayr Medizin.\" \/>\n<meta name=\"robots\" content=\"index, follow, max-snippet:-1, max-image-preview:large, max-video-preview:-1\" \/>\n<link rel=\"canonical\" href=\"https:\/\/salutologie.org\/en\/ausbildungen\/\" \/>\n<meta property=\"og:locale\" content=\"en_GB\" \/>\n<meta property=\"og:type\" content=\"article\" \/>\n<meta property=\"og:title\" content=\"Ausbildungen - Akademie f\u00fcr Salutologie\u00ae\" \/>\n<meta property=\"og:description\" content=\"Lehrgang f\u00fcr Salutologie\u00ae - &quot;Gesundheitsentwicklung&quot; f\u00fcr Salutogenese und Pr\u00e4vention und F.X. Mayr Medizin.\" \/>\n<meta property=\"og:url\" content=\"https:\/\/salutologie.org\/en\/ausbildungen\/\" \/>\n<meta property=\"og:site_name\" content=\"Akademie f\u00fcr Salutologie\u00ae\" \/>\n<meta property=\"article:modified_time\" content=\"2026-05-08T11:25:52+00:00\" \/>\n<meta name=\"twitter:card\" content=\"summary_large_image\" \/>\n<meta name=\"twitter:label1\" content=\"Estimated reading time\" \/>\n\t<meta name=\"twitter:data1\" content=\"5 minutes\" \/>\n<script type=\"application\/ld+json\" class=\"yoast-schema-graph\">{\"@context\":\"https:\/\/schema.org\",\"@graph\":[{\"@type\":\"WebPage\",\"@id\":\"https:\/\/salutologie.org\/ausbildungen\/\",\"url\":\"https:\/\/salutologie.org\/ausbildungen\/\",\"name\":\"Ausbildungen - Akademie f\u00fcr Salutologie\u00ae\",\"isPartOf\":{\"@id\":\"https:\/\/salutologie.org\/#website\"},\"datePublished\":\"2016-06-24T10:09:10+00:00\",\"dateModified\":\"2026-05-08T11:25:52+00:00\",\"description\":\"Lehrgang f\u00fcr Salutologie\u00ae - \\\"Gesundheitsentwicklung\\\" f\u00fcr Salutogenese und Pr\u00e4vention und F.X. Mayr Medizin.\",\"breadcrumb\":{\"@id\":\"https:\/\/salutologie.org\/ausbildungen\/#breadcrumb\"},\"inLanguage\":\"en-GB\",\"potentialAction\":[{\"@type\":\"ReadAction\",\"target\":[\"https:\/\/salutologie.org\/ausbildungen\/\"]}]},{\"@type\":\"BreadcrumbList\",\"@id\":\"https:\/\/salutologie.org\/ausbildungen\/#breadcrumb\",\"itemListElement\":[{\"@type\":\"ListItem\",\"position\":1,\"name\":\"Startseite\",\"item\":\"https:\/\/salutologie.org\/\"},{\"@type\":\"ListItem\",\"position\":2,\"name\":\"Ausbildungen\"}]},{\"@type\":\"WebSite\",\"@id\":\"https:\/\/salutologie.org\/#website\",\"url\":\"https:\/\/salutologie.org\/\",\"name\":\"Akademie f\u00fcr Salutologie\u00ae\",\"description\":\"Akademie f\u00fcr Salutologie\u00ae\",\"potentialAction\":[{\"@type\":\"SearchAction\",\"target\":{\"@type\":\"EntryPoint\",\"urlTemplate\":\"https:\/\/salutologie.org\/?s={search_term_string}\"},\"query-input\":\"required name=search_term_string\"}],\"inLanguage\":\"en-GB\"}]}<\/script>\n<!-- \/ Yoast SEO plugin. -->","yoast_head_json":{"title":"Ausbildungen - Akademie f\u00fcr Salutologie\u00ae","description":"Lehrgang f\u00fcr Salutologie\u00ae - \"Gesundheitsentwicklung\" f\u00fcr Salutogenese und Pr\u00e4vention und F.X. Mayr Medizin.","robots":{"index":"index","follow":"follow","max-snippet":"max-snippet:-1","max-image-preview":"max-image-preview:large","max-video-preview":"max-video-preview:-1"},"canonical":"https:\/\/salutologie.org\/en\/ausbildungen\/","og_locale":"en_GB","og_type":"article","og_title":"Ausbildungen - Akademie f\u00fcr Salutologie\u00ae","og_description":"Lehrgang f\u00fcr Salutologie\u00ae - \"Gesundheitsentwicklung\" f\u00fcr Salutogenese und Pr\u00e4vention und F.X. Mayr Medizin.","og_url":"https:\/\/salutologie.org\/en\/ausbildungen\/","og_site_name":"Akademie f\u00fcr Salutologie\u00ae","article_modified_time":"2026-05-08T11:25:52+00:00","twitter_card":"summary_large_image","twitter_misc":{"Estimated reading time":"5 minutes"},"schema":{"@context":"https:\/\/schema.org","@graph":[{"@type":"WebPage","@id":"https:\/\/salutologie.org\/ausbildungen\/","url":"https:\/\/salutologie.org\/ausbildungen\/","name":"Ausbildungen - Akademie f\u00fcr Salutologie\u00ae","isPartOf":{"@id":"https:\/\/salutologie.org\/#website"},"datePublished":"2016-06-24T10:09:10+00:00","dateModified":"2026-05-08T11:25:52+00:00","description":"Lehrgang f\u00fcr Salutologie\u00ae - \"Gesundheitsentwicklung\" f\u00fcr Salutogenese und Pr\u00e4vention und F.X. Mayr Medizin.","breadcrumb":{"@id":"https:\/\/salutologie.org\/ausbildungen\/#breadcrumb"},"inLanguage":"en-GB","potentialAction":[{"@type":"ReadAction","target":["https:\/\/salutologie.org\/ausbildungen\/"]}]},{"@type":"BreadcrumbList","@id":"https:\/\/salutologie.org\/ausbildungen\/#breadcrumb","itemListElement":[{"@type":"ListItem","position":1,"name":"Startseite","item":"https:\/\/salutologie.org\/"},{"@type":"ListItem","position":2,"name":"Ausbildungen"}]},{"@type":"WebSite","@id":"https:\/\/salutologie.org\/#website","url":"https:\/\/salutologie.org\/","name":"Akademie f\u00fcr Salutologie\u00ae","description":"Akademie f\u00fcr Salutologie\u00ae","potentialAction":[{"@type":"SearchAction","target":{"@type":"EntryPoint","urlTemplate":"https:\/\/salutologie.org\/?s={search_term_string}"},"query-input":"required name=search_term_string"}],"inLanguage":"en-GB"}]}},"_links":{"self":[{"href":"https:\/\/salutologie.org\/en\/wp-json\/wp\/v2\/pages\/357"}],"collection":[{"href":"https:\/\/salutologie.org\/en\/wp-json\/wp\/v2\/pages"}],"about":[{"href":"https:\/\/salutologie.org\/en\/wp-json\/wp\/v2\/types\/page"}],"author":[{"embeddable":true,"href":"https:\/\/salutologie.org\/en\/wp-json\/wp\/v2\/users\/1"}],"replies":[{"embeddable":true,"href":"https:\/\/salutologie.org\/en\/wp-json\/wp\/v2\/comments?post=357"}],"version-history":[{"count":107,"href":"https:\/\/salutologie.org\/en\/wp-json\/wp\/v2\/pages\/357\/revisions"}],"predecessor-version":[{"id":5835,"href":"https:\/\/salutologie.org\/en\/wp-json\/wp\/v2\/pages\/357\/revisions\/5835"}],"wp:attachment":[{"href":"https:\/\/salutologie.org\/en\/wp-json\/wp\/v2\/media?parent=357"}],"curies":[{"name":"wp","href":"https:\/\/api.w.org\/{rel}","templated":true}]}}