{"id":4254,"date":"2021-09-20T15:42:22","date_gmt":"2021-09-20T13:42:22","guid":{"rendered":"https:\/\/chronoinstitut.org\/?page_id=4254"},"modified":"2026-05-11T17:15:25","modified_gmt":"2026-05-11T15:15:25","slug":"akademie","status":"publish","type":"page","link":"https:\/\/salutologie.org\/en\/akademie\/","title":{"rendered":"Akademie"},"content":{"rendered":"<section class=\"wpb-content-wrapper\"><div class=\"block-area stripe wpb_row default with-border vc_row-fluid\"><div class=\"container clearfix\">\n\t<div class=\"vc_col-sm-6 wpb_column column_container\" style=\"\">\n\t\t<div class=\"wpb_wrapper\">\n\t\t\t\n\t<div class=\"wpb_text_column wpb_content_element\">\n\t\t<div class=\"wpb_wrapper\">\n\t\t\t<h1>Akademie f\u00fcr Salutologie\u00ae<\/h1>\n<p>&nbsp;<\/p>\n<p>Die Akademie f\u00fcr Salutologie ist eine Bildungseinrichtung, die sich auf die F\u00f6rderung von Gesundheit und Wohlbefinden spezialisiert hat. Unsere interdisziplin\u00e4ren Fachbereiche umfassen Salutologie, Nutriologie, System-Biologie und innovative Gesundheitstechnologien. Wir sind bestrebt, hochqualifizierte Fachkr\u00e4fte auszubilden und innovative L\u00f6sungen zur Verbesserung der Gesundheitsversorgung zu entwickeln.<\/p>\n<p>Unsere Zielgruppe sind Studierende, Forscher und Fachleute im Gesundheitswesen, die nach einem umfassenden Verst\u00e4ndnis von Gesundheit suchen und innovative Ans\u00e4tze zur F\u00f6rderung des Wohlbefindens entwickeln m\u00f6chten. Unsere Universit\u00e4t befindet sich in einer inspirierenden Umgebung, die das Lernen und die Forschung unterst\u00fctzt.<\/p>\n\n\t\t<\/div> \n\t<\/div> \n\t\t<\/div> \n\t<\/div> \n\n\t<div class=\"vc_col-sm-6 wpb_column column_container\" style=\"\">\n\t\t<div class=\"wpb_wrapper\">\n\t\t\t\n\t<div class=\"wpb_single_image_wrapper center\"><div class=\"wpb_single_image wpb_content_element\">\n\t\t<div class=\"wpb_wrapper\">\n\t\t\t\n\t\t\t<div class=\"single_image_wrapper box-item\"><img width=\"300\" height=\"300\" src=\"https:\/\/salutologie.org\/wp-content\/uploads\/2023\/01\/1-300x300.png\" class=\"attachment-medium\" alt=\"\" decoding=\"async\" loading=\"lazy\" srcset=\"https:\/\/salutologie.org\/wp-content\/uploads\/2023\/01\/1-300x300.png 300w, https:\/\/salutologie.org\/wp-content\/uploads\/2023\/01\/1-150x150.png 150w, https:\/\/salutologie.org\/wp-content\/uploads\/2023\/01\/1.png 500w\" sizes=\"(max-width: 300px) 100vw, 300px\" \/><\/div>\n\t\t<\/div> \n\t<\/div><\/div> \n\t\t<\/div> \n\t<\/div> \n<\/div><\/div><div class=\"block-area stripe wpb_row default vc_row-fluid\"><div class=\"container clearfix\">\n\t<div class=\"vc_col-sm-6 wpb_column column_container\" style=\"\">\n\t\t<div class=\"wpb_wrapper\">\n\t\t\t\n\t<div class=\"wpb_single_image_wrapper center\"><div class=\"wpb_single_image wpb_content_element\">\n\t\t<div class=\"wpb_wrapper\">\n\t\t\t\n\t\t\t<div class=\"single_image_wrapper box-item\"><img width=\"300\" height=\"300\" src=\"https:\/\/salutologie.org\/wp-content\/uploads\/2020\/01\/7-300x300.png\" class=\"attachment-medium\" alt=\"\" decoding=\"async\" loading=\"lazy\" srcset=\"https:\/\/salutologie.org\/wp-content\/uploads\/2020\/01\/7-300x300.png 300w, https:\/\/salutologie.org\/wp-content\/uploads\/2020\/01\/7-150x150.png 150w, https:\/\/salutologie.org\/wp-content\/uploads\/2020\/01\/7.png 500w\" sizes=\"(max-width: 300px) 100vw, 300px\" \/><\/div>\n\t\t<\/div> \n\t<\/div><\/div> \n\t\t<\/div> \n\t<\/div> \n\n\t<div class=\"vc_col-sm-6 wpb_column column_container\" style=\"\">\n\t\t<div class=\"wpb_wrapper\">\n\t\t\t\n\t<div class=\"wpb_text_column wpb_content_element\">\n\t\t<div class=\"wpb_wrapper\">\n\t\t\t<h1>Neue Zertifikatslehrg\u00e4nge<\/h1>\n<p>Wir bieten drei neue Zertifikatslehrg\u00e4nge in Salutologie<sup>\u00ae<\/sup> an: <strong>Arbeits- und WirtschaftsSalutologie, ChronoSalutologie und UmweltSalutologie.<\/strong><\/p>\n\n\t\t<\/div> \n\t<\/div> <div class=\"vc_btn3-container vc_btn3-inline\" ><a class=\"vc_general vc_btn3 vc_btn3-size-md vc_btn3-shape-rounded vc_btn3-style-modern vc_btn3-color-grey\" href=\"https:\/\/lms.salutologie.org\/\" title=\"\">E-Learning Login<\/a><\/div>\n\t\t<\/div> \n\t<\/div> \n<\/div><\/div><div class=\"block-area stripe wpb_row default vc_row-fluid\"><div class=\"container clearfix\">\n\t<div class=\"vc_col-sm-6 wpb_column column_container\" style=\"\">\n\t\t<div class=\"wpb_wrapper\">\n\t\t\t\n\t<div class=\"wpb_text_column wpb_content_element\">\n\t\t<div class=\"wpb_wrapper\">\n\t\t\t<p><a href=\"\/en\/team-member\/peter-hauschild\/\"><strong>Dr. Peter Hauschild<\/strong><\/a><\/p>\n<p>Akademieleiter Akademie f\u00fcr Salutologie\u00ae<\/p>\n\n\t\t<\/div> \n\t<\/div> \n\t\t<\/div> \n\t<\/div> \n\n\t<div class=\"vc_col-sm-6 wpb_column column_container\" style=\"\">\n\t\t<div class=\"wpb_wrapper\">\n\t\t\t\n\t<div class=\"wpb_single_image_wrapper center\"><div class=\"wpb_single_image wpb_content_element\">\n\t\t<div class=\"wpb_wrapper\">\n\t\t\t\n\t\t\t<div class=\"single_image_wrapper box-item\"><img width=\"300\" height=\"300\" src=\"https:\/\/salutologie.org\/wp-content\/uploads\/2020\/01\/Peter-Hauschild-copy-300x300.jpeg\" class=\"attachment-medium\" alt=\"\" decoding=\"async\" loading=\"lazy\" srcset=\"https:\/\/salutologie.org\/wp-content\/uploads\/2020\/01\/Peter-Hauschild-copy-300x300.jpeg 300w, https:\/\/salutologie.org\/wp-content\/uploads\/2020\/01\/Peter-Hauschild-copy-150x150.jpeg 150w, https:\/\/salutologie.org\/wp-content\/uploads\/2020\/01\/Peter-Hauschild-copy-500x500.jpeg 500w, https:\/\/salutologie.org\/wp-content\/uploads\/2020\/01\/Peter-Hauschild-copy.jpeg 617w\" sizes=\"(max-width: 300px) 100vw, 300px\" \/><\/div>\n\t\t<\/div> \n\t<\/div><\/div> \n\t\t<\/div> \n\t<\/div> \n<\/div><\/div><div class=\"block-area stripe wpb_row default vc_row-fluid\"><div class=\"container clearfix\">\n\t<div class=\"vc_col-sm-6 wpb_column column_container\" style=\"\">\n\t\t<div class=\"wpb_wrapper\">\n\t\t\t\n\t<div class=\"wpb_single_image_wrapper center\"><div class=\"wpb_single_image wpb_content_element\">\n\t\t<div class=\"wpb_wrapper\">\n\t\t\t\n\t\t\t<div class=\"single_image_wrapper box-item\"><img width=\"300\" height=\"300\" src=\"https:\/\/salutologie.org\/wp-content\/uploads\/2020\/02\/Alexander-Haslberger1-300x300.jpg\" class=\"attachment-medium\" alt=\"\" decoding=\"async\" loading=\"lazy\" srcset=\"https:\/\/salutologie.org\/wp-content\/uploads\/2020\/02\/Alexander-Haslberger1-300x300.jpg 300w, https:\/\/salutologie.org\/wp-content\/uploads\/2020\/02\/Alexander-Haslberger1-150x150.jpg 150w, https:\/\/salutologie.org\/wp-content\/uploads\/2020\/02\/Alexander-Haslberger1.jpg 339w\" sizes=\"(max-width: 300px) 100vw, 300px\" \/><\/div>\n\t\t<\/div> \n\t<\/div><\/div> \n\t\t<\/div> \n\t<\/div> \n\n\t<div class=\"vc_col-sm-6 wpb_column column_container\" style=\"\">\n\t\t<div class=\"wpb_wrapper\">\n\t\t\t\n\t<div class=\"wpb_text_column wpb_content_element\">\n\t\t<div class=\"wpb_wrapper\">\n\t\t\t<p><a href=\"\/en\/team-member\/alexander-haslberger\/\"><strong>Doz. Dr. Alexander Haslberger<\/strong><\/a><\/p>\n<p>Fachbereich Nutriologie<\/p>\n\n\t\t<\/div> \n\t<\/div> \n\t\t<\/div> \n\t<\/div> \n<\/div><\/div>\n<\/section>","protected":false},"excerpt":{"rendered":"Akademie f\u00fcr Salutologie\u00ae &nbsp; Die Akademie f\u00fcr Salutologie ist eine Bildungseinrichtung, die sich auf die F\u00f6rderung von Gesundheit und Wohlbefinden...","protected":false},"author":1,"featured_media":0,"parent":0,"menu_order":0,"comment_status":"closed","ping_status":"closed","template":"","meta":{"footnotes":""},"yoast_head":"<!-- This site is optimized with the Yoast SEO plugin v22.6 - https:\/\/yoast.com\/wordpress\/plugins\/seo\/ -->\n<title>Akademie - Akademie f\u00fcr Salutologie\u00ae<\/title>\n<meta name=\"robots\" content=\"index, follow, max-snippet:-1, max-image-preview:large, max-video-preview:-1\" \/>\n<link rel=\"canonical\" href=\"https:\/\/salutologie.org\/en\/akademie\/\" \/>\n<meta property=\"og:locale\" content=\"en_GB\" \/>\n<meta property=\"og:type\" content=\"article\" \/>\n<meta property=\"og:title\" content=\"Akademie - Akademie f\u00fcr Salutologie\u00ae\" \/>\n<meta property=\"og:url\" content=\"https:\/\/salutologie.org\/en\/akademie\/\" \/>\n<meta property=\"og:site_name\" content=\"Akademie f\u00fcr Salutologie\u00ae\" \/>\n<meta property=\"article:modified_time\" content=\"2026-05-11T15:15:25+00:00\" \/>\n<meta name=\"twitter:card\" content=\"summary_large_image\" \/>\n<meta name=\"twitter:label1\" content=\"Estimated reading time\" \/>\n\t<meta name=\"twitter:data1\" content=\"2 minutes\" \/>\n<script type=\"application\/ld+json\" class=\"yoast-schema-graph\">{\"@context\":\"https:\/\/schema.org\",\"@graph\":[{\"@type\":\"WebPage\",\"@id\":\"https:\/\/salutologie.org\/akademie\/\",\"url\":\"https:\/\/salutologie.org\/akademie\/\",\"name\":\"Akademie - Akademie f\u00fcr Salutologie\u00ae\",\"isPartOf\":{\"@id\":\"https:\/\/salutologie.org\/#website\"},\"datePublished\":\"2021-09-20T13:42:22+00:00\",\"dateModified\":\"2026-05-11T15:15:25+00:00\",\"breadcrumb\":{\"@id\":\"https:\/\/salutologie.org\/akademie\/#breadcrumb\"},\"inLanguage\":\"en-GB\",\"potentialAction\":[{\"@type\":\"ReadAction\",\"target\":[\"https:\/\/salutologie.org\/akademie\/\"]}]},{\"@type\":\"BreadcrumbList\",\"@id\":\"https:\/\/salutologie.org\/akademie\/#breadcrumb\",\"itemListElement\":[{\"@type\":\"ListItem\",\"position\":1,\"name\":\"Startseite\",\"item\":\"https:\/\/salutologie.org\/\"},{\"@type\":\"ListItem\",\"position\":2,\"name\":\"Akademie\"}]},{\"@type\":\"WebSite\",\"@id\":\"https:\/\/salutologie.org\/#website\",\"url\":\"https:\/\/salutologie.org\/\",\"name\":\"Akademie f\u00fcr Salutologie\u00ae\",\"description\":\"Akademie f\u00fcr Salutologie\u00ae\",\"potentialAction\":[{\"@type\":\"SearchAction\",\"target\":{\"@type\":\"EntryPoint\",\"urlTemplate\":\"https:\/\/salutologie.org\/?s={search_term_string}\"},\"query-input\":\"required name=search_term_string\"}],\"inLanguage\":\"en-GB\"}]}<\/script>\n<!-- \/ Yoast SEO plugin. -->","yoast_head_json":{"title":"Akademie - Akademie f\u00fcr Salutologie\u00ae","robots":{"index":"index","follow":"follow","max-snippet":"max-snippet:-1","max-image-preview":"max-image-preview:large","max-video-preview":"max-video-preview:-1"},"canonical":"https:\/\/salutologie.org\/en\/akademie\/","og_locale":"en_GB","og_type":"article","og_title":"Akademie - Akademie f\u00fcr Salutologie\u00ae","og_url":"https:\/\/salutologie.org\/en\/akademie\/","og_site_name":"Akademie f\u00fcr Salutologie\u00ae","article_modified_time":"2026-05-11T15:15:25+00:00","twitter_card":"summary_large_image","twitter_misc":{"Estimated reading time":"2 minutes"},"schema":{"@context":"https:\/\/schema.org","@graph":[{"@type":"WebPage","@id":"https:\/\/salutologie.org\/akademie\/","url":"https:\/\/salutologie.org\/akademie\/","name":"Akademie - Akademie f\u00fcr Salutologie\u00ae","isPartOf":{"@id":"https:\/\/salutologie.org\/#website"},"datePublished":"2021-09-20T13:42:22+00:00","dateModified":"2026-05-11T15:15:25+00:00","breadcrumb":{"@id":"https:\/\/salutologie.org\/akademie\/#breadcrumb"},"inLanguage":"en-GB","potentialAction":[{"@type":"ReadAction","target":["https:\/\/salutologie.org\/akademie\/"]}]},{"@type":"BreadcrumbList","@id":"https:\/\/salutologie.org\/akademie\/#breadcrumb","itemListElement":[{"@type":"ListItem","position":1,"name":"Startseite","item":"https:\/\/salutologie.org\/"},{"@type":"ListItem","position":2,"name":"Akademie"}]},{"@type":"WebSite","@id":"https:\/\/salutologie.org\/#website","url":"https:\/\/salutologie.org\/","name":"Akademie f\u00fcr Salutologie\u00ae","description":"Akademie f\u00fcr Salutologie\u00ae","potentialAction":[{"@type":"SearchAction","target":{"@type":"EntryPoint","urlTemplate":"https:\/\/salutologie.org\/?s={search_term_string}"},"query-input":"required name=search_term_string"}],"inLanguage":"en-GB"}]}},"_links":{"self":[{"href":"https:\/\/salutologie.org\/en\/wp-json\/wp\/v2\/pages\/4254"}],"collection":[{"href":"https:\/\/salutologie.org\/en\/wp-json\/wp\/v2\/pages"}],"about":[{"href":"https:\/\/salutologie.org\/en\/wp-json\/wp\/v2\/types\/page"}],"author":[{"embeddable":true,"href":"https:\/\/salutologie.org\/en\/wp-json\/wp\/v2\/users\/1"}],"replies":[{"embeddable":true,"href":"https:\/\/salutologie.org\/en\/wp-json\/wp\/v2\/comments?post=4254"}],"version-history":[{"count":14,"href":"https:\/\/salutologie.org\/en\/wp-json\/wp\/v2\/pages\/4254\/revisions"}],"predecessor-version":[{"id":5841,"href":"https:\/\/salutologie.org\/en\/wp-json\/wp\/v2\/pages\/4254\/revisions\/5841"}],"wp:attachment":[{"href":"https:\/\/salutologie.org\/en\/wp-json\/wp\/v2\/media?parent=4254"}],"curies":[{"name":"wp","href":"https:\/\/api.w.org\/{rel}","templated":true}]}}