{"id":4763,"date":"2022-09-27T17:49:54","date_gmt":"2022-09-27T15:49:54","guid":{"rendered":"https:\/\/salutologie.org\/?page_id=4763"},"modified":"2025-08-06T20:37:20","modified_gmt":"2025-08-06T18:37:20","slug":"guetesiegel","status":"publish","type":"page","link":"https:\/\/salutologie.org\/en\/guetesiegel\/","title":{"rendered":"G\u00fctesiegel"},"content":{"rendered":"<section class=\"wpb-content-wrapper\"><div class=\"block-area stripe wpb_row default with-border vc_row-fluid\"><div class=\"container clearfix\">\n\t<div class=\"vc_col-sm-6 wpb_column column_container\" style=\"\">\n\t\t<div class=\"wpb_wrapper\">\n\t\t\t\n\t<div class=\"wpb_text_column wpb_content_element\">\n\t\t<div class=\"wpb_wrapper\">\n\t\t\t<h1>Was ist das UmweltSalutologie\u00ae-Siegel?<\/h1>\n<p>&nbsp;<\/p>\n<p>F\u00fcr den Nutzer und Konsumenten von Produkten ist es sehr aufw\u00e4ndig die biologische bzw. \u00f6kologische Eignung von R\u00e4umen, Produkten und technischen Anwendungen zu erfahren und zu \u00fcberpr\u00fcfen. Das Institut f\u00fcr Salutologie hat einen Zertifizierungsprozess zur \u00dcberpr\u00fcfung der umweltsalutologischen Eignung entwickelt. Um die Gesundheitseignung von Geb\u00e4uden, Innenr\u00e4umen, Produkte und technische Anwendungen festzustellen, werden diese vom Institut f\u00fcr Salutologie analysiert, anhand von international anerkannten Normwerten evaluiert und wenn die umweltsalutologische Eignung gew\u00e4hrleistet ist, wird das \u201eG\u00fctesiegel f\u00fcr UmweltSalutologie\u201c vergeben.<\/p>\n<p>Das neue G\u00fctesiegel des Instituts f\u00fcr Salutologie\u00ae und die damit einhergehende Zertifizierung von Produkten nach salutogenen Kriterien, soll Herstellern und Kunden die Sicherheit geben, dass diese Produkte die Gesundheit so wenig wie m\u00f6glich beeintr\u00e4chtigen, sie im Gegenteil eher st\u00e4rken k\u00f6nnen. Im Vordergrund steht die Verhinderung oder ma\u00dfgebliche Reduktion von elektromagnetischen Feldern, ein m\u00f6glichst geringer Schadstoffaussto\u00df von Bau- und Inneneinrichtungsmaterialien, ein starker Anteil an Naturrohstoffen sowie andere Parameter, beispielsweise Schalld\u00e4mmung, antibakterielle und antiallerge Eigenschaften.<\/p>\n\n\t\t<\/div> \n\t<\/div> \n\t\t<\/div> \n\t<\/div> \n\n\t<div class=\"vc_col-sm-6 wpb_column column_container\" style=\"\">\n\t\t<div class=\"wpb_wrapper\">\n\t\t\t\n\t<div class=\"wpb_single_image_wrapper center\"><div class=\"wpb_single_image wpb_content_element\">\n\t\t<div class=\"wpb_wrapper\">\n\t\t\t\n\t\t\t<div class=\"single_image_wrapper box-item\"><img width=\"500\" height=\"500\" src=\"https:\/\/salutologie.org\/wp-content\/uploads\/2022\/09\/UmweltSalutologie-Gu\u0308tesiegel-2.png\" class=\"attachment-full\" alt=\"\" decoding=\"async\" loading=\"lazy\" srcset=\"https:\/\/salutologie.org\/wp-content\/uploads\/2022\/09\/UmweltSalutologie-Gu\u0308tesiegel-2.png 500w, https:\/\/salutologie.org\/wp-content\/uploads\/2022\/09\/UmweltSalutologie-Gu\u0308tesiegel-2-300x300.png 300w, https:\/\/salutologie.org\/wp-content\/uploads\/2022\/09\/UmweltSalutologie-Gu\u0308tesiegel-2-150x150.png 150w\" sizes=\"(max-width: 500px) 100vw, 500px\" \/><\/div>\n\t\t<\/div> \n\t<\/div><\/div> \n\t\t<\/div> \n\t<\/div> \n<\/div><\/div><div class=\"block-area stripe wpb_row default with-border vc_row-fluid\"><div class=\"container clearfix\">\n\t<div class=\"vc_col-sm-6 wpb_column column_container\" style=\"\">\n\t\t<div class=\"wpb_wrapper\">\n\t\t\t\n\t\t<\/div> \n\t<\/div> \n\n\t<div class=\"vc_col-sm-6 wpb_column column_container\" style=\"\">\n\t\t<div class=\"wpb_wrapper\">\n\t\t\t\n\t<div class=\"wpb_text_column wpb_content_element\">\n\t\t<div class=\"wpb_wrapper\">\n\t\t\t<h1>Was ist UmweltSalutologie\u00ae?<\/h1>\n<p>&nbsp;<\/p>\n<p>Salutologie ist die Lehre von der Gesundheit. UmweltSalutologie befasst sich mit allen Einwirkungen und Belastungen der Umwelt auf den Menschen und auf dessen Gesundheit und Leistungsf\u00e4higkeit. Im Lebensumfeld des Menschen \u2013 in der privaten Wohnung, dem Haus, aber auch am Arbeitsplatz oder bei Freizeitaufenthalten \u2013 gehen aus der Umwelt st\u00e4ndig Belastungen f\u00fcr die Gesundheit aus. Die WHO hat den Anteil des Sick Building Syndrom (Innenr\u00e4ume von Geb\u00e4uden, die die Gesundheit des Menschen beeintr\u00e4chtigen) auf etwa 30% eingesch\u00e4tzt. Aus diesem Grund hat sich die UmweltSalutologie zum Ziel gesetzt, diese Umwelteinfl\u00fcsse auf den Menschen 1.zu analysieren, 2. mit idealen Normwerten zu evaluieren und 3. Interventionen zur Verbesserung und Optimierung anzubieten.<\/p>\n\n\t\t<\/div> \n\t<\/div> \n\t\t<\/div> \n\t<\/div> \n<\/div><\/div><div class=\"block-area stripe wpb_row default vc_row-fluid\"><div class=\"container clearfix\">\n\t<div class=\"vc_col-sm-6 wpb_column column_container\" style=\"\">\n\t\t<div class=\"wpb_wrapper\">\n\t\t\t\n\t<div class=\"wpb_text_column wpb_content_element\">\n\t\t<div class=\"wpb_wrapper\">\n\t\t\t<h1 style=\"text-align: left;\">Was ist der Salutologie\u00ae-Index?<\/h1>\n<p>&nbsp;<\/p>\n<p>Im Gegensatz zu Messsystemen f\u00fcr Krankheit, sind Messsysteme f\u00fcr Gesundheit Fr\u00fchwarnsysteme, die pr\u00e4ventiv eingesetzt werden, um Ver\u00e4nderungen des Gesundheitsstatus festzustellen. Damit kann fr\u00fchzeitig auf Ver\u00e4nderungen reagiert werden, noch bevor Symptome und Krankheiten entstehen. Durch kontinuierliches Monitoring werden Ver\u00e4nderungen des Gesundheitsstatus fr\u00fchzeitig festgestellt, rechtzeitig Interventionen gesetzt und Krankheiten langfristig vermieden. Das System der Salutologie geht davon aus, dass f\u00fcr jeden Gesundheits- oder Umweltparameter, der gemessen und erhoben wird, ein IDEALWERT definiert wird. Der Grad der Gesundheit wird als Abweichung der IST-Werte von den IDEAL-Werten dargestellt. Das ist der Salutologie\u00ae Index.<\/p>\n\n\t\t<\/div> \n\t<\/div> \n\t\t<\/div> \n\t<\/div> \n\n\t<div class=\"vc_col-sm-6 wpb_column column_container\" style=\"\">\n\t\t<div class=\"wpb_wrapper\">\n\t\t\t\n\t\t<\/div> \n\t<\/div> \n<\/div><\/div>\n<\/section>","protected":false},"excerpt":{"rendered":"Was ist das UmweltSalutologie\u00ae-Siegel? &nbsp; F\u00fcr den Nutzer und Konsumenten von Produkten ist es sehr aufw\u00e4ndig die biologische bzw. \u00f6kologische...","protected":false},"author":1,"featured_media":0,"parent":0,"menu_order":0,"comment_status":"closed","ping_status":"closed","template":"","meta":{"footnotes":""},"yoast_head":"<!-- This site is optimized with the Yoast SEO plugin v22.6 - https:\/\/yoast.com\/wordpress\/plugins\/seo\/ -->\n<title>G\u00fctesiegel - Akademie f\u00fcr Salutologie\u00ae<\/title>\n<meta name=\"robots\" content=\"index, follow, max-snippet:-1, max-image-preview:large, max-video-preview:-1\" \/>\n<link rel=\"canonical\" href=\"https:\/\/salutologie.org\/en\/guetesiegel\/\" \/>\n<meta property=\"og:locale\" content=\"en_GB\" \/>\n<meta property=\"og:type\" content=\"article\" \/>\n<meta property=\"og:title\" content=\"G\u00fctesiegel - Akademie f\u00fcr Salutologie\u00ae\" \/>\n<meta property=\"og:url\" content=\"https:\/\/salutologie.org\/en\/guetesiegel\/\" \/>\n<meta property=\"og:site_name\" content=\"Akademie f\u00fcr Salutologie\u00ae\" \/>\n<meta property=\"article:modified_time\" content=\"2025-08-06T18:37:20+00:00\" \/>\n<meta name=\"twitter:card\" content=\"summary_large_image\" \/>\n<meta name=\"twitter:label1\" content=\"Estimated reading time\" \/>\n\t<meta name=\"twitter:data1\" content=\"4 minutes\" \/>\n<script type=\"application\/ld+json\" class=\"yoast-schema-graph\">{\"@context\":\"https:\/\/schema.org\",\"@graph\":[{\"@type\":\"WebPage\",\"@id\":\"https:\/\/salutologie.org\/guetesiegel\/\",\"url\":\"https:\/\/salutologie.org\/guetesiegel\/\",\"name\":\"G\u00fctesiegel - Akademie f\u00fcr Salutologie\u00ae\",\"isPartOf\":{\"@id\":\"https:\/\/salutologie.org\/#website\"},\"datePublished\":\"2022-09-27T15:49:54+00:00\",\"dateModified\":\"2025-08-06T18:37:20+00:00\",\"breadcrumb\":{\"@id\":\"https:\/\/salutologie.org\/guetesiegel\/#breadcrumb\"},\"inLanguage\":\"en-GB\",\"potentialAction\":[{\"@type\":\"ReadAction\",\"target\":[\"https:\/\/salutologie.org\/guetesiegel\/\"]}]},{\"@type\":\"BreadcrumbList\",\"@id\":\"https:\/\/salutologie.org\/guetesiegel\/#breadcrumb\",\"itemListElement\":[{\"@type\":\"ListItem\",\"position\":1,\"name\":\"Startseite\",\"item\":\"https:\/\/salutologie.org\/\"},{\"@type\":\"ListItem\",\"position\":2,\"name\":\"G\u00fctesiegel\"}]},{\"@type\":\"WebSite\",\"@id\":\"https:\/\/salutologie.org\/#website\",\"url\":\"https:\/\/salutologie.org\/\",\"name\":\"Akademie f\u00fcr Salutologie\u00ae\",\"description\":\"Akademie f\u00fcr Salutologie\u00ae\",\"potentialAction\":[{\"@type\":\"SearchAction\",\"target\":{\"@type\":\"EntryPoint\",\"urlTemplate\":\"https:\/\/salutologie.org\/?s={search_term_string}\"},\"query-input\":\"required name=search_term_string\"}],\"inLanguage\":\"en-GB\"}]}<\/script>\n<!-- \/ Yoast SEO plugin. -->","yoast_head_json":{"title":"G\u00fctesiegel - Akademie f\u00fcr Salutologie\u00ae","robots":{"index":"index","follow":"follow","max-snippet":"max-snippet:-1","max-image-preview":"max-image-preview:large","max-video-preview":"max-video-preview:-1"},"canonical":"https:\/\/salutologie.org\/en\/guetesiegel\/","og_locale":"en_GB","og_type":"article","og_title":"G\u00fctesiegel - Akademie f\u00fcr Salutologie\u00ae","og_url":"https:\/\/salutologie.org\/en\/guetesiegel\/","og_site_name":"Akademie f\u00fcr Salutologie\u00ae","article_modified_time":"2025-08-06T18:37:20+00:00","twitter_card":"summary_large_image","twitter_misc":{"Estimated reading time":"4 minutes"},"schema":{"@context":"https:\/\/schema.org","@graph":[{"@type":"WebPage","@id":"https:\/\/salutologie.org\/guetesiegel\/","url":"https:\/\/salutologie.org\/guetesiegel\/","name":"G\u00fctesiegel - Akademie f\u00fcr Salutologie\u00ae","isPartOf":{"@id":"https:\/\/salutologie.org\/#website"},"datePublished":"2022-09-27T15:49:54+00:00","dateModified":"2025-08-06T18:37:20+00:00","breadcrumb":{"@id":"https:\/\/salutologie.org\/guetesiegel\/#breadcrumb"},"inLanguage":"en-GB","potentialAction":[{"@type":"ReadAction","target":["https:\/\/salutologie.org\/guetesiegel\/"]}]},{"@type":"BreadcrumbList","@id":"https:\/\/salutologie.org\/guetesiegel\/#breadcrumb","itemListElement":[{"@type":"ListItem","position":1,"name":"Startseite","item":"https:\/\/salutologie.org\/"},{"@type":"ListItem","position":2,"name":"G\u00fctesiegel"}]},{"@type":"WebSite","@id":"https:\/\/salutologie.org\/#website","url":"https:\/\/salutologie.org\/","name":"Akademie f\u00fcr Salutologie\u00ae","description":"Akademie f\u00fcr Salutologie\u00ae","potentialAction":[{"@type":"SearchAction","target":{"@type":"EntryPoint","urlTemplate":"https:\/\/salutologie.org\/?s={search_term_string}"},"query-input":"required name=search_term_string"}],"inLanguage":"en-GB"}]}},"_links":{"self":[{"href":"https:\/\/salutologie.org\/en\/wp-json\/wp\/v2\/pages\/4763"}],"collection":[{"href":"https:\/\/salutologie.org\/en\/wp-json\/wp\/v2\/pages"}],"about":[{"href":"https:\/\/salutologie.org\/en\/wp-json\/wp\/v2\/types\/page"}],"author":[{"embeddable":true,"href":"https:\/\/salutologie.org\/en\/wp-json\/wp\/v2\/users\/1"}],"replies":[{"embeddable":true,"href":"https:\/\/salutologie.org\/en\/wp-json\/wp\/v2\/comments?post=4763"}],"version-history":[{"count":6,"href":"https:\/\/salutologie.org\/en\/wp-json\/wp\/v2\/pages\/4763\/revisions"}],"predecessor-version":[{"id":5360,"href":"https:\/\/salutologie.org\/en\/wp-json\/wp\/v2\/pages\/4763\/revisions\/5360"}],"wp:attachment":[{"href":"https:\/\/salutologie.org\/en\/wp-json\/wp\/v2\/media?parent=4763"}],"curies":[{"name":"wp","href":"https:\/\/api.w.org\/{rel}","templated":true}]}}